{"id":174,"date":"2019-03-28T12:16:21","date_gmt":"2019-03-28T15:16:21","guid":{"rendered":"https:\/\/2019.portoalegre.wordcamp.org\/?page_id=174"},"modified":"2019-04-03T16:10:52","modified_gmt":"2019-04-03T19:10:52","slug":"localizacao","status":"publish","type":"page","link":"https:\/\/portoalegre.wordcamp.org\/2019\/localizacao\/","title":{"rendered":"Localiza\u00e7\u00e3o"},"content":{"rendered":"\n<p>Rua Cel. Genu\u00edno, 130 &#8211; Centro<br>Porto Alegre &#8211; RS, 90010-350<br>Telefone: <a href=\"tel:(51) 3022-1044\">(51) 3022-1044<\/a><br>Site:&nbsp;<a href=\"https:\/\/www.senacrs.com.br\/unidades.asp?unidade=63\" target=\"_blank\" aria-label=\"confira (abre numa nova aba)\" rel=\"noreferrer noopener nofollow\">confira<\/a><\/p>\n\n\n\n<h2 class=\"wp-block-heading\">Mapa<\/h2>\n\n\n\n<div class=\"googlemaps\">\n\t\t\t\t<iframe loading=\"lazy\" width=\"756\" height=\"450\" frameborder=\"0\" scrolling=\"no\" marginheight=\"0\" marginwidth=\"0\"  src=\"https:\/\/www.google.com\/maps\/embed?pb=!1m18!1m12!1m3!1d3454.0566117283347!2d-51.228750084885064!3d-30.035233681885664!2m3!1f0!2f0!3f0!3m2!1i1024!2i768!4f13.1!3m3!1m2!1s0x95197906a9d397f5:0x514b4935e97fbf4d!2sFaculdade%20Senac%20Porto%20Alegre!5e0!3m2!1spt-BR!2sbr!4v1489635730445\"><\/iframe>\n\t\t\t<\/div>\n","protected":false},"excerpt":{"rendered":"<p>Rua Cel. Genu\u00edno, 130 &#8211; CentroPorto Alegre &#8211; RS, 90010-350Telefone: (51) 3022-1044Site:&nbsp;confira Mapa<\/p>\n","protected":false},"author":254350,"featured_media":0,"parent":0,"menu_order":0,"comment_status":"closed","ping_status":"closed","template":"","meta":{"jetpack_post_was_ever_published":false,"footnotes":""},"class_list":["post-174","page","type-page","status-publish","hentry"],"jetpack_sharing_enabled":true,"jetpack_shortlink":"https:\/\/wp.me\/PaMMH4-2O","jetpack_likes_enabled":true,"jetpack-related-posts":[{"id":208,"url":"https:\/\/portoalegre.wordcamp.org\/2019\/","url_meta":{"origin":174,"position":0},"title":"Bem-vindo ao WordCamp Porto Alegre!","author":"Rodrigo Donini","date":"abril 2, 2019","format":false,"excerpt":"O WordCamp Porto Alegre \u00e9 o evento oficial de WordPress na Capital dos Ga\u00fachos, em sua quinta edi\u00e7\u00e3o. Descansando \u00e0s margens do Lago Gua\u00edba, Porto Alegre \u00e9 o grande centro da fronteira Sul do Brasil, de forte cultura local, com costumes e linguajar distintos, destacada gastronomia, expressiva cena art\u00edstica e\u2026","rel":"","context":"Post similar","block_context":{"text":"Post similar","link":""},"img":{"alt_text":"","src":"https:\/\/i0.wp.com\/portoalegre.wordcamp.org\/2019\/files\/2019\/04\/WordCampPortoAlegre2019_icon.png?fit=480%2C480&resize=350%2C200#038;ssl=1","width":350,"height":200},"classes":[]},{"id":170,"url":"https:\/\/portoalegre.wordcamp.org\/2019\/guia-de-sobrevivencia\/","url_meta":{"origin":174,"position":1},"title":"Guia de sobreviv\u00eancia","author":"Gustavo Tagliassuchi","date":"mar\u00e7o 28, 2019","format":false,"excerpt":"Bem-vindo \u00e0 Porto Alegre! Porto Alegre \u00e9 um munic\u00edpio brasileiro e a capital do estado mais meridional do Brasil, o Rio Grande do Sul. Com uma \u00e1rea de mais de 490 mil km\u00b2, possui uma geografia diversificada, com morros, baixadas e um grande lago, o Gua\u00edba. Hist\u00f3ria e caracter\u00edsticas A\u2026","rel":"","context":"Post similar","block_context":{"text":"Post similar","link":""},"img":{"alt_text":"","src":"https:\/\/i0.wp.com\/portoalegre.wordcamp.org\/2019\/files\/2019\/04\/WordCampPortoAlegre2019_icon.png?fit=480%2C480&resize=350%2C200#038;ssl=1","width":350,"height":200},"classes":[]},{"id":394,"url":"https:\/\/portoalegre.wordcamp.org\/2019\/bienvenido-a-wordcamp-porto-alegre-2019\/","url_meta":{"origin":174,"position":2},"title":"Bienvenido a WordCamp Porto Alegre 2019!","author":"Marco Andrei Kichalowsky","date":"abril 7, 2019","format":false,"excerpt":"La conferencia oficial de WordPress, el sistema de administraci\u00f3n de contenido m\u00e1s popular en el mundo, anuncia su realizaci\u00f3n en la Capital Brasile\u00f1a de los Gauchos en el primer semestre El evento oficial de WordPress, donde se re\u00fane la comunidad de desarrolladores, dise\u00f1adores y usuarios de la plataforma para hablar\u2026","rel":"","context":"Post similar","block_context":{"text":"Post similar","link":""},"img":{"alt_text":"","src":"https:\/\/i0.wp.com\/portoalegre.wordcamp.org\/2019\/files\/2019\/04\/WordCampPortoAlegre2019_icon.png?fit=480%2C480&resize=350%2C200#038;ssl=1","width":350,"height":200},"classes":[]},{"id":19,"url":"https:\/\/portoalegre.wordcamp.org\/2019\/codigo-de-conduta\/","url_meta":{"origin":174,"position":3},"title":"C\u00f3digo de Conduta","author":"Gustavo Tagliassuchi","date":"mar\u00e7o 8, 2019","format":false,"excerpt":"1 - Objetivos O WordCamp Porto Alegre acredita que nossa comunidade deve ser totalmente aberta para todos. Desta forma, estamos comprometidos a oferecer um ambiente amig\u00e1vel, seguro e acolhedor para todos, n\u00e3o importando o sexo, orienta\u00e7\u00e3o sexual, defici\u00eancias f\u00edsicas, etnicidade, religi\u00e3o, sistema operacional preferido, linguagem de programa\u00e7\u00e3o ou editor de\u2026","rel":"","context":"Post similar","block_context":{"text":"Post similar","link":""},"img":{"alt_text":"","src":"https:\/\/i0.wp.com\/portoalegre.wordcamp.org\/2019\/files\/2019\/04\/WordCampPortoAlegre2019_icon.png?fit=480%2C480&resize=350%2C200#038;ssl=1","width":350,"height":200},"classes":[]},{"id":8,"url":"https:\/\/portoalegre.wordcamp.org\/2019\/palestrantes\/","url_meta":{"origin":174,"position":4},"title":"Palestrantes","author":"Gustavo Tagliassuchi","date":"mar\u00e7o 8, 2019","format":false,"excerpt":"Confira os palestrantes do WordCamp Porto Alegre 2019!","rel":"","context":"Post similar","block_context":{"text":"Post similar","link":""},"img":{"alt_text":"","src":"https:\/\/i0.wp.com\/portoalegre.wordcamp.org\/2019\/files\/2019\/04\/WordCampPortoAlegre2019_icon.png?fit=480%2C480&resize=350%2C200#038;ssl=1","width":350,"height":200},"classes":[]},{"id":168,"url":"https:\/\/portoalegre.wordcamp.org\/2019\/edicoes-anteriores\/","url_meta":{"origin":174,"position":5},"title":"Edi\u00e7\u00f5es anteriores","author":"Gustavo Tagliassuchi","date":"mar\u00e7o 28, 2019","format":false,"excerpt":"A cidade de Porto Alegre sedia o WordCamp desde 2013 O WordCamp Porto Alegre \u00e9 organizado por volunt\u00e1rios, dividido em palestras e oficinas. Toda a arrecada\u00e7\u00e3o do evento \u00e9 investido nele mesmo na forma de brindes, estrutura e alimenta\u00e7\u00e3o. Edi\u00e7\u00e3o 2018 Data: 05\/05\/2018N\u00famero de Palestras:\u00a012Total de Participantes: 148P\u00e1gina:\u00a02018.portoalegre.wordcamp.org Edi\u00e7\u00e3o 2017\u2026","rel":"","context":"Post similar","block_context":{"text":"Post similar","link":""},"img":{"alt_text":"","src":"https:\/\/i0.wp.com\/portoalegre.wordcamp.org\/2019\/files\/2019\/04\/WordCampPortoAlegre2019_icon.png?fit=480%2C480&resize=350%2C200#038;ssl=1","width":350,"height":200},"classes":[]}],"_links":{"self":[{"href":"https:\/\/portoalegre.wordcamp.org\/2019\/wp-json\/wp\/v2\/pages\/174","targetHints":{"allow":["GET"]}}],"collection":[{"href":"https:\/\/portoalegre.wordcamp.org\/2019\/wp-json\/wp\/v2\/pages"}],"about":[{"href":"https:\/\/portoalegre.wordcamp.org\/2019\/wp-json\/wp\/v2\/types\/page"}],"author":[{"embeddable":true,"href":"https:\/\/portoalegre.wordcamp.org\/2019\/wp-json\/wp\/v2\/users\/254350"}],"replies":[{"embeddable":true,"href":"https:\/\/portoalegre.wordcamp.org\/2019\/wp-json\/wp\/v2\/comments?post=174"}],"version-history":[{"count":4,"href":"https:\/\/portoalegre.wordcamp.org\/2019\/wp-json\/wp\/v2\/pages\/174\/revisions"}],"predecessor-version":[{"id":287,"href":"https:\/\/portoalegre.wordcamp.org\/2019\/wp-json\/wp\/v2\/pages\/174\/revisions\/287"}],"wp:attachment":[{"href":"https:\/\/portoalegre.wordcamp.org\/2019\/wp-json\/wp\/v2\/media?parent=174"}],"curies":[{"name":"wp","href":"https:\/\/api.w.org\/{rel}","templated":true}]}}