{"id":172,"date":"2019-03-28T12:15:59","date_gmt":"2019-03-28T15:15:59","guid":{"rendered":"https:\/\/2019.portoalegre.wordcamp.org\/?page_id=172"},"modified":"2019-06-15T18:26:59","modified_gmt":"2019-06-15T21:26:59","slug":"ingressos","status":"publish","type":"page","link":"https:\/\/portoalegre.wordcamp.org\/2019\/ingressos\/","title":{"rendered":"Ingressos"},"content":{"rendered":"\n<p>A partir dessa edi\u00e7\u00e3o, o pagamento do ingresso dever\u00e1 ser feito apenas pelo PayPal*. <\/p>\n\n\n\n<p>Ap\u00f3s a confirma\u00e7\u00e3o do pagamento, dever\u00e1s receber uma mensagem do pr\u00f3prio evento confirmando teu ingresso. <\/p>\n\n\n\n<p><strong>Leve documento oficial de identifica\u00e7\u00e3o (c\u00e9dula de identidade, carteira de motorista, passaporte, carteira profissional) no dia do evento para agilizar a sua entrada.<\/strong><\/p>\n\n\n\n<p>Caso n\u00e3o recebas a mensagem, por favor verifica tua pasta de spam (lixo eletr\u00f4nico) ou <a href=\"https:\/\/2019.portoalegre.wordcamp.org\/contato\/\">entra em contato conosco para confirmarmos tua presen\u00e7a<\/a>.<\/p>\n\n\n<a href=\"https:\/\/portoalegre.wordcamp.org\/2019\/ingressos\/\">Please view this page in a browser to purchase or manage tickets.<\/a>\n\n\n\n<p><strong>*Aten\u00e7\u00e3o: <\/strong><br><strong>N\u00e3o ser\u00e3o feitos reembolsos!<\/strong> <br><strong>O evento \u00e9 feito por pessoas f\u00edsicas, n\u00e3o emitimos nota fiscal.<\/strong><\/p>\n\n\n\n<p><\/p>\n\n\n\n<p><\/p>\n","protected":false},"excerpt":{"rendered":"<p>A partir dessa edi\u00e7\u00e3o, o pagamento do ingresso dever\u00e1 ser feito apenas pelo PayPal*. Ap\u00f3s a confirma\u00e7\u00e3o do pagamento, dever\u00e1s receber uma mensagem do pr\u00f3prio evento confirmando teu ingresso. Leve documento oficial de identifica\u00e7\u00e3o (c\u00e9dula de identidade, carteira de motorista, passaporte, carteira profissional) no dia do evento para agilizar a sua entrada. Caso n\u00e3o recebas &hellip; <\/p>\n<p class=\"link-more\"><a href=\"https:\/\/portoalegre.wordcamp.org\/2019\/ingressos\/\" class=\"more-link\">Continue lendo<span class=\"screen-reader-text\"> &#8220;Ingressos&#8221;<\/span><\/a><\/p>\n","protected":false},"author":254350,"featured_media":0,"parent":0,"menu_order":0,"comment_status":"closed","ping_status":"closed","template":"","meta":{"jetpack_post_was_ever_published":false,"footnotes":""},"class_list":["post-172","page","type-page","status-publish","hentry"],"jetpack_sharing_enabled":true,"jetpack_shortlink":"https:\/\/wp.me\/PaMMH4-2M","jetpack_likes_enabled":true,"jetpack-related-posts":[{"id":394,"url":"https:\/\/portoalegre.wordcamp.org\/2019\/bienvenido-a-wordcamp-porto-alegre-2019\/","url_meta":{"origin":172,"position":0},"title":"Bienvenido a WordCamp Porto Alegre 2019!","author":"Marco Andrei Kichalowsky","date":"abril 7, 2019","format":false,"excerpt":"La conferencia oficial de WordPress, el sistema de administraci\u00f3n de contenido m\u00e1s popular en el mundo, anuncia su realizaci\u00f3n en la Capital Brasile\u00f1a de los Gauchos en el primer semestre El evento oficial de WordPress, donde se re\u00fane la comunidad de desarrolladores, dise\u00f1adores y usuarios de la plataforma para hablar\u2026","rel":"","context":"Post similar","block_context":{"text":"Post similar","link":""},"img":{"alt_text":"","src":"https:\/\/i0.wp.com\/portoalegre.wordcamp.org\/2019\/files\/2019\/04\/WordCampPortoAlegre2019_icon.png?fit=480%2C480&resize=350%2C200#038;ssl=1","width":350,"height":200},"classes":[]},{"id":170,"url":"https:\/\/portoalegre.wordcamp.org\/2019\/guia-de-sobrevivencia\/","url_meta":{"origin":172,"position":1},"title":"Guia de sobreviv\u00eancia","author":"Gustavo Tagliassuchi","date":"mar\u00e7o 28, 2019","format":false,"excerpt":"Bem-vindo \u00e0 Porto Alegre! Porto Alegre \u00e9 um munic\u00edpio brasileiro e a capital do estado mais meridional do Brasil, o Rio Grande do Sul. Com uma \u00e1rea de mais de 490 mil km\u00b2, possui uma geografia diversificada, com morros, baixadas e um grande lago, o Gua\u00edba. Hist\u00f3ria e caracter\u00edsticas A\u2026","rel":"","context":"Post similar","block_context":{"text":"Post similar","link":""},"img":{"alt_text":"","src":"https:\/\/i0.wp.com\/portoalegre.wordcamp.org\/2019\/files\/2019\/04\/WordCampPortoAlegre2019_icon.png?fit=480%2C480&resize=350%2C200#038;ssl=1","width":350,"height":200},"classes":[]},{"id":19,"url":"https:\/\/portoalegre.wordcamp.org\/2019\/codigo-de-conduta\/","url_meta":{"origin":172,"position":2},"title":"C\u00f3digo de Conduta","author":"Gustavo Tagliassuchi","date":"mar\u00e7o 8, 2019","format":false,"excerpt":"1 - Objetivos O WordCamp Porto Alegre acredita que nossa comunidade deve ser totalmente aberta para todos. Desta forma, estamos comprometidos a oferecer um ambiente amig\u00e1vel, seguro e acolhedor para todos, n\u00e3o importando o sexo, orienta\u00e7\u00e3o sexual, defici\u00eancias f\u00edsicas, etnicidade, religi\u00e3o, sistema operacional preferido, linguagem de programa\u00e7\u00e3o ou editor de\u2026","rel":"","context":"Post similar","block_context":{"text":"Post similar","link":""},"img":{"alt_text":"","src":"https:\/\/i0.wp.com\/portoalegre.wordcamp.org\/2019\/files\/2019\/04\/WordCampPortoAlegre2019_icon.png?fit=480%2C480&resize=350%2C200#038;ssl=1","width":350,"height":200},"classes":[]},{"id":249,"url":"https:\/\/portoalegre.wordcamp.org\/2019\/voluntarios\/","url_meta":{"origin":172,"position":3},"title":"Volunt\u00e1rios","author":"Gustavo Tagliassuchi","date":"abril 2, 2019","format":false,"excerpt":"Volunt\u00e1rios s\u00e3o muito importantes para a realiza\u00e7\u00e3o dos WordCamps, pois ajudam a tornar\u00a0o evento\u00a0mais organizado e confort\u00e1vel para seus participantes e palestrantes. Estes s\u00e3o os\u00a0viventes que v\u00e3o dedicar seu tempo para fazer\u00a0essa linda e sensacional tert\u00falia de WordPress na Capital dos Ga\u00fachos. Se precisares de alguma coisa no dia do\u2026","rel":"","context":"Post similar","block_context":{"text":"Post similar","link":""},"img":{"alt_text":"","src":"https:\/\/i0.wp.com\/portoalegre.wordcamp.org\/2019\/files\/2019\/04\/WordCampPortoAlegre2019_icon.png?fit=480%2C480&resize=350%2C200#038;ssl=1","width":350,"height":200},"classes":[]},{"id":208,"url":"https:\/\/portoalegre.wordcamp.org\/2019\/","url_meta":{"origin":172,"position":4},"title":"Bem-vindo ao WordCamp Porto Alegre!","author":"Rodrigo Donini","date":"abril 2, 2019","format":false,"excerpt":"O WordCamp Porto Alegre \u00e9 o evento oficial de WordPress na Capital dos Ga\u00fachos, em sua quinta edi\u00e7\u00e3o. Descansando \u00e0s margens do Lago Gua\u00edba, Porto Alegre \u00e9 o grande centro da fronteira Sul do Brasil, de forte cultura local, com costumes e linguajar distintos, destacada gastronomia, expressiva cena art\u00edstica e\u2026","rel":"","context":"Post similar","block_context":{"text":"Post similar","link":""},"img":{"alt_text":"","src":"https:\/\/i0.wp.com\/portoalegre.wordcamp.org\/2019\/files\/2019\/04\/WordCampPortoAlegre2019_icon.png?fit=480%2C480&resize=350%2C200#038;ssl=1","width":350,"height":200},"classes":[]},{"id":176,"url":"https:\/\/portoalegre.wordcamp.org\/2019\/organizadores\/","url_meta":{"origin":172,"position":5},"title":"Organizadores","author":"Gustavo Tagliassuchi","date":"mar\u00e7o 28, 2019","format":false,"excerpt":"Estes s\u00e3o os viventes que est\u00e3o dedicando seu tempo para fazer essa linda e sensacional tert\u00falia de WordPress na Capital dos Ga\u00fachos. Se precisares de alguma coisa antes ou no dia do evento, n\u00e3o te mixa, \u00e9 s\u00f3 chamar! Conhe\u00e7a os organizadores","rel":"","context":"Post similar","block_context":{"text":"Post similar","link":""},"img":{"alt_text":"","src":"https:\/\/i0.wp.com\/portoalegre.wordcamp.org\/2019\/files\/2019\/04\/WordCampPortoAlegre2019_icon.png?fit=480%2C480&resize=350%2C200#038;ssl=1","width":350,"height":200},"classes":[]}],"_links":{"self":[{"href":"https:\/\/portoalegre.wordcamp.org\/2019\/wp-json\/wp\/v2\/pages\/172","targetHints":{"allow":["GET"]}}],"collection":[{"href":"https:\/\/portoalegre.wordcamp.org\/2019\/wp-json\/wp\/v2\/pages"}],"about":[{"href":"https:\/\/portoalegre.wordcamp.org\/2019\/wp-json\/wp\/v2\/types\/page"}],"author":[{"embeddable":true,"href":"https:\/\/portoalegre.wordcamp.org\/2019\/wp-json\/wp\/v2\/users\/254350"}],"replies":[{"embeddable":true,"href":"https:\/\/portoalegre.wordcamp.org\/2019\/wp-json\/wp\/v2\/comments?post=172"}],"version-history":[{"count":8,"href":"https:\/\/portoalegre.wordcamp.org\/2019\/wp-json\/wp\/v2\/pages\/172\/revisions"}],"predecessor-version":[{"id":983,"href":"https:\/\/portoalegre.wordcamp.org\/2019\/wp-json\/wp\/v2\/pages\/172\/revisions\/983"}],"wp:attachment":[{"href":"https:\/\/portoalegre.wordcamp.org\/2019\/wp-json\/wp\/v2\/media?parent=172"}],"curies":[{"name":"wp","href":"https:\/\/api.w.org\/{rel}","templated":true}]}}