{"id":168,"date":"2019-03-28T12:14:51","date_gmt":"2019-03-28T15:14:51","guid":{"rendered":"https:\/\/2019.portoalegre.wordcamp.org\/?page_id=168"},"modified":"2019-04-03T16:23:06","modified_gmt":"2019-04-03T19:23:06","slug":"edicoes-anteriores","status":"publish","type":"page","link":"https:\/\/portoalegre.wordcamp.org\/2019\/edicoes-anteriores\/","title":{"rendered":"Edi\u00e7\u00f5es anteriores"},"content":{"rendered":"\n<h2 class=\"wp-block-heading\">A cidade de Porto Alegre sedia o WordCamp desde 2013<\/h2>\n\n\n\n<p>O WordCamp Porto Alegre \u00e9 organizado por volunt\u00e1rios, dividido em palestras e oficinas. Toda a arrecada\u00e7\u00e3o do evento \u00e9 investido nele mesmo na forma de brindes, estrutura e alimenta\u00e7\u00e3o.<\/p>\n\n\n\n<ul class=\"wp-block-gallery columns-3 is-cropped wp-block-gallery-1 is-layout-flex wp-block-gallery-is-layout-flex\"><li class=\"blocks-gallery-item\"><figure><img data-id=\"400\" class=\"wp-image-400\" \/><\/figure><\/li><li class=\"blocks-gallery-item\"><figure><img data-id=\"399\" class=\"wp-image-399\" \/><\/figure><\/li><li class=\"blocks-gallery-item\"><figure><img data-id=\"397\" class=\"wp-image-397\" \/><\/figure><\/li><li class=\"blocks-gallery-item\"><figure><img data-id=\"396\" class=\"wp-image-396\" \/><\/figure><\/li><li class=\"blocks-gallery-item\"><figure><img data-id=\"395\" class=\"wp-image-395\" \/><\/figure><\/li><li class=\"blocks-gallery-item\"><figure><img data-id=\"393\" class=\"wp-image-393\" \/><\/figure><\/li><li class=\"blocks-gallery-item\"><figure><img data-id=\"391\" class=\"wp-image-391\" \/><\/figure><\/li><li class=\"blocks-gallery-item\"><figure><img data-id=\"390\" class=\"wp-image-390\" \/><\/figure><\/li><\/ul>\n\n\n\n<h2 class=\"wp-block-heading\">Edi\u00e7\u00e3o 2018<\/h2>\n\n\n\n<p>Data: 05\/05\/2018<br>N\u00famero de Palestras:&nbsp;12<br>Total de Participantes: 148<br>P\u00e1gina:&nbsp;<a href=\"http:\/\/2018.portoalegre.wordcamp.org\/\" target=\"_blank\" rel=\"noreferrer noopener\" aria-label=\" (abre numa nova aba)\">2018.portoalegre.wordcamp.org<\/a><\/p>\n\n\n\n<ul class=\"wp-block-gallery columns-3 is-cropped wp-block-gallery-2 is-layout-flex wp-block-gallery-is-layout-flex\"><li class=\"blocks-gallery-item\"><figure><img data-id=\"400\" class=\"wp-image-400\" \/><\/figure><\/li><li class=\"blocks-gallery-item\"><figure><img data-id=\"399\" class=\"wp-image-399\" \/><\/figure><\/li><li class=\"blocks-gallery-item\"><figure><img data-id=\"397\" class=\"wp-image-397\" \/><\/figure><\/li><li class=\"blocks-gallery-item\"><figure><img data-id=\"396\" class=\"wp-image-396\" \/><\/figure><\/li><li class=\"blocks-gallery-item\"><figure><img data-id=\"395\" class=\"wp-image-395\" \/><\/figure><\/li><li class=\"blocks-gallery-item\"><figure><img data-id=\"393\" class=\"wp-image-393\" \/><\/figure><\/li><li class=\"blocks-gallery-item\"><figure><img data-id=\"391\" class=\"wp-image-391\" \/><\/figure><\/li><li class=\"blocks-gallery-item\"><figure><img data-id=\"390\" class=\"wp-image-390\" \/><\/figure><\/li><\/ul>\n\n\n\n<h2 class=\"wp-block-heading\">Edi\u00e7\u00e3o 2017<\/h2>\n\n\n\n<p>Data:&nbsp;06\/05\/2017<br>N\u00famero de Palestras:&nbsp;12<br>Total de Participantes:&nbsp;115<br>P\u00e1gina:&nbsp;<a href=\"http:\/\/2017.portoalegre.wordcamp.org\/\" target=\"_blank\" rel=\"noreferrer noopener\" aria-label=\" (abre numa nova aba)\">2017.portoalegre.wordcamp.org<\/a><\/p>\n\n\n\n<ul class=\"wp-block-gallery columns-3 is-cropped wp-block-gallery-3 is-layout-flex wp-block-gallery-is-layout-flex\"><li class=\"blocks-gallery-item\"><figure><img data-id=\"400\" class=\"wp-image-400\" \/><\/figure><\/li><li class=\"blocks-gallery-item\"><figure><img data-id=\"399\" class=\"wp-image-399\" \/><\/figure><\/li><li class=\"blocks-gallery-item\"><figure><img data-id=\"397\" class=\"wp-image-397\" \/><\/figure><\/li><li class=\"blocks-gallery-item\"><figure><img data-id=\"396\" class=\"wp-image-396\" \/><\/figure><\/li><li class=\"blocks-gallery-item\"><figure><img data-id=\"395\" class=\"wp-image-395\" \/><\/figure><\/li><li class=\"blocks-gallery-item\"><figure><img data-id=\"393\" class=\"wp-image-393\" \/><\/figure><\/li><li class=\"blocks-gallery-item\"><figure><img data-id=\"391\" class=\"wp-image-391\" \/><\/figure><\/li><li class=\"blocks-gallery-item\"><figure><img data-id=\"390\" class=\"wp-image-390\" \/><\/figure><\/li><\/ul>\n\n\n\n<h2 class=\"wp-block-heading\">Edi\u00e7\u00e3o 2015<\/h2>\n\n\n\n<p>Data:&nbsp;13\/07\/2013<br>N\u00famero de Palestras:&nbsp;12<br>Total de Participantes:&nbsp;89<br>P\u00e1gina:&nbsp;<a href=\"http:\/\/2015.portoalegre.wordcamp.org\/\" target=\"_blank\" rel=\"noreferrer noopener\" aria-label=\" (abre numa nova aba)\">2015.portoalegre.wordcamp.org<\/a><\/p>\n\n\n\n<ul class=\"wp-block-gallery columns-3 is-cropped wp-block-gallery-4 is-layout-flex wp-block-gallery-is-layout-flex\"><li class=\"blocks-gallery-item\"><figure><img data-id=\"207\" class=\"wp-image-207\" \/><\/figure><\/li><li class=\"blocks-gallery-item\"><figure><img data-id=\"208\" class=\"wp-image-208\" \/><\/figure><\/li><li class=\"blocks-gallery-item\"><figure><img data-id=\"209\" class=\"wp-image-209\" \/><\/figure><\/li><li class=\"blocks-gallery-item\"><figure><img data-id=\"210\" class=\"wp-image-210\" \/><\/figure><\/li><li class=\"blocks-gallery-item\"><figure><img data-id=\"211\" class=\"wp-image-211\" \/><\/figure><\/li><li class=\"blocks-gallery-item\"><figure><img data-id=\"212\" class=\"wp-image-212\" \/><\/figure><\/li><li class=\"blocks-gallery-item\"><figure><img data-id=\"214\" class=\"wp-image-214\" \/><\/figure><\/li><\/ul>\n\n\n\n<h2 class=\"wp-block-heading\">Edi\u00e7\u00e3o 2013<\/h2>\n\n\n\n<p>Data:&nbsp;13\/07\/2013<br>N\u00famero de Palestras: 7<br>N\u00famero de Oficinas: 3<br>Total de Participantes: 94<br>P\u00e1gina:&nbsp;<a href=\"http:\/\/2013.portoalegre.wordcamp.org\" target=\"_blank\" rel=\"noreferrer noopener\" aria-label=\" (abre numa nova aba)\">2013.portoalegre.wordcamp.org<\/a><\/p>\n","protected":false},"excerpt":{"rendered":"<p>A cidade de Porto Alegre sedia o WordCamp desde 2013 O WordCamp Porto Alegre \u00e9 organizado por volunt\u00e1rios, dividido em palestras e oficinas. Toda a arrecada\u00e7\u00e3o do evento \u00e9 investido nele mesmo na forma de brindes, estrutura e alimenta\u00e7\u00e3o. Edi\u00e7\u00e3o 2018 Data: 05\/05\/2018N\u00famero de Palestras:&nbsp;12Total de Participantes: 148P\u00e1gina:&nbsp;2018.portoalegre.wordcamp.org Edi\u00e7\u00e3o 2017 Data:&nbsp;06\/05\/2017N\u00famero de Palestras:&nbsp;12Total de Participantes:&nbsp;115P\u00e1gina:&nbsp;2017.portoalegre.wordcamp.org &hellip; <\/p>\n<p class=\"link-more\"><a href=\"https:\/\/portoalegre.wordcamp.org\/2019\/edicoes-anteriores\/\" class=\"more-link\">Continue lendo<span class=\"screen-reader-text\"> &#8220;Edi\u00e7\u00f5es anteriores&#8221;<\/span><\/a><\/p>\n","protected":false},"author":254350,"featured_media":0,"parent":0,"menu_order":0,"comment_status":"closed","ping_status":"closed","template":"","meta":{"jetpack_post_was_ever_published":false,"footnotes":""},"class_list":["post-168","page","type-page","status-publish","hentry"],"jetpack_sharing_enabled":true,"jetpack_shortlink":"https:\/\/wp.me\/PaMMH4-2I","jetpack_likes_enabled":true,"jetpack-related-posts":[{"id":208,"url":"https:\/\/portoalegre.wordcamp.org\/2019\/","url_meta":{"origin":168,"position":0},"title":"Bem-vindo ao WordCamp Porto Alegre!","author":"Rodrigo Donini","date":"abril 2, 2019","format":false,"excerpt":"O WordCamp Porto Alegre \u00e9 o evento oficial de WordPress na Capital dos Ga\u00fachos, em sua quinta edi\u00e7\u00e3o. Descansando \u00e0s margens do Lago Gua\u00edba, Porto Alegre \u00e9 o grande centro da fronteira Sul do Brasil, de forte cultura local, com costumes e linguajar distintos, destacada gastronomia, expressiva cena art\u00edstica e\u2026","rel":"","context":"Post similar","block_context":{"text":"Post similar","link":""},"img":{"alt_text":"","src":"https:\/\/i0.wp.com\/portoalegre.wordcamp.org\/2019\/files\/2019\/04\/WordCampPortoAlegre2019_icon.png?fit=480%2C480&resize=350%2C200#038;ssl=1","width":350,"height":200},"classes":[]},{"id":394,"url":"https:\/\/portoalegre.wordcamp.org\/2019\/bienvenido-a-wordcamp-porto-alegre-2019\/","url_meta":{"origin":168,"position":1},"title":"Bienvenido a WordCamp Porto Alegre 2019!","author":"Marco Andrei Kichalowsky","date":"abril 7, 2019","format":false,"excerpt":"La conferencia oficial de WordPress, el sistema de administraci\u00f3n de contenido m\u00e1s popular en el mundo, anuncia su realizaci\u00f3n en la Capital Brasile\u00f1a de los Gauchos en el primer semestre El evento oficial de WordPress, donde se re\u00fane la comunidad de desarrolladores, dise\u00f1adores y usuarios de la plataforma para hablar\u2026","rel":"","context":"Post similar","block_context":{"text":"Post similar","link":""},"img":{"alt_text":"","src":"https:\/\/i0.wp.com\/portoalegre.wordcamp.org\/2019\/files\/2019\/04\/WordCampPortoAlegre2019_icon.png?fit=480%2C480&resize=350%2C200#038;ssl=1","width":350,"height":200},"classes":[]},{"id":19,"url":"https:\/\/portoalegre.wordcamp.org\/2019\/codigo-de-conduta\/","url_meta":{"origin":168,"position":2},"title":"C\u00f3digo de Conduta","author":"Gustavo Tagliassuchi","date":"mar\u00e7o 8, 2019","format":false,"excerpt":"1 - Objetivos O WordCamp Porto Alegre acredita que nossa comunidade deve ser totalmente aberta para todos. Desta forma, estamos comprometidos a oferecer um ambiente amig\u00e1vel, seguro e acolhedor para todos, n\u00e3o importando o sexo, orienta\u00e7\u00e3o sexual, defici\u00eancias f\u00edsicas, etnicidade, religi\u00e3o, sistema operacional preferido, linguagem de programa\u00e7\u00e3o ou editor de\u2026","rel":"","context":"Post similar","block_context":{"text":"Post similar","link":""},"img":{"alt_text":"","src":"https:\/\/i0.wp.com\/portoalegre.wordcamp.org\/2019\/files\/2019\/04\/WordCampPortoAlegre2019_icon.png?fit=480%2C480&resize=350%2C200#038;ssl=1","width":350,"height":200},"classes":[]},{"id":8,"url":"https:\/\/portoalegre.wordcamp.org\/2019\/palestrantes\/","url_meta":{"origin":168,"position":3},"title":"Palestrantes","author":"Gustavo Tagliassuchi","date":"mar\u00e7o 8, 2019","format":false,"excerpt":"Confira os palestrantes do WordCamp Porto Alegre 2019!","rel":"","context":"Post similar","block_context":{"text":"Post similar","link":""},"img":{"alt_text":"","src":"https:\/\/i0.wp.com\/portoalegre.wordcamp.org\/2019\/files\/2019\/04\/WordCampPortoAlegre2019_icon.png?fit=480%2C480&resize=350%2C200#038;ssl=1","width":350,"height":200},"classes":[]},{"id":9,"url":"https:\/\/portoalegre.wordcamp.org\/2019\/palestras\/","url_meta":{"origin":168,"position":4},"title":"Palestras","author":"Gustavo Tagliassuchi","date":"mar\u00e7o 8, 2019","format":false,"excerpt":"Confira as palestras do WordCamp Porto Alegre 2019!","rel":"","context":"Post similar","block_context":{"text":"Post similar","link":""},"img":{"alt_text":"","src":"https:\/\/i0.wp.com\/portoalegre.wordcamp.org\/2019\/files\/2019\/04\/WordCampPortoAlegre2019_icon.png?fit=480%2C480&resize=350%2C200#038;ssl=1","width":350,"height":200},"classes":[]},{"id":170,"url":"https:\/\/portoalegre.wordcamp.org\/2019\/guia-de-sobrevivencia\/","url_meta":{"origin":168,"position":5},"title":"Guia de sobreviv\u00eancia","author":"Gustavo Tagliassuchi","date":"mar\u00e7o 28, 2019","format":false,"excerpt":"Bem-vindo \u00e0 Porto Alegre! Porto Alegre \u00e9 um munic\u00edpio brasileiro e a capital do estado mais meridional do Brasil, o Rio Grande do Sul. Com uma \u00e1rea de mais de 490 mil km\u00b2, possui uma geografia diversificada, com morros, baixadas e um grande lago, o Gua\u00edba. Hist\u00f3ria e caracter\u00edsticas A\u2026","rel":"","context":"Post similar","block_context":{"text":"Post similar","link":""},"img":{"alt_text":"","src":"https:\/\/i0.wp.com\/portoalegre.wordcamp.org\/2019\/files\/2019\/04\/WordCampPortoAlegre2019_icon.png?fit=480%2C480&resize=350%2C200#038;ssl=1","width":350,"height":200},"classes":[]}],"_links":{"self":[{"href":"https:\/\/portoalegre.wordcamp.org\/2019\/wp-json\/wp\/v2\/pages\/168","targetHints":{"allow":["GET"]}}],"collection":[{"href":"https:\/\/portoalegre.wordcamp.org\/2019\/wp-json\/wp\/v2\/pages"}],"about":[{"href":"https:\/\/portoalegre.wordcamp.org\/2019\/wp-json\/wp\/v2\/types\/page"}],"author":[{"embeddable":true,"href":"https:\/\/portoalegre.wordcamp.org\/2019\/wp-json\/wp\/v2\/users\/254350"}],"replies":[{"embeddable":true,"href":"https:\/\/portoalegre.wordcamp.org\/2019\/wp-json\/wp\/v2\/comments?post=168"}],"version-history":[{"count":3,"href":"https:\/\/portoalegre.wordcamp.org\/2019\/wp-json\/wp\/v2\/pages\/168\/revisions"}],"predecessor-version":[{"id":291,"href":"https:\/\/portoalegre.wordcamp.org\/2019\/wp-json\/wp\/v2\/pages\/168\/revisions\/291"}],"wp:attachment":[{"href":"https:\/\/portoalegre.wordcamp.org\/2019\/wp-json\/wp\/v2\/media?parent=168"}],"curies":[{"name":"wp","href":"https:\/\/api.w.org\/{rel}","templated":true}]}}