{"id":164,"date":"2019-03-28T12:12:04","date_gmt":"2019-03-28T15:12:04","guid":{"rendered":"https:\/\/2019.portoalegre.wordcamp.org\/?page_id=164"},"modified":"2019-04-03T20:42:50","modified_gmt":"2019-04-03T23:42:50","slug":"contato","status":"publish","type":"page","link":"https:\/\/portoalegre.wordcamp.org\/2019\/contato\/","title":{"rendered":"Contato"},"content":{"rendered":"\n<p>Lembre-se, somos todos volunt\u00e1rios, vamos responder o mais r\u00e1pido poss\u00edvel!<\/p>\n\n\n<div data-test='contact-form'\n\t\t\tid='contact-form-164'\n\t\t\tclass='wp-block-jetpack-contact-form-container '\n\t\t\tdata-wp-interactive='jetpack\/form' data-wp-context='{\"formId\":\"164\",\"formHash\":\"8f8e58ca38b7d8b4639ec9d0746df796f44a7697\",\"showErrors\":false,\"errors\":[],\"fields\":[],\"isMultiStep\":false,\"useAjax\":false,\"submissionData\":null,\"formattedSubmissionData\":[],\"submissionSuccess\":false,\"submissionError\":null,\"elementId\":\"jp-form-8f8e58ca38b7d8b4639ec9d0746df796f44a7697\",\"isSingleInputForm\":false}'\n\t\t\tdata-wp-watch--scroll-to-wrapper=\"callbacks.scrollToWrapper\"\n\t\t>\n<div class=\"contact-form-submission contact-form-ajax-submission\" data-wp-bind--aria-hidden=\"state.isSuccessMessageAriaHidden\" data-wp-class--submission-success=\"context.submissionSuccess\" id=\"contact-form-success-8f8e58ca38b7d8b4639ec9d0746df796f44a7697\" tabindex=\"-1\" aria-labelledby=\"contact-form-success-header-8f8e58ca38b7d8b4639ec9d0746df796f44a7697\"><p class=\"go-back-message\"><a class=\"link\" role=\"button\" tabindex=\"0\" data-wp-on--click=\"actions.goBack\" href=\"\/2019\/wp-json\/wp\/v2\/pages\/164\">\u2190 Back<\/a><\/p><h4 data-wp-bind--aria-hidden=\"state.isSuccessMessageAriaHidden\" id=\"contact-form-success-header-8f8e58ca38b7d8b4639ec9d0746df796f44a7697\">Sua mensagem foi enviada<\/h4>\n\n<template data-wp-each--submission=\"context.formattedSubmissionData\">\n\t\t\t\t\t<div class=\"jetpack_forms_contact-form-success-summary\">\n\t\t\t\t\t\t<div class=\"field-name\" data-wp-text=\"context.submission.label\" data-wp-bind--hidden=\"!context.submission.label\"><\/div>\n\t\t\t\t\t\t<div class=\"field-value\" data-wp-text=\"context.submission.value\" data-wp-bind--hidden=\"!context.submission.showPlainValue\"><\/div>\n\t\t\t\t\t\t<a class=\"field-url\" data-wp-bind--href=\"context.submission.url\" data-wp-text=\"context.submission.value\" data-wp-bind--hidden=\"!context.submission.url\" target=\"_blank\" rel=\"noopener noreferrer\"><\/a>\n\t\t\t\t\t\t<div class=\"field-rating\" data-wp-bind--hidden=\"!context.submission.rating\" data-wp-watch=\"callbacks.watchRatingIcons\"><\/div>\n\t\t\t\t\t\t<div class=\"field-images\" data-wp-bind--hidden=\"!context.submission.images\">\n\t\t\t\t\t\t\t<template data-wp-each--image=\"context.submission.images\">\n\t\t\t\t\t\t\t\t<div class=\"field-image-option\" data-wp-class--is-empty=\"!context.image.src\">\n\t\t\t\t\t\t\t\t\t<figure class=\"field-image-option__image\" data-wp-class--is-empty=\"!context.image.src\">\n\t\t\t\t\t\t\t\t\t\t<img data-wp-bind--src=\"context.image.src\" data-wp-bind--hidden=\"!context.image.src\" \/>\n\t\t\t\t\t\t\t\t\t\t<img decoding=\"async\" src=\"data:image\/gif;base64,R0lGODlhAQABAAD\/ACwAAAAAAQABAAACADs=\" data-wp-bind--hidden=\"context.image.src\" \/>\n\t\t\t\t\t\t\t\t\t<\/figure>\n\t\t\t\t\t\t\t\t\t<div class=\"field-image-option__label-wrapper\">\n\t\t\t\t\t\t\t\t\t\t<span class=\"field-image-option__label-code\" data-wp-text=\"context.image.letterCode\"><\/span>\n\t\t\t\t\t\t\t\t\t\t<span class=\"field-image-option__label\" data-wp-text=\"context.image.label\" data-wp-bind--hidden=\"!context.image.label\"><\/span>\n\t\t\t\t\t\t\t\t\t<\/div>\n\t\t\t\t\t\t\t\t<\/div>\n\t\t\t\t\t\t\t<\/template>\n\t\t\t\t\t\t<\/div>\n\t\t\t\t\t\t<div class=\"field-files\" data-wp-bind--hidden=\"!context.submission.files\">\n\t\t\t\t\t\t\t<template data-wp-each--file=\"context.submission.files\">\n\t\t\t\t\t\t\t\t<div class=\"field-file\">\n\t\t\t\t\t\t\t\t\t<div class=\"field-file__thumbnail\" data-wp-style--background-image=\"context.file.previewUrl\" data-wp-style--mask-image=\"context.file.iconUrl\" data-wp-bind--hidden=\"!context.file.hasPreview\"><\/div>\n\t\t\t\t\t\t\t\t\t<svg class=\"field-file__icon\" data-wp-bind--hidden=\"context.file.hasPreview\" width=\"20\" height=\"20\" viewBox=\"0 0 24 24\" fill=\"none\" xmlns=\"http:\/\/www.w3.org\/2000\/svg\" aria-hidden=\"true\">\n\t\t\t\t\t\t\t\t\t\t<path d=\"M14 2H6C4.9 2 4 2.9 4 4V20C4 21.1 4.89 22 5.99 22H18C19.1 22 20 21.1 20 20V8L14 2ZM18 20H6V4H13V9H18V20Z\" fill=\"currentColor\"\/>\n\t\t\t\t\t\t\t\t\t<\/svg>\n\t\t\t\t\t\t\t\t\t<span class=\"field-file__name\" data-wp-text=\"context.file.name\"><\/span>\n\t\t\t\t\t\t\t\t\t<span class=\"field-file__size\" data-wp-text=\"context.file.size\"><\/span>\n\t\t\t\t\t\t\t\t<\/div>\n\t\t\t\t\t\t\t<\/template>\n\t\t\t\t\t\t<\/div>\n\t\t\t\t\t<\/div>\n\t\t\t\t<\/template><\/div><form action='https:\/\/portoalegre.wordcamp.org\/2019\/contato\/'\n\t\t\t\tid='jp-form-8f8e58ca38b7d8b4639ec9d0746df796f44a7697'\n\t\t\t\tmethod='post'\n\t\t\t\tclass='contact-form commentsblock' aria-label=\"Contato\"\n\t\t\t\tdata-wp-on--submit=\"actions.onFormSubmit\"\n\t\t\t\tdata-wp-on--reset=\"actions.onFormReset\"\n\t\t\t\tdata-wp-class--submission-success=\"context.submissionSuccess\"\n\t\t\t\tdata-wp-class--is-first-step=\"state.isFirstStep\"\n\t\t\t\tdata-wp-class--is-last-step=\"state.isLastStep\"\n\t\t\t\tdata-wp-class--is-ajax-form=\"context.useAjax\"\n\t\t\t\tnovalidate >\n<input type='hidden' name='jetpack_contact_form_jwt' value='eyJ0eXAiOiJKV1QiLCJhbGciOiJIUzI1NiJ9.eyJlbmNyeXB0ZWRfYXR0cmlidXRlcyI6IkR3a0ZoajF1RTA4bGRITERqNjFabGgrZGpiem8ySEMwRlkvWWNDVUFaRVZCS0twNXUxYmF0eVF0czFzVTNMSzN4ZStyd0RMWmFEMkRpODdMU2FWdlFRKzAyczFQZnNWZDRxK0pMR0ZGSzJmaGZKbkZ2Z2lZWVN0ekI0b0lab2VRYmdWK2ptREE4eGJ4Z25LR1IzZWhITEdhc3JSb1BiK0hpUXBSOVphUXRVbG1zRkJFMlJUbzZhSStCMEJmS3ZjUE9OcjJzcHBNZFBKSXdweTB4TGtsOENaTWc0NmpCNW5seEtYNGkrM1ZacDZCcEw4MURoNXQ0cGFrYmliVHE4bFNHYUFLRG1LYXNQZCt2OWxORkhDNE9JZlVoTkdLcEdGQWFnOFUrekw4YkZkSnNkR0RIdFYxaG5EZWhPd0FGQmlyNnova05IRXdGNk9qRG5BWU5vdlhIcUVXVzRWMlVSU0FaYlBha3NxSkxoZ0dIUXFZY2gyb2IxdDhsc2plQ29Dai9TUFF5Sk5CNlFsQWJWMmQxU2NxN28ySnJ3TTh6Z2tBNzN2U1V5bjN6NXBHZXl5SnExNUxLV0w1WFlwMjhWU1l2cloxTUNINFc5YzJZVkFzN1pSV2JTL3BUdXczNVdoc3Flc2pFN05rYWVWUGVUcWJKekZOSHhuZkhQT3c4VEQ5WTZxNTQyMzdYZTBLK1czSjQzcDV3c2RrOHUwS1ZJdVAzWExjbzFqRGNaTDhPU3QwVmJrN29sMUFFTTFEL0owWERoNE4xWDBlRE1La1AxcmZrTjhjZGMxT0JuZm5ERklHcjg1bithSEpzbkthUzVUZ3U1UWhkdDJ2aWdYMTdLZ1ZUZlVoaVROMy9mRmtPYVRjbFJsTjFVajU3NW4ralBsQkJSL1A4S2EvRGE0eit5UlQxL1I3Y2JIeG1DeFFYSXJBZDF2bDJmb0FQdEZ2RFBjQUdXMGhRRUFjMXZHUldvVDRtWkFGWTU3V0EyaWs3ZlZxM3lrbXlDODhFdTBOZWdTcThmWlF3SjVDTnY3T2pQbnRoWHk2UmxWVkJoUFE0WXZyaE9XajdYVFNReU1JWkFrQU8rOHE0SU1pRmdNME04bUc2Q2pPUnorL25FeVl0S0MxYTNVRzR6ODJlWDFNSFVOeDVjbFczYkJjVmE2RHVEK0p2M2JjalJrMiIsImNvbnRlbnQiOiJcbltjb250YWN0LWZpZWxkIGxhYmVsPVwiTm9tZVwiIHJlcXVpcmVkPVwiMVwiIGlkPVwiTm9tZVwiIHR5cGU9XCJuYW1lXCIvXVxuXG5bY29udGFjdC1maWVsZCBsYWJlbD1cImUtbWFpbFwiIHJlcXVpcmVkPVwiMVwiIGlkPVwiZS1tYWlsXCIgdHlwZT1cImVtYWlsXCIvXVxuXG5bY29udGFjdC1maWVsZCBsYWJlbD1cIk1lbnNhZ2VtXCIgcmVxdWlyZWQ9XCIxXCIgaWQ9XCJNZW5zYWdlbVwiIHR5cGU9XCJ0ZXh0YXJlYVwiL11cblxuXG48cD48L3A-XG5cbiIsImhhc2giOiI4ZjhlNThjYTM4YjdkOGI0NjM5ZWM5ZDA3NDZkZjc5NmY0NGE3Njk3Iiwic291cmNlIjp7ImVudHJ5X3RpdGxlIjoiQ29udGF0byIsImVudHJ5X3BhZ2UiOjEsInNvdXJjZV9pZCI6MTY0LCJzb3VyY2VfdHlwZSI6InNpbmdsZSIsInJlcXVlc3RfdXJsIjoiaHR0cHM6Ly9wb3J0b2FsZWdyZS53b3JkY2FtcC5vcmcvMjAxOS93cC1qc29uL3dwL3YyL3BhZ2VzLzE2NCJ9LCJ2ZXJzaW9uIjoyLCJjaXBoZXIiOiJhZXMtMjU2LWdjbSJ9.u8K1YvzPuoUjPEoftb7iLzyiW_k3EKe0cmQtTmrXFc0' \/>\n\n\n<div style=\"\"  data-wp-interactive=\"jetpack\/form\" data-wp-context='{\"fieldId\":\"Nome\",\"fieldType\":\"name\",\"fieldLabel\":\"Nome\",\"fieldValue\":\"\",\"fieldPlaceholder\":\"\",\"fieldIsRequired\":\"1\",\"fieldErrorMessage\":\"\",\"fieldExtra\":[],\"formHash\":\"8f8e58ca38b7d8b4639ec9d0746df796f44a7697\"}'  class='grunion-field-name-wrap grunion-field-wrap'  data-wp-init='callbacks.initializeField' data-wp-on--jetpack-form-reset='callbacks.initializeField' >\n<label\n\t\t\t\tfor='Nome' class=\"grunion-field-label name\" >Nome<span class=\"grunion-label-required\" aria-hidden=\"true\">(obrigat\u00f3rio)<\/span><\/label>\n<input\n\t\t\t\t\ttype='text'\n\t\t\t\t\tname='Nome'\n\t\t\t\t\tid='Nome'\n\t\t\t\t\tvalue=''\n\n\t\t\t\t\tdata-wp-bind--aria-invalid='state.fieldAriaInvalid'\n\t\t\t\t\tdata-wp-bind--value='state.getFieldValue'\n\t\t\t\t\taria-describedby='Nome-text-error-message'\n\t\t\t\t\tdata-wp-on--input='actions.onFieldChange'\n\t\t\t\t\tdata-wp-on--blur='actions.onFieldBlur'\n\t\t\t\t\tdata-wp-class--has-value='state.hasFieldValue'\n\n\t\t\t\t\tclass='name  grunion-field' \n\t\t\t\t\trequired='true' aria-required='true'  \/>\n \n\t\t\t<div id=\"Nome-text-error\" class=\"contact-form__input-error\" data-wp-class--has-errors=\"state.fieldHasErrors\">\n\t\t\t\t<span class=\"contact-form__warning-icon\" aria-hidden=\"true\">\n\t\t\t\t\t<svg width=\"16\" height=\"16\" viewBox=\"0 0 16 16\" fill=\"none\" xmlns=\"http:\/\/www.w3.org\/2000\/svg\">\n\t\t\t\t\t\t<path d=\"M8.50015 11.6402H7.50015V10.6402H8.50015V11.6402Z\" \/>\n\t\t\t\t\t\t<path d=\"M7.50015 9.64018H8.50015V6.30684H7.50015V9.64018Z\" \/>\n\t\t\t\t\t\t<path fill-rule=\"evenodd\" clip-rule=\"evenodd\" d=\"M6.98331 3.0947C7.42933 2.30177 8.57096 2.30177 9.01698 3.09469L13.8771 11.7349C14.3145 12.5126 13.7525 13.4735 12.8602 13.4735H3.14004C2.24774 13.4735 1.68575 12.5126 2.12321 11.7349L6.98331 3.0947ZM8.14541 3.58496C8.08169 3.47168 7.9186 3.47168 7.85488 3.58496L2.99478 12.2251C2.93229 12.3362 3.01257 12.4735 3.14004 12.4735H12.8602C12.9877 12.4735 13.068 12.3362 13.0055 12.2251L8.14541 3.58496Z\" \/>\n\t\t\t\t\t<\/svg>\n\t\t\t\t<\/span>\n\t\t\t\t<span data-wp-text=\"state.errorMessage\" id=\"Nome-text-error-message\"><\/span>\n\t\t\t<\/div> \n\t<\/div>\n\n\n\n<div style=\"\"  data-wp-interactive=\"jetpack\/form\" data-wp-context='{\"fieldId\":\"e-mail\",\"fieldType\":\"email\",\"fieldLabel\":\"e-mail\",\"fieldValue\":\"\",\"fieldPlaceholder\":\"\",\"fieldIsRequired\":\"1\",\"fieldErrorMessage\":\"\",\"fieldExtra\":[],\"formHash\":\"8f8e58ca38b7d8b4639ec9d0746df796f44a7697\"}'  class='grunion-field-email-wrap grunion-field-wrap'  data-wp-init='callbacks.initializeField' data-wp-on--jetpack-form-reset='callbacks.initializeField' >\n<label\n\t\t\t\tfor='e-mail' class=\"grunion-field-label email\" >e-mail<span class=\"grunion-label-required\" aria-hidden=\"true\">(obrigat\u00f3rio)<\/span><\/label>\n<input\n\t\t\t\t\ttype='email'\n\t\t\t\t\tname='e-mail'\n\t\t\t\t\tid='e-mail'\n\t\t\t\t\tvalue=''\n\n\t\t\t\t\tdata-wp-bind--aria-invalid='state.fieldAriaInvalid'\n\t\t\t\t\tdata-wp-bind--value='state.getFieldValue'\n\t\t\t\t\taria-describedby='e-mail-email-error-message'\n\t\t\t\t\tdata-wp-on--input='actions.onFieldChange'\n\t\t\t\t\tdata-wp-on--blur='actions.onFieldBlur'\n\t\t\t\t\tdata-wp-class--has-value='state.hasFieldValue'\n\n\t\t\t\t\tclass='email  grunion-field' \n\t\t\t\t\trequired='true' aria-required='true'  \/>\n \n\t\t\t<div id=\"e-mail-email-error\" class=\"contact-form__input-error\" data-wp-class--has-errors=\"state.fieldHasErrors\">\n\t\t\t\t<span class=\"contact-form__warning-icon\" aria-hidden=\"true\">\n\t\t\t\t\t<svg width=\"16\" height=\"16\" viewBox=\"0 0 16 16\" fill=\"none\" xmlns=\"http:\/\/www.w3.org\/2000\/svg\">\n\t\t\t\t\t\t<path d=\"M8.50015 11.6402H7.50015V10.6402H8.50015V11.6402Z\" \/>\n\t\t\t\t\t\t<path d=\"M7.50015 9.64018H8.50015V6.30684H7.50015V9.64018Z\" \/>\n\t\t\t\t\t\t<path fill-rule=\"evenodd\" clip-rule=\"evenodd\" d=\"M6.98331 3.0947C7.42933 2.30177 8.57096 2.30177 9.01698 3.09469L13.8771 11.7349C14.3145 12.5126 13.7525 13.4735 12.8602 13.4735H3.14004C2.24774 13.4735 1.68575 12.5126 2.12321 11.7349L6.98331 3.0947ZM8.14541 3.58496C8.08169 3.47168 7.9186 3.47168 7.85488 3.58496L2.99478 12.2251C2.93229 12.3362 3.01257 12.4735 3.14004 12.4735H12.8602C12.9877 12.4735 13.068 12.3362 13.0055 12.2251L8.14541 3.58496Z\" \/>\n\t\t\t\t\t<\/svg>\n\t\t\t\t<\/span>\n\t\t\t\t<span data-wp-text=\"state.errorMessage\" id=\"e-mail-email-error-message\"><\/span>\n\t\t\t<\/div> \n\t<\/div>\n\n\n\n<div style=\"\"  data-wp-interactive=\"jetpack\/form\" data-wp-context='{\"fieldId\":\"Mensagem\",\"fieldType\":\"textarea\",\"fieldLabel\":\"Mensagem\",\"fieldValue\":\"\",\"fieldPlaceholder\":\"\",\"fieldIsRequired\":\"1\",\"fieldErrorMessage\":\"\",\"fieldExtra\":[],\"formHash\":\"8f8e58ca38b7d8b4639ec9d0746df796f44a7697\"}'  class='grunion-field-textarea-wrap grunion-field-wrap'  data-wp-init='callbacks.initializeField' data-wp-on--jetpack-form-reset='callbacks.initializeField' >\n<label\n\t\t\t\tfor='contact-form-comment-Mensagem' class=\"grunion-field-label textarea\" >Mensagem<span class=\"grunion-label-required\" aria-hidden=\"true\">(obrigat\u00f3rio)<\/span><\/label>\n<textarea\n\t\t                style=''\n\t\t                name='Mensagem'\n\t\t                id='contact-form-comment-Mensagem'\n\t\t                rows='20'\n\t\t\t\t\t\tdata-wp-text='state.getFieldValue'\n\t\t\t\t\t\tdata-wp-on--input='actions.onFieldChange'\n\t\t\t\t\t\tdata-wp-on--blur='actions.onFieldBlur'\n\t\t\t\t\t\tdata-wp-class--has-value='state.hasFieldValue'\n\t\t\t\t\t\taria-describedby='Mensagem-textarea-error-message'\n\t\t\t\t\t\tdata-wp-bind--aria-invalid='state.fieldAriaInvalid'\n\t\t\t\t\t\tclass='textarea  grunion-field'  required aria-required='true'><\/textarea>\n \n\t\t\t<div id=\"Mensagem-textarea-error\" class=\"contact-form__input-error\" data-wp-class--has-errors=\"state.fieldHasErrors\">\n\t\t\t\t<span class=\"contact-form__warning-icon\" aria-hidden=\"true\">\n\t\t\t\t\t<svg width=\"16\" height=\"16\" viewBox=\"0 0 16 16\" fill=\"none\" xmlns=\"http:\/\/www.w3.org\/2000\/svg\">\n\t\t\t\t\t\t<path d=\"M8.50015 11.6402H7.50015V10.6402H8.50015V11.6402Z\" \/>\n\t\t\t\t\t\t<path d=\"M7.50015 9.64018H8.50015V6.30684H7.50015V9.64018Z\" \/>\n\t\t\t\t\t\t<path fill-rule=\"evenodd\" clip-rule=\"evenodd\" d=\"M6.98331 3.0947C7.42933 2.30177 8.57096 2.30177 9.01698 3.09469L13.8771 11.7349C14.3145 12.5126 13.7525 13.4735 12.8602 13.4735H3.14004C2.24774 13.4735 1.68575 12.5126 2.12321 11.7349L6.98331 3.0947ZM8.14541 3.58496C8.08169 3.47168 7.9186 3.47168 7.85488 3.58496L2.99478 12.2251C2.93229 12.3362 3.01257 12.4735 3.14004 12.4735H12.8602C12.9877 12.4735 13.068 12.3362 13.0055 12.2251L8.14541 3.58496Z\" \/>\n\t\t\t\t\t<\/svg>\n\t\t\t\t<\/span>\n\t\t\t\t<span data-wp-text=\"state.errorMessage\" id=\"Mensagem-textarea-error-message\"><\/span>\n\t\t\t<\/div>\n\t<\/div>\n\n\n\n<p><\/p>\n\n\t<p class='contact-submit'>\n<div class=\"contact-form__error\" data-wp-class--show-errors=\"state.showFormErrors\"><span class=\"contact-form__warning-icon\" aria-hidden=\"true\"><i><\/i><\/span><span class=\"contact-form__error-message\" tabindex=\"-1\" data-wp-watch=\"callbacks.focusOnValidationError\" data-wp-text=\"state.getFormErrorMessage\"><\/span><ul aria-label=\"Form errors\">\n\t\t\t\t<template data-wp-each=\"state.getErrorList\" data-wp-key=\"context.item.id\">\n\t\t\t\t\t<li><a data-wp-bind--href=\"context.item.anchor\" data-wp-on--click=\"actions.scrollIntoView\" data-wp-text=\"context.item.label\"><\/a><\/li>\n\t\t\t\t<\/template>\n\t\t\t\t<\/ul><\/div><div class=\"contact-form__error\" data-wp-class--show-errors=\"state.showSubmissionError\" data-wp-text=\"context.submissionError\" tabindex=\"-1\" data-wp-watch=\"callbacks.focusOnSubmissionError\"><\/div>\t\t<button type='submit' class='pushbutton-wide wp-block-button__link has-text-color has-background has-vivid-red-background-button-color' style='background-color: #cf2e2e; '>Enviar<\/button>\t\t<input type='hidden' name='is_block' value='1' \/>\n\t\t<input type='hidden' name='contact-form-id' value='164' \/>\n\t\t<input type='hidden' name='action' value='grunion-contact-form' \/>\n\t\t<input type='hidden' name='contact-form-hash' value='8f8e58ca38b7d8b4639ec9d0746df796f44a7697' \/>\n\t<\/p>\n<p style=\"display: none !important;\" class=\"akismet-fields-container\" data-prefix=\"ak_\"><label>&#916;<textarea name=\"ak_hp_textarea\" cols=\"45\" rows=\"8\" maxlength=\"100\"><\/textarea><\/label><input type=\"hidden\" id=\"ak_js_1\" name=\"ak_js\" value=\"87\"\/><script>\ndocument.getElementById( \"ak_js_1\" ).setAttribute( \"value\", ( new Date() ).getTime() );\n<\/script>\n<\/p><\/form>\n<\/div>","protected":false},"excerpt":{"rendered":"<p>Lembre-se, somos todos volunt\u00e1rios, vamos responder o mais r\u00e1pido poss\u00edvel!<\/p>\n","protected":false},"author":254350,"featured_media":0,"parent":0,"menu_order":0,"comment_status":"closed","ping_status":"closed","template":"","meta":{"jetpack_post_was_ever_published":false,"footnotes":""},"class_list":["post-164","page","type-page","status-publish","hentry"],"jetpack_sharing_enabled":true,"jetpack_shortlink":"https:\/\/wp.me\/PaMMH4-2E","jetpack_likes_enabled":true,"jetpack-related-posts":[{"id":305,"url":"https:\/\/portoalegre.wordcamp.org\/2019\/seja-um-voluntario-no-wordcamp-poa-2019\/","url_meta":{"origin":164,"position":0},"title":"Seja um volunt\u00e1rio no WordCamp POA 2019!","author":"Rodrigo Donini","date":"abril 3, 2019","format":false,"excerpt":"Volunt\u00e1rios s\u00e3o muito importantes para a realiza\u00e7\u00e3o dos WordCamps, pois ajudam a tornar\u00a0o evento\u00a0mais organizado e confort\u00e1vel para seus participantes e palestrantes. Quais s\u00e3o as atribui\u00e7\u00f5es de um volunt\u00e1rio? As tarefas dos volunt\u00e1rios ser\u00e3o de auxiliar na organiza\u00e7\u00e3o do evento, antes e durante a sua realiza\u00e7\u00e3o.\u00a0Ao te\u00a0candidatar a ser um\u2026","rel":"","context":"Post similar","block_context":{"text":"Post similar","link":""},"img":{"alt_text":"","src":"https:\/\/i0.wp.com\/portoalegre.wordcamp.org\/2019\/files\/2019\/04\/WordCampPortoAlegre2019_icon.png?fit=480%2C480&resize=350%2C200#038;ssl=1","width":350,"height":200},"classes":[]},{"id":19,"url":"https:\/\/portoalegre.wordcamp.org\/2019\/codigo-de-conduta\/","url_meta":{"origin":164,"position":1},"title":"C\u00f3digo de Conduta","author":"Gustavo Tagliassuchi","date":"mar\u00e7o 8, 2019","format":false,"excerpt":"1 - Objetivos O WordCamp Porto Alegre acredita que nossa comunidade deve ser totalmente aberta para todos. Desta forma, estamos comprometidos a oferecer um ambiente amig\u00e1vel, seguro e acolhedor para todos, n\u00e3o importando o sexo, orienta\u00e7\u00e3o sexual, defici\u00eancias f\u00edsicas, etnicidade, religi\u00e3o, sistema operacional preferido, linguagem de programa\u00e7\u00e3o ou editor de\u2026","rel":"","context":"Post similar","block_context":{"text":"Post similar","link":""},"img":{"alt_text":"","src":"https:\/\/i0.wp.com\/portoalegre.wordcamp.org\/2019\/files\/2019\/04\/WordCampPortoAlegre2019_icon.png?fit=480%2C480&resize=350%2C200#038;ssl=1","width":350,"height":200},"classes":[]},{"id":249,"url":"https:\/\/portoalegre.wordcamp.org\/2019\/voluntarios\/","url_meta":{"origin":164,"position":2},"title":"Volunt\u00e1rios","author":"Gustavo Tagliassuchi","date":"abril 2, 2019","format":false,"excerpt":"Volunt\u00e1rios s\u00e3o muito importantes para a realiza\u00e7\u00e3o dos WordCamps, pois ajudam a tornar\u00a0o evento\u00a0mais organizado e confort\u00e1vel para seus participantes e palestrantes. Estes s\u00e3o os\u00a0viventes que v\u00e3o dedicar seu tempo para fazer\u00a0essa linda e sensacional tert\u00falia de WordPress na Capital dos Ga\u00fachos. Se precisares de alguma coisa no dia do\u2026","rel":"","context":"Post similar","block_context":{"text":"Post similar","link":""},"img":{"alt_text":"","src":"https:\/\/i0.wp.com\/portoalegre.wordcamp.org\/2019\/files\/2019\/04\/WordCampPortoAlegre2019_icon.png?fit=480%2C480&resize=350%2C200#038;ssl=1","width":350,"height":200},"classes":[]},{"id":168,"url":"https:\/\/portoalegre.wordcamp.org\/2019\/edicoes-anteriores\/","url_meta":{"origin":164,"position":3},"title":"Edi\u00e7\u00f5es anteriores","author":"Gustavo Tagliassuchi","date":"mar\u00e7o 28, 2019","format":false,"excerpt":"A cidade de Porto Alegre sedia o WordCamp desde 2013 O WordCamp Porto Alegre \u00e9 organizado por volunt\u00e1rios, dividido em palestras e oficinas. Toda a arrecada\u00e7\u00e3o do evento \u00e9 investido nele mesmo na forma de brindes, estrutura e alimenta\u00e7\u00e3o. Edi\u00e7\u00e3o 2018 Data: 05\/05\/2018N\u00famero de Palestras:\u00a012Total de Participantes: 148P\u00e1gina:\u00a02018.portoalegre.wordcamp.org Edi\u00e7\u00e3o 2017\u2026","rel":"","context":"Post similar","block_context":{"text":"Post similar","link":""},"img":{"alt_text":"","src":"https:\/\/i0.wp.com\/portoalegre.wordcamp.org\/2019\/files\/2019\/04\/WordCampPortoAlegre2019_icon.png?fit=480%2C480&resize=350%2C200#038;ssl=1","width":350,"height":200},"classes":[]},{"id":394,"url":"https:\/\/portoalegre.wordcamp.org\/2019\/bienvenido-a-wordcamp-porto-alegre-2019\/","url_meta":{"origin":164,"position":4},"title":"Bienvenido a WordCamp Porto Alegre 2019!","author":"Marco Andrei Kichalowsky","date":"abril 7, 2019","format":false,"excerpt":"La conferencia oficial de WordPress, el sistema de administraci\u00f3n de contenido m\u00e1s popular en el mundo, anuncia su realizaci\u00f3n en la Capital Brasile\u00f1a de los Gauchos en el primer semestre El evento oficial de WordPress, donde se re\u00fane la comunidad de desarrolladores, dise\u00f1adores y usuarios de la plataforma para hablar\u2026","rel":"","context":"Post similar","block_context":{"text":"Post similar","link":""},"img":{"alt_text":"","src":"https:\/\/i0.wp.com\/portoalegre.wordcamp.org\/2019\/files\/2019\/04\/WordCampPortoAlegre2019_icon.png?fit=480%2C480&resize=350%2C200#038;ssl=1","width":350,"height":200},"classes":[]},{"id":10,"url":"https:\/\/portoalegre.wordcamp.org\/2019\/patrocinadores\/","url_meta":{"origin":164,"position":5},"title":"Patrocinadores","author":"Gustavo Tagliassuchi","date":"mar\u00e7o 8, 2019","format":false,"excerpt":"Agradecemos voc\u00eas! Sem o apoio de voc\u00eas, nada seria poss\u00edvel! Se voc\u00ea quiser patrocinar o evento, baixe aqui o m\u00eddia kit. Interessado em patrocinar nosso WordCamp em 2019? Envie um e-mail para portoalegre@wordcamp.org ou baixe nosso m\u00eddia kit.","rel":"","context":"Post similar","block_context":{"text":"Post similar","link":""},"img":{"alt_text":"","src":"https:\/\/i0.wp.com\/portoalegre.wordcamp.org\/2019\/files\/2019\/04\/WordCampPortoAlegre2019_icon.png?fit=480%2C480&resize=350%2C200#038;ssl=1","width":350,"height":200},"classes":[]}],"_links":{"self":[{"href":"https:\/\/portoalegre.wordcamp.org\/2019\/wp-json\/wp\/v2\/pages\/164","targetHints":{"allow":["GET"]}}],"collection":[{"href":"https:\/\/portoalegre.wordcamp.org\/2019\/wp-json\/wp\/v2\/pages"}],"about":[{"href":"https:\/\/portoalegre.wordcamp.org\/2019\/wp-json\/wp\/v2\/types\/page"}],"author":[{"embeddable":true,"href":"https:\/\/portoalegre.wordcamp.org\/2019\/wp-json\/wp\/v2\/users\/254350"}],"replies":[{"embeddable":true,"href":"https:\/\/portoalegre.wordcamp.org\/2019\/wp-json\/wp\/v2\/comments?post=164"}],"version-history":[{"count":4,"href":"https:\/\/portoalegre.wordcamp.org\/2019\/wp-json\/wp\/v2\/pages\/164\/revisions"}],"predecessor-version":[{"id":321,"href":"https:\/\/portoalegre.wordcamp.org\/2019\/wp-json\/wp\/v2\/pages\/164\/revisions\/321"}],"wp:attachment":[{"href":"https:\/\/portoalegre.wordcamp.org\/2019\/wp-json\/wp\/v2\/media?parent=164"}],"curies":[{"name":"wp","href":"https:\/\/api.w.org\/{rel}","templated":true}]}}