{"id":8,"date":"2017-11-16T12:43:11","date_gmt":"2017-11-16T12:43:11","guid":{"rendered":"https:\/\/2018.portoalegre.wordcamp.org\/speakers\/"},"modified":"2018-04-17T11:21:04","modified_gmt":"2018-04-17T14:21:04","slug":"palestrantes","status":"publish","type":"page","link":"https:\/\/portoalegre.wordcamp.org\/2018\/palestrantes\/","title":{"rendered":"Palestrantes"},"content":{"rendered":"\n\t<div class=\"wcorg-speakers\">\n\n\t\t\n\t\t\t<!-- Organizers note: The id attribute is deprecated and only remains for backwards compatibility, please use the corresponding class to target individual speakers -->\n\t\t\t<div id=\"wcorg-speaker-rafael-funchal\" class=\"wcorg-speaker wcorg-speaker-rafael-funchal wcorg-track-principal\">\n\t\t\t\t<h2>\n\t\t\t\t\t\n\t\t\t\t\t\tRafael Funchal\n\t\t\t\t\t\t\t\t\t<\/h2>\n\n\t\t\t\t<div class=\"wcorg-speaker-description\">\n\t\t\t\t\t<img alt='' src='https:\/\/secure.gravatar.com\/avatar\/f11628da9cf1003b290583f04edc6e9a6c2ae879cedfe30d51375822cccc017c?s=100&#038;d=mm&#038;r=g' srcset='https:\/\/secure.gravatar.com\/avatar\/f11628da9cf1003b290583f04edc6e9a6c2ae879cedfe30d51375822cccc017c?s=200&#038;d=mm&#038;r=g 2x' class='avatar avatar-100 photo' height='100' width='100' \/>\t\t\t\t\t<p>Publicit\u00e1rio, Desenvolvedor Web e Happiness Engineer na Automattic. Trabalho com WordPress desde 2009 e participo da comunidade WordPress em S\u00e3o Paulo organizando meetups e WordCamps.<\/p>\n\t\t\t\t<\/div>\n\t\t\t<\/div>\n\n\t\t\n\t\t\t<!-- Organizers note: The id attribute is deprecated and only remains for backwards compatibility, please use the corresponding class to target individual speakers -->\n\t\t\t<div id=\"wcorg-speaker-marcos-schratzenstaller\" class=\"wcorg-speaker wcorg-speaker-marcos-schratzenstaller wcorg-track-principal\">\n\t\t\t\t<h2>\n\t\t\t\t\t\n\t\t\t\t\t\tMarcos Schratzenstaller\n\t\t\t\t\t\t\t\t\t<\/h2>\n\n\t\t\t\t<div class=\"wcorg-speaker-description\">\n\t\t\t\t\t<img alt='' src='https:\/\/secure.gravatar.com\/avatar\/fd482e1ad4dbf33a1dc95f48ced65423c2c8cec2a3ded8063a76fc4c8cf6c9b0?s=100&#038;d=mm&#038;r=g' srcset='https:\/\/secure.gravatar.com\/avatar\/fd482e1ad4dbf33a1dc95f48ced65423c2c8cec2a3ded8063a76fc4c8cf6c9b0?s=200&#038;d=mm&#038;r=g 2x' class='avatar avatar-100 photo' height='100' width='100' \/>\t\t\t\t\t<p>Lead Developer do time de DevOps na StudioPress Hosting, Marcos trabalha no dsenvolvimento das ferramentas mais importantes da empresa, e ainda, contribui com projetos open source como o wp-cli e o plugin wp-healthcheck.<\/p>\n\t\t\t\t<\/div>\n\t\t\t<\/div>\n\n\t\t\n\t\t\t<!-- Organizers note: The id attribute is deprecated and only remains for backwards compatibility, please use the corresponding class to target individual speakers -->\n\t\t\t<div id=\"wcorg-speaker-allyson-souza\" class=\"wcorg-speaker wcorg-speaker-allyson-souza wcorg-track-principal\">\n\t\t\t\t<h2>\n\t\t\t\t\t\n\t\t\t\t\t\tAllyson Souza\n\t\t\t\t\t\t\t\t\t<\/h2>\n\n\t\t\t\t<div class=\"wcorg-speaker-description\">\n\t\t\t\t\t<img alt='' src='https:\/\/secure.gravatar.com\/avatar\/2390e8368b3a4667c5213a889fb4cc40ce5a3d5c6080aeb6e7cdbbe41ca5ffdb?s=100&#038;d=mm&#038;r=g' srcset='https:\/\/secure.gravatar.com\/avatar\/2390e8368b3a4667c5213a889fb4cc40ce5a3d5c6080aeb6e7cdbbe41ca5ffdb?s=200&#038;d=mm&#038;r=g 2x' class='avatar avatar-100 photo' height='100' width='100' \/>\t\t\t\t\t<p>Tecn\u00f3logo em Jogos Digitais pela FATEC S\u00e3o Caetano do Sul, \u00e9 Designer e Programador. Co-fundador da Haste, est\u00fadio especializado em WordPress e WooCommerce. Desenvolve com WordPress h\u00e1 cerca de 5 anos. Um dos organizadores dos meetups e WordCamp da comunidade de S\u00e3o Paulo.<\/p>\n\t\t\t\t<\/div>\n\t\t\t<\/div>\n\n\t\t\n\t\t\t<!-- Organizers note: The id attribute is deprecated and only remains for backwards compatibility, please use the corresponding class to target individual speakers -->\n\t\t\t<div id=\"wcorg-speaker-gilberto-tavares\" class=\"wcorg-speaker wcorg-speaker-gilberto-tavares wcorg-track-principal\">\n\t\t\t\t<h2>\n\t\t\t\t\t\n\t\t\t\t\t\tGilberto Tavares\n\t\t\t\t\t\t\t\t\t<\/h2>\n\n\t\t\t\t<div class=\"wcorg-speaker-description\">\n\t\t\t\t\t<img alt='' src='https:\/\/secure.gravatar.com\/avatar\/846dac0ad49da6ec36c808dc932f2a9c2adae7e4b594025eec4e3081a524fefd?s=100&#038;d=mm&#038;r=g' srcset='https:\/\/secure.gravatar.com\/avatar\/846dac0ad49da6ec36c808dc932f2a9c2adae7e4b594025eec4e3081a524fefd?s=200&#038;d=mm&#038;r=g 2x' class='avatar avatar-100 photo' height='100' width='100' \/>\t\t\t\t\t<p>Apaixonado por desenvolvimento web, software livre e WordPress. Formado em Sistemas de Informa\u00e7\u00e3o em 2016 pela UDESC. Especializado em WordPress, desenvolvendo solu\u00e7\u00f5es personalizadas em projetos institucionais. Entusiasta WordPress desde 2007, iniciou profissionalmente em 2013. Atualmente, trabalha na Envolve.<\/p>\n\t\t\t\t<\/div>\n\t\t\t<\/div>\n\n\t\t\n\t\t\t<!-- Organizers note: The id attribute is deprecated and only remains for backwards compatibility, please use the corresponding class to target individual speakers -->\n\t\t\t<div id=\"wcorg-speaker-anyssa-ferreira\" class=\"wcorg-speaker wcorg-speaker-anyssa-ferreira wcorg-track-principal\">\n\t\t\t\t<h2>\n\t\t\t\t\t\n\t\t\t\t\t\tAnyssa Ferreira\n\t\t\t\t\t\t\t\t\t<\/h2>\n\n\t\t\t\t<div class=\"wcorg-speaker-description\">\n\t\t\t\t\t<img alt='' src='https:\/\/secure.gravatar.com\/avatar\/0573510d175294341600e89804cfffee22182b56994ec196bdac3aaf76ee4c53?s=100&#038;d=mm&#038;r=g' srcset='https:\/\/secure.gravatar.com\/avatar\/0573510d175294341600e89804cfffee22182b56994ec196bdac3aaf76ee4c53?s=200&#038;d=mm&#038;r=g 2x' class='avatar avatar-100 photo' height='100' width='100' \/>\t\t\t\t\t<p>Designer e desenvolvedora web h\u00e1 10 anos. Co-fundadora do est\u00fadio Haste, especializado em WordPress. Formada em Design Gr\u00e1fico pelo Centro Universit\u00e1rio SENAC. Professora no Senac SP, Funda\u00e7\u00e3o Bradesco e Forma Haste. Organizadora da comunidade WordPress S\u00e3o Paulo e WP Brasil. Primeira ganhadora da Kim Parsell Scholarship em 2015 pela Funda\u00e7\u00e3o WordPress, pela contribui\u00e7\u00e3o com a causa da inclus\u00e3o de mulheres na comunidade.<\/p>\n\t\t\t\t<\/div>\n\t\t\t<\/div>\n\n\t\t\n\t\t\t<!-- Organizers note: The id attribute is deprecated and only remains for backwards compatibility, please use the corresponding class to target individual speakers -->\n\t\t\t<div id=\"wcorg-speaker-vitor-hugo-bastos-cardoso\" class=\"wcorg-speaker wcorg-speaker-vitor-hugo-bastos-cardoso wcorg-track-principal\">\n\t\t\t\t<h2>\n\t\t\t\t\t\n\t\t\t\t\t\tVitor Hugo Bastos Cardoso\n\t\t\t\t\t\t\t\t\t<\/h2>\n\n\t\t\t\t<div class=\"wcorg-speaker-description\">\n\t\t\t\t\t<img alt='' src='https:\/\/secure.gravatar.com\/avatar\/1ebc17c4ce1ebea5a72b6cc86e98db4743a8baa6c7b2b4e4ba5954723dc02ddf?s=100&#038;d=mm&#038;r=g' srcset='https:\/\/secure.gravatar.com\/avatar\/1ebc17c4ce1ebea5a72b6cc86e98db4743a8baa6c7b2b4e4ba5954723dc02ddf?s=200&#038;d=mm&#038;r=g 2x' class='avatar avatar-100 photo' height='100' width='100' \/>\t\t\t\t\t<p>Mestre em Hist\u00f3ria pela UFSC, atualmente Desenvolvedor WEB na InCuca, fot\u00f3grafo amador e pai da Gabriela. Entusiasta de tecnologias open-source, reconhece que o WordPress \u00e9 hoje uma das principais ferramentas no desenvolvimento de uma internet mais democr\u00e1tica, participativa e livre. Persegue o desafio de aliar tecnologia e educa\u00e7\u00e3o na constru\u00e7\u00e3o de um mundo melhor.<\/p>\n\t\t\t\t<\/div>\n\t\t\t<\/div>\n\n\t\t\n\t\t\t<!-- Organizers note: The id attribute is deprecated and only remains for backwards compatibility, please use the corresponding class to target individual speakers -->\n\t\t\t<div id=\"wcorg-speaker-eduardo-pittol\" class=\"wcorg-speaker wcorg-speaker-eduardo-pittol wcorg-track-principal\">\n\t\t\t\t<h2>\n\t\t\t\t\t\n\t\t\t\t\t\tEduardo Pittol\n\t\t\t\t\t\t\t\t\t<\/h2>\n\n\t\t\t\t<div class=\"wcorg-speaker-description\">\n\t\t\t\t\t<img alt='' src='https:\/\/secure.gravatar.com\/avatar\/ba5aff8185caefed493f8ab1807093635f26076b5785735eeb67cabb4ed8547d?s=100&#038;d=mm&#038;r=g' srcset='https:\/\/secure.gravatar.com\/avatar\/ba5aff8185caefed493f8ab1807093635f26076b5785735eeb67cabb4ed8547d?s=200&#038;d=mm&#038;r=g 2x' class='avatar avatar-100 photo' height='100' width='100' \/>\t\t\t\t\t<p>Desenvolvedor web h\u00e1 10 anos, 8 deles dedicado ao WordPress. Ativo em comunidades de empreendedorismo e de tecnologia do RS. Cara da tecnologia da Aztec Online Solutions. Empresa focada em solu\u00e7\u00f5es para WordPress. Facilitador no programa Techstars Startup Weekend. Um dos idealizadores do Taquari Valley, uma comunidade que fomenta o empreendedorismo no Vale do Taquari.<\/p>\n\t\t\t\t<\/div>\n\t\t\t<\/div>\n\n\t\t\n\t\t\t<!-- Organizers note: The id attribute is deprecated and only remains for backwards compatibility, please use the corresponding class to target individual speakers -->\n\t\t\t<div id=\"wcorg-speaker-marco-andrei-kichalowsky\" class=\"wcorg-speaker wcorg-speaker-marco-andrei-kichalowsky wcorg-track-principal\">\n\t\t\t\t<h2>\n\t\t\t\t\t\n\t\t\t\t\t\tMarco Andrei Kichalowsky\n\t\t\t\t\t\t\t\t\t<\/h2>\n\n\t\t\t\t<div class=\"wcorg-speaker-description\">\n\t\t\t\t\t<img alt='' src='https:\/\/secure.gravatar.com\/avatar\/c4ed7a236dd69c358ee063d1cf3181712b11061d31df65d7deb7d2b2bbc80293?s=100&#038;d=mm&#038;r=g' srcset='https:\/\/secure.gravatar.com\/avatar\/c4ed7a236dd69c358ee063d1cf3181712b11061d31df65d7deb7d2b2bbc80293?s=200&#038;d=mm&#038;r=g 2x' class='avatar avatar-100 photo' height='100' width='100' \/>\t\t\t\t\t<p>Webmaster e marqueteiro na arsnova.digital. Trabalha com WordPress desde 2003, quando resolveu montar seu primeiro blog, e hoje \u00e9 membro ativo da Comunidade Ga\u00facha de WordPress. Adora a Web, o Mac, o Colorado, a m\u00fasica, viajar e aprender novas l\u00ednguas.<\/p>\n\t\t\t\t<\/div>\n\t\t\t<\/div>\n\n\t\t\n\t\t\t<!-- Organizers note: The id attribute is deprecated and only remains for backwards compatibility, please use the corresponding class to target individual speakers -->\n\t\t\t<div id=\"wcorg-speaker-christian-h-mendes\" class=\"wcorg-speaker wcorg-speaker-christian-h-mendes wcorg-track-principal\">\n\t\t\t\t<h2>\n\t\t\t\t\t\n\t\t\t\t\t\tChristian H. Mendes\n\t\t\t\t\t\t\t\t\t<\/h2>\n\n\t\t\t\t<div class=\"wcorg-speaker-description\">\n\t\t\t\t\t<img alt='' src='https:\/\/secure.gravatar.com\/avatar\/faba60295ef9bd434989959b3cb69f1f732d86046b35d29539acd5db0bf82649?s=100&#038;d=mm&#038;r=g' srcset='https:\/\/secure.gravatar.com\/avatar\/faba60295ef9bd434989959b3cb69f1f732d86046b35d29539acd5db0bf82649?s=200&#038;d=mm&#038;r=g 2x' class='avatar avatar-100 photo' height='100' width='100' \/>\t\t\t\t\t<p>Christian H. Mendes \u00e9 Reputation Advisor na Oversize Strategic Consultant, consultoria de reputa\u00e7\u00e3o para marcas e pessoas. Tem mais de 10 anos de atua\u00e7\u00e3o em marketing para pessoas, com foco na reputa\u00e7\u00e3o e diferencia\u00e7\u00e3o no mercado para construir um posicionamento valioso que atraia clientes, neg\u00f3cios e oportunidades. Criou a metodologia de Estrat\u00e9gia de Lideran\u00e7a do Pensamento, com base em dados cient\u00edficos de comunica\u00e7\u00e3o e administra\u00e7\u00e3o. Aplica seus estudos para pessoas e marcas identificarem potenciais a partir de seu maior ativo &#8211; o conhecimento. Tamb\u00e9m desenvolve trabalhos de planejamento de comunica\u00e7\u00e3o estrat\u00e9gica. \u00c9 formado em Rela\u00e7\u00f5es P\u00fablicas pela Universidade do Vale dos Sinos &#8211; Unisinos. Escreve mensalmente para o site <a href=\"http:\/\/www.projuris.com.br\/category\/colunistas\/christian-h-mendes\/\">ProJuris<\/a>, ministra workshops sobre reputa\u00e7\u00e3o e produz artigos e curadorias para seu <a href=\"http:\/\/www.oversize.cc\/blog\/\">blog<\/a>.<\/p>\n\t\t\t\t<\/div>\n\t\t\t<\/div>\n\n\t\t\n\t\t\t<!-- Organizers note: The id attribute is deprecated and only remains for backwards compatibility, please use the corresponding class to target individual speakers -->\n\t\t\t<div id=\"wcorg-speaker-alessandro-huber-dos-santos\" class=\"wcorg-speaker wcorg-speaker-alessandro-huber-dos-santos wcorg-track-principal\">\n\t\t\t\t<h2>\n\t\t\t\t\t\n\t\t\t\t\t\tAlessandro Huber dos Santos\n\t\t\t\t\t\t\t\t\t<\/h2>\n\n\t\t\t\t<div class=\"wcorg-speaker-description\">\n\t\t\t\t\t<img alt='' src='https:\/\/secure.gravatar.com\/avatar\/cc8717cf9d3b167feb36a522c582a600aecfa582e79610b9b976a37fa102c422?s=100&#038;d=mm&#038;r=g' srcset='https:\/\/secure.gravatar.com\/avatar\/cc8717cf9d3b167feb36a522c582a600aecfa582e79610b9b976a37fa102c422?s=200&#038;d=mm&#038;r=g 2x' class='avatar avatar-100 photo' height='100' width='100' \/>\t\t\t\t\t<p>Analista de Infraestrutura de Hosting Senior na KingHost. MBA em Gest\u00e3o Estrat\u00e9gica da TI pela FGV e Engenheiro de Computa\u00e7\u00e3o pela FURG. Apaixonado por tuning e performance de ambientes Linux. Pai do Enzo, e torcedor fan\u00e1tico do Gr\u00eamio nas horas vagas.<\/p>\n\t\t\t\t<\/div>\n\t\t\t<\/div>\n\n\t\t\n\t\t\t<!-- Organizers note: The id attribute is deprecated and only remains for backwards compatibility, please use the corresponding class to target individual speakers -->\n\t\t\t<div id=\"wcorg-speaker-jose-mauricio\" class=\"wcorg-speaker wcorg-speaker-jose-mauricio wcorg-track-principal\">\n\t\t\t\t<h2>\n\t\t\t\t\t\n\t\t\t\t\t\tJos\u00e9 Maur\u00edcio Vieira Leite J\u00fanior\n\t\t\t\t\t\t\t\t\t<\/h2>\n\n\t\t\t\t<div class=\"wcorg-speaker-description\">\n\t\t\t\t\t<img alt='' src='https:\/\/secure.gravatar.com\/avatar\/fc367046bc1e89d5e6eea79a6b82593f7926d69f826b95404cf9bdcfd9ff3489?s=100&#038;d=mm&#038;r=g' srcset='https:\/\/secure.gravatar.com\/avatar\/fc367046bc1e89d5e6eea79a6b82593f7926d69f826b95404cf9bdcfd9ff3489?s=200&#038;d=mm&#038;r=g 2x' class='avatar avatar-100 photo' height='100' width='100' \/>\t\t\t\t\t<p>Desenvolvedor, integrador e fazedor de chuva! Sim porque se quiserem a gente faz chover! Entusiasta da plataforma WordPress em um momento que me viro a ajudar uma comunidade que s\u00f3 cresce em todo mundo, e compartilhar um pouco dos meus 6 anos usando, programando e configurando WordPress!<\/p>\n\t\t\t\t<\/div>\n\t\t\t<\/div>\n\n\t\t\n\t\t\t<!-- Organizers note: The id attribute is deprecated and only remains for backwards compatibility, please use the corresponding class to target individual speakers -->\n\t\t\t<div id=\"wcorg-speaker-rogic-alan\" class=\"wcorg-speaker wcorg-speaker-rogic-alan wcorg-track-principal\">\n\t\t\t\t<h2>\n\t\t\t\t\t\n\t\t\t\t\t\tR\u00f3gic Alan\n\t\t\t\t\t\t\t\t\t<\/h2>\n\n\t\t\t\t<div class=\"wcorg-speaker-description\">\n\t\t\t\t\t<img alt='' src='https:\/\/secure.gravatar.com\/avatar\/f4e68cbf6c846d4e35e5caa5d2d3bdaae4d562aa19a050636697c63017069e35?s=100&#038;d=mm&#038;r=g' srcset='https:\/\/secure.gravatar.com\/avatar\/f4e68cbf6c846d4e35e5caa5d2d3bdaae4d562aa19a050636697c63017069e35?s=200&#038;d=mm&#038;r=g 2x' class='avatar avatar-100 photo' height='100' width='100' \/>\t\t\t\t\t<p>R\u00f3gic Alan, \u00e9 natural de S\u00e3o Sebasti\u00e3o &#8211; SP, mas cresceu em Florian\u00f3polis &#8211; SC, estuda Desenvolvimento Web desde os 18 anos e formou-se como Desenvolvedor Web em 2010. Trabalhou no Minist\u00e9rio P\u00fablico de SC, na ag\u00eancia Labbo Grupo Digital como gerente de suporte e desenvolvedor PHP e na ag\u00eancia de freelancers remotos Vibbra. Com vasta experi\u00eancia em gerenciamento de servidores, gerenciamento de projetos, desenvolvimento e atendimento ao cliente\/customer success . Atualmente coordena e desenvolve os projetos na RGC.<\/p>\n\t\t\t\t<\/div>\n\t\t\t<\/div>\n\n\t\t\n\t<\/div>\n\n\t\n","protected":false},"excerpt":{"rendered":"","protected":false},"author":13542799,"featured_media":0,"parent":0,"menu_order":0,"comment_status":"closed","ping_status":"closed","template":"","meta":{"jetpack_post_was_ever_published":false,"footnotes":""},"class_list":["post-8","page","type-page","status-publish","hentry"],"jetpack_sharing_enabled":true,"jetpack_shortlink":"https:\/\/wp.me\/P9tyN3-8","jetpack_likes_enabled":true,"jetpack-related-posts":[{"id":194,"url":"https:\/\/portoalegre.wordcamp.org\/2018\/voluntarios\/","url_meta":{"origin":8,"position":0},"title":"Volunt\u00e1rios","author":"Rodrigo Donini","date":"30 de janeiro de 2018","format":false,"excerpt":"Volunt\u00e1rios s\u00e3o muito importantes para a realiza\u00e7\u00e3o dos WordCamps, pois ajudam a tornar\u00a0o evento\u00a0mais organizado e confort\u00e1vel para seus participantes e palestrantes. Estes s\u00e3o os\u00a0viventes que v\u00e3o dedicar seu tempo para fazer\u00a0essa linda e sensacional tert\u00falia de WordPress na Capital dos Ga\u00fachos. Se precisares de alguma coisa no dia do\u2026","rel":"","context":"Post similar","block_context":{"text":"Post similar","link":""},"img":{"alt_text":"","src":"https:\/\/i0.wp.com\/portoalegre.wordcamp.org\/2018\/files\/2018\/03\/4071-2048.jpg?fit=1200%2C800&ssl=1&resize=350%2C200","width":350,"height":200,"srcset":"https:\/\/i0.wp.com\/portoalegre.wordcamp.org\/2018\/files\/2018\/03\/4071-2048.jpg?fit=1200%2C800&ssl=1&resize=350%2C200 1x, https:\/\/i0.wp.com\/portoalegre.wordcamp.org\/2018\/files\/2018\/03\/4071-2048.jpg?fit=1200%2C800&ssl=1&resize=525%2C300 1.5x, https:\/\/i0.wp.com\/portoalegre.wordcamp.org\/2018\/files\/2018\/03\/4071-2048.jpg?fit=1200%2C800&ssl=1&resize=700%2C400 2x, https:\/\/i0.wp.com\/portoalegre.wordcamp.org\/2018\/files\/2018\/03\/4071-2048.jpg?fit=1200%2C800&ssl=1&resize=1050%2C600 3x"},"classes":[]},{"id":19,"url":"https:\/\/portoalegre.wordcamp.org\/2018\/codigo-de-conduta\/","url_meta":{"origin":8,"position":1},"title":"C\u00f3digo de Conduta","author":"Rodrigo Donini","date":"16 de novembro de 2017","format":false,"excerpt":"1. Objetivos O WordCamp Porto Alegre acredita que nossa comunidade deve ser totalmente aberta para todos. Desta forma, estamos comprometidos a oferecer um ambiente amig\u00e1vel, seguro e acolhedor para todos, n\u00e3o importando o sexo, orienta\u00e7\u00e3o sexual, defici\u00eancias f\u00edsicas, etnicidade, religi\u00e3o, sistema operacional preferido, linguagem de programa\u00e7\u00e3o ou editor de texto.\u2026","rel":"","context":"Post similar","block_context":{"text":"Post similar","link":""},"img":{"alt_text":"","src":"https:\/\/i0.wp.com\/portoalegre.wordcamp.org\/2018\/files\/2018\/02\/cropped-wcpoa2018-favicon.png?fit=512%2C512&resize=350%2C200#038;ssl=1","width":350,"height":200},"classes":[]}],"_links":{"self":[{"href":"https:\/\/portoalegre.wordcamp.org\/2018\/wp-json\/wp\/v2\/pages\/8","targetHints":{"allow":["GET"]}}],"collection":[{"href":"https:\/\/portoalegre.wordcamp.org\/2018\/wp-json\/wp\/v2\/pages"}],"about":[{"href":"https:\/\/portoalegre.wordcamp.org\/2018\/wp-json\/wp\/v2\/types\/page"}],"author":[{"embeddable":true,"href":"https:\/\/portoalegre.wordcamp.org\/2018\/wp-json\/wp\/v2\/users\/13542799"}],"replies":[{"embeddable":true,"href":"https:\/\/portoalegre.wordcamp.org\/2018\/wp-json\/wp\/v2\/comments?post=8"}],"version-history":[{"count":1,"href":"https:\/\/portoalegre.wordcamp.org\/2018\/wp-json\/wp\/v2\/pages\/8\/revisions"}],"predecessor-version":[{"id":293,"href":"https:\/\/portoalegre.wordcamp.org\/2018\/wp-json\/wp\/v2\/pages\/8\/revisions\/293"}],"wp:attachment":[{"href":"https:\/\/portoalegre.wordcamp.org\/2018\/wp-json\/wp\/v2\/media?parent=8"}],"curies":[{"name":"wp","href":"https:\/\/api.w.org\/{rel}","templated":true}]}}