{"id":327,"date":"2018-03-19T22:51:56","date_gmt":"2018-03-20T01:51:56","guid":{"rendered":"https:\/\/2018.portoalegre.wordcamp.org\/?page_id=327"},"modified":"2018-05-05T14:18:20","modified_gmt":"2018-05-05T17:18:20","slug":"ingressos","status":"publish","type":"page","link":"https:\/\/portoalegre.wordcamp.org\/2018\/ingressos\/","title":{"rendered":"Ingressos"},"content":{"rendered":"<p>O pagamento do ingresso pode ser feito agora apenas pelo Paypal\u00a0<strong>(os pagamentos por boleto banc\u00e1rio foram encerrados hoje, 03\/05\/2018 pois precisamos receber a confirma\u00e7\u00e3o dos pagamentos)<\/strong>.<\/p>\n<p>Ap\u00f3s a confirma\u00e7\u00e3o do pagamento, dever\u00e1s receber uma mensagem do pr\u00f3prio evento confirmando teu ingresso. Caso n\u00e3o recebas essa mensagem, por favor, <a href=\"https:\/\/2018.portoalegre.wordcamp.org\/contato\/\">entra em contato para confirmarmos tua presen\u00e7a<\/a>.<\/p>\n<a href=\"https:\/\/portoalegre.wordcamp.org\/2018\/ingressos\/\">Please view this page in a browser to purchase or manage tickets.<\/a>\n","protected":false},"excerpt":{"rendered":"<p>O pagamento do ingresso pode ser feito agora apenas pelo Paypal\u00a0(os pagamentos por boleto banc\u00e1rio foram encerrados hoje, 03\/05\/2018 pois precisamos receber a confirma\u00e7\u00e3o dos pagamentos). Ap\u00f3s a confirma\u00e7\u00e3o do pagamento, dever\u00e1s receber uma mensagem do pr\u00f3prio evento confirmando teu ingresso. Caso n\u00e3o recebas essa mensagem, por favor, entra em contato para confirmarmos tua presen\u00e7a.<\/p>\n","protected":false},"author":13542799,"featured_media":446,"parent":0,"menu_order":0,"comment_status":"closed","ping_status":"closed","template":"","meta":{"jetpack_post_was_ever_published":false,"footnotes":""},"class_list":["post-327","page","type-page","status-publish","has-post-thumbnail","hentry"],"jetpack_sharing_enabled":true,"jetpack_shortlink":"https:\/\/wp.me\/P9tyN3-5h","jetpack_likes_enabled":true,"jetpack-related-posts":[{"id":177,"url":"https:\/\/portoalegre.wordcamp.org\/2018\/guia-de-sobrevivencia\/","url_meta":{"origin":327,"position":0},"title":"Guia de sobreviv\u00eancia","author":"Rodrigo Donini","date":"30 de janeiro de 2018","format":false,"excerpt":"Bem-vindo \u00e0 Porto Alegre! Porto Alegre \u00e9 um munic\u00edpio brasileiro e a capital do estado mais meridional do Brasil, o Rio Grande do Sul. Com uma \u00e1rea de mais de 490 mil km\u00b2, possui uma geografia diversificada, com morros, baixadas e um grande lago, o Gua\u00edba. Hist\u00f3ria e caracter\u00edsticas A\u2026","rel":"","context":"Post similar","block_context":{"text":"Post similar","link":""},"img":{"alt_text":"","src":"https:\/\/i0.wp.com\/portoalegre.wordcamp.org\/2018\/files\/2018\/01\/31.jpg?resize=350%2C200","width":350,"height":200,"srcset":"https:\/\/i0.wp.com\/portoalegre.wordcamp.org\/2018\/files\/2018\/01\/31.jpg?resize=350%2C200 1x, https:\/\/i0.wp.com\/portoalegre.wordcamp.org\/2018\/files\/2018\/01\/31.jpg?resize=525%2C300 1.5x, https:\/\/i0.wp.com\/portoalegre.wordcamp.org\/2018\/files\/2018\/01\/31.jpg?resize=700%2C400 2x, https:\/\/i0.wp.com\/portoalegre.wordcamp.org\/2018\/files\/2018\/01\/31.jpg?resize=1050%2C600 3x"},"classes":[]},{"id":168,"url":"https:\/\/portoalegre.wordcamp.org\/2018\/","url_meta":{"origin":327,"position":1},"title":"Bem-vindo ao WordCamp Porto Alegre!","author":"Rodrigo Donini","date":"30 de janeiro de 2018","format":false,"excerpt":"O WordCamp Porto Alegre \u00e9 o evento oficial de WordPress na Capital dos Ga\u00fachos, em sua quarta edi\u00e7\u00e3o. Descansando \u00e0s margens do Lago Gua\u00edba, Porto Alegre \u00e9 o grande centro da fronteira Sul do Brasil, de forte cultura local, com costumes e linguajar distintos, destacada gastronomia, expressiva cena art\u00edstica e\u2026","rel":"","context":"Post similar","block_context":{"text":"Post similar","link":""},"img":{"alt_text":"","src":"https:\/\/i0.wp.com\/portoalegre.wordcamp.org\/2018\/files\/2018\/02\/cropped-wcpoa2018-favicon.png?fit=512%2C512&resize=350%2C200#038;ssl=1","width":350,"height":200},"classes":[]},{"id":197,"url":"https:\/\/portoalegre.wordcamp.org\/2018\/politica-de-privacidade\/","url_meta":{"origin":327,"position":2},"title":"Pol\u00edtica de Privacidade","author":"Rodrigo Donini","date":"30 de janeiro de 2018","format":false,"excerpt":"Informa\u00e7\u00f5es e dados pessoais fornecidos \u00e0 organiza\u00e7\u00e3o do WordCamp Porto Alegre 2018 \u2013 cuja veracidade e exatid\u00e3o s\u00e3o de total responsabilidade do inscrito \u2013 ser\u00e3o coletados e guardados em conformidade com padr\u00f5es r\u00edgidos de confidencialidade e de seguran\u00e7a, e utilizados para as seguintes finalidades: comunicar o inscrito a respeito de\u2026","rel":"","context":"Post similar","block_context":{"text":"Post similar","link":""},"img":{"alt_text":"","src":"https:\/\/i0.wp.com\/portoalegre.wordcamp.org\/2018\/files\/2018\/02\/cropped-wcpoa2018-favicon.png?fit=512%2C512&resize=350%2C200#038;ssl=1","width":350,"height":200},"classes":[]},{"id":19,"url":"https:\/\/portoalegre.wordcamp.org\/2018\/codigo-de-conduta\/","url_meta":{"origin":327,"position":3},"title":"C\u00f3digo de Conduta","author":"Rodrigo Donini","date":"16 de novembro de 2017","format":false,"excerpt":"1. Objetivos O WordCamp Porto Alegre acredita que nossa comunidade deve ser totalmente aberta para todos. Desta forma, estamos comprometidos a oferecer um ambiente amig\u00e1vel, seguro e acolhedor para todos, n\u00e3o importando o sexo, orienta\u00e7\u00e3o sexual, defici\u00eancias f\u00edsicas, etnicidade, religi\u00e3o, sistema operacional preferido, linguagem de programa\u00e7\u00e3o ou editor de texto.\u2026","rel":"","context":"Post similar","block_context":{"text":"Post similar","link":""},"img":{"alt_text":"","src":"https:\/\/i0.wp.com\/portoalegre.wordcamp.org\/2018\/files\/2018\/02\/cropped-wcpoa2018-favicon.png?fit=512%2C512&resize=350%2C200#038;ssl=1","width":350,"height":200},"classes":[]}],"_links":{"self":[{"href":"https:\/\/portoalegre.wordcamp.org\/2018\/wp-json\/wp\/v2\/pages\/327","targetHints":{"allow":["GET"]}}],"collection":[{"href":"https:\/\/portoalegre.wordcamp.org\/2018\/wp-json\/wp\/v2\/pages"}],"about":[{"href":"https:\/\/portoalegre.wordcamp.org\/2018\/wp-json\/wp\/v2\/types\/page"}],"author":[{"embeddable":true,"href":"https:\/\/portoalegre.wordcamp.org\/2018\/wp-json\/wp\/v2\/users\/13542799"}],"replies":[{"embeddable":true,"href":"https:\/\/portoalegre.wordcamp.org\/2018\/wp-json\/wp\/v2\/comments?post=327"}],"version-history":[{"count":12,"href":"https:\/\/portoalegre.wordcamp.org\/2018\/wp-json\/wp\/v2\/pages\/327\/revisions"}],"predecessor-version":[{"id":1187,"href":"https:\/\/portoalegre.wordcamp.org\/2018\/wp-json\/wp\/v2\/pages\/327\/revisions\/1187"}],"wp:featuredmedia":[{"embeddable":true,"href":"https:\/\/portoalegre.wordcamp.org\/2018\/wp-json\/wp\/v2\/media\/446"}],"wp:attachment":[{"href":"https:\/\/portoalegre.wordcamp.org\/2018\/wp-json\/wp\/v2\/media?parent=327"}],"curies":[{"name":"wp","href":"https:\/\/api.w.org\/{rel}","templated":true}]}}