{"id":197,"date":"2018-01-30T19:25:14","date_gmt":"2018-01-30T22:25:14","guid":{"rendered":"https:\/\/2018.portoalegre.wordcamp.org\/?page_id=197"},"modified":"2018-03-28T08:44:29","modified_gmt":"2018-03-28T11:44:29","slug":"politica-de-privacidade","status":"publish","type":"page","link":"https:\/\/portoalegre.wordcamp.org\/2018\/politica-de-privacidade\/","title":{"rendered":"Pol\u00edtica de Privacidade"},"content":{"rendered":"<p>Informa\u00e7\u00f5es e dados pessoais fornecidos \u00e0 organiza\u00e7\u00e3o do WordCamp Porto Alegre 2018 \u2013 cuja veracidade e exatid\u00e3o s\u00e3o de total responsabilidade do inscrito \u2013 ser\u00e3o coletados e guardados em conformidade com padr\u00f5es r\u00edgidos de confidencialidade e de seguran\u00e7a, e utilizados para as seguintes finalidades:<\/p>\n<ul>\n<li>comunicar o inscrito a respeito de novos produtos, promo\u00e7\u00f5es, not\u00edcias relacionadas ao evento;<\/li>\n<li>manter atualizados os cadastros dos inscritos para fins de contato;<\/li>\n<li>elaborar estat\u00edsticas gerais, sem que haja identifica\u00e7\u00e3o dos inscritos;<\/li>\n<li>responder \u00e0s d\u00favidas e solicita\u00e7\u00f5es dos inscritos no evento.<\/li>\n<\/ul>\n<p>O acesso \u00e0s informa\u00e7\u00f5es recebidas \u00e9 restrito apenas aos integrantes da organiza\u00e7\u00e3o do WordCamp Porto Alegre 2018, autorizados para o uso adequado dessas informa\u00e7\u00f5es.<\/p>\n<p>Se o inscrito desejar que seu cadastro seja exclu\u00eddo, ele poder\u00e1 solicitar a exclus\u00e3o a qualquer momento, o que ser\u00e1 feito imediatamente.<\/p>\n<p>Feita tal exclus\u00e3o, seu cadastro ser\u00e1 desativado da base de dados doWordCamp Porto Alegre 2018.<\/p>\n<p>A organiza\u00e7\u00e3o doWordCamp Porto Alegre 2018 n\u00e3o vender\u00e1 ou alugar\u00e1 quaisquer dados pessoais dos usu\u00e1rios cadastrados a quaisquer terceiros.<\/p>\n","protected":false},"excerpt":{"rendered":"<p>Informa\u00e7\u00f5es e dados pessoais fornecidos \u00e0 organiza\u00e7\u00e3o do WordCamp Porto Alegre 2018 \u2013 cuja veracidade e exatid\u00e3o s\u00e3o de total responsabilidade do inscrito \u2013 ser\u00e3o coletados e guardados em conformidade com padr\u00f5es r\u00edgidos de confidencialidade e de seguran\u00e7a, e utilizados para as seguintes finalidades: comunicar o inscrito a respeito de novos produtos, promo\u00e7\u00f5es, not\u00edcias relacionadas &hellip; <\/p>\n<p class=\"link-more\"><a href=\"https:\/\/portoalegre.wordcamp.org\/2018\/politica-de-privacidade\/\" class=\"more-link\">Continue lendo<span class=\"screen-reader-text\"> &#8220;Pol\u00edtica de Privacidade&#8221;<\/span><\/a><\/p>\n","protected":false},"author":13542799,"featured_media":0,"parent":0,"menu_order":0,"comment_status":"closed","ping_status":"closed","template":"","meta":{"jetpack_post_was_ever_published":false,"footnotes":""},"class_list":["post-197","page","type-page","status-publish","hentry"],"jetpack_sharing_enabled":true,"jetpack_shortlink":"https:\/\/wp.me\/P9tyN3-3b","jetpack_likes_enabled":true,"jetpack-related-posts":[{"id":19,"url":"https:\/\/portoalegre.wordcamp.org\/2018\/codigo-de-conduta\/","url_meta":{"origin":197,"position":0},"title":"C\u00f3digo de Conduta","author":"Rodrigo Donini","date":"16 de novembro de 2017","format":false,"excerpt":"1. Objetivos O WordCamp Porto Alegre acredita que nossa comunidade deve ser totalmente aberta para todos. Desta forma, estamos comprometidos a oferecer um ambiente amig\u00e1vel, seguro e acolhedor para todos, n\u00e3o importando o sexo, orienta\u00e7\u00e3o sexual, defici\u00eancias f\u00edsicas, etnicidade, religi\u00e3o, sistema operacional preferido, linguagem de programa\u00e7\u00e3o ou editor de texto.\u2026","rel":"","context":"Post similar","block_context":{"text":"Post similar","link":""},"img":{"alt_text":"","src":"https:\/\/i0.wp.com\/portoalegre.wordcamp.org\/2018\/files\/2018\/02\/cropped-wcpoa2018-favicon.png?fit=512%2C512&resize=350%2C200#038;ssl=1","width":350,"height":200},"classes":[]},{"id":199,"url":"https:\/\/portoalegre.wordcamp.org\/2018\/edicoes-anteriores\/","url_meta":{"origin":197,"position":1},"title":"Edi\u00e7\u00f5es Anteriores","author":"Rodrigo Donini","date":"30 de janeiro de 2018","format":false,"excerpt":"A cidade de Porto Alegre sedia o WordCamp desde 2013 O WordCamp Porto Alegre \u00e9 organizado por volunt\u00e1rios, dividido em palestras e oficinas. Toda a arrecada\u00e7\u00e3o do evento \u00e9 investido nele mesmo na forma de brindes, estrutura e alimenta\u00e7\u00e3o. Edi\u00e7\u00e3o 2017 Data:\u00a006\/05\/2017 N\u00famero de Palestras:\u00a012 Total de Participantes:\u00a0115 P\u00e1gina:\u00a02017.portoalegre.wordcamp.org Edi\u00e7\u00e3o\u2026","rel":"","context":"Post similar","block_context":{"text":"Post similar","link":""},"img":{"alt_text":"","src":"https:\/\/i0.wp.com\/portoalegre.wordcamp.org\/2018\/files\/2018\/03\/0794-2048.jpg?resize=350%2C200","width":350,"height":200,"srcset":"https:\/\/i0.wp.com\/portoalegre.wordcamp.org\/2018\/files\/2018\/03\/0794-2048.jpg?resize=350%2C200 1x, https:\/\/i0.wp.com\/portoalegre.wordcamp.org\/2018\/files\/2018\/03\/0794-2048.jpg?resize=525%2C300 1.5x, https:\/\/i0.wp.com\/portoalegre.wordcamp.org\/2018\/files\/2018\/03\/0794-2048.jpg?resize=700%2C400 2x, https:\/\/i0.wp.com\/portoalegre.wordcamp.org\/2018\/files\/2018\/03\/0794-2048.jpg?resize=1050%2C600 3x, https:\/\/i0.wp.com\/portoalegre.wordcamp.org\/2018\/files\/2018\/03\/0794-2048.jpg?resize=1400%2C800 4x"},"classes":[]},{"id":168,"url":"https:\/\/portoalegre.wordcamp.org\/2018\/","url_meta":{"origin":197,"position":2},"title":"Bem-vindo ao WordCamp Porto Alegre!","author":"Rodrigo Donini","date":"30 de janeiro de 2018","format":false,"excerpt":"O WordCamp Porto Alegre \u00e9 o evento oficial de WordPress na Capital dos Ga\u00fachos, em sua quarta edi\u00e7\u00e3o. Descansando \u00e0s margens do Lago Gua\u00edba, Porto Alegre \u00e9 o grande centro da fronteira Sul do Brasil, de forte cultura local, com costumes e linguajar distintos, destacada gastronomia, expressiva cena art\u00edstica e\u2026","rel":"","context":"Post similar","block_context":{"text":"Post similar","link":""},"img":{"alt_text":"","src":"https:\/\/i0.wp.com\/portoalegre.wordcamp.org\/2018\/files\/2018\/02\/cropped-wcpoa2018-favicon.png?fit=512%2C512&resize=350%2C200#038;ssl=1","width":350,"height":200},"classes":[]},{"id":10,"url":"https:\/\/portoalegre.wordcamp.org\/2018\/patrocinadores\/","url_meta":{"origin":197,"position":3},"title":"Patrocinadores","author":"Rodrigo Donini","date":"16 de novembro de 2017","format":false,"excerpt":"Agradecemos os entusiastas e as empresas que, com seu apoio, fizeram com que o WordCamp Porto Alegre 2018 fosse poss\u00edvel. Muito obrigado! Caso tenhas interesse em patrocinar nosso evento, baixa o \"Media Kit\" com as op\u00e7\u00f5es de patroc\u00ednio clicando aqui.","rel":"","context":"Post similar","block_context":{"text":"Post similar","link":""},"img":{"alt_text":"","src":"https:\/\/i0.wp.com\/portoalegre.wordcamp.org\/2018\/files\/2018\/02\/cropped-wcpoa2018-favicon.png?fit=512%2C512&resize=350%2C200#038;ssl=1","width":350,"height":200},"classes":[]},{"id":7,"url":"https:\/\/portoalegre.wordcamp.org\/2018\/programacao\/","url_meta":{"origin":197,"position":4},"title":"Programa\u00e7\u00e3o","author":"Rodrigo Donini","date":"16 de novembro de 2017","format":false,"excerpt":"CONFIRA A PROGRAMA\u00c7\u00c3O DO WORDCAMP PORTO ALEGRE 2018! * Fique atento e acompanhe as novidades! A grade de programa\u00e7\u00e3o do evento ainda est\u00e1 sendo atualizada. Poder\u00e3o ocorrer mudan\u00e7as de \u00faltima hora. Legenda: Neg\u00f3cios Desenvolvimento Marketing e Conte\u00fado Comunidade \u00a0 * Faremos o poss\u00edvel para manter o cronograma acima, mas algumas\u2026","rel":"","context":"Post similar","block_context":{"text":"Post similar","link":""},"img":{"alt_text":"","src":"https:\/\/i0.wp.com\/portoalegre.wordcamp.org\/2018\/files\/2018\/02\/cropped-wcpoa2018-favicon.png?fit=512%2C512&resize=350%2C200#038;ssl=1","width":350,"height":200},"classes":[]},{"id":177,"url":"https:\/\/portoalegre.wordcamp.org\/2018\/guia-de-sobrevivencia\/","url_meta":{"origin":197,"position":5},"title":"Guia de sobreviv\u00eancia","author":"Rodrigo Donini","date":"30 de janeiro de 2018","format":false,"excerpt":"Bem-vindo \u00e0 Porto Alegre! Porto Alegre \u00e9 um munic\u00edpio brasileiro e a capital do estado mais meridional do Brasil, o Rio Grande do Sul. Com uma \u00e1rea de mais de 490 mil km\u00b2, possui uma geografia diversificada, com morros, baixadas e um grande lago, o Gua\u00edba. Hist\u00f3ria e caracter\u00edsticas A\u2026","rel":"","context":"Post similar","block_context":{"text":"Post similar","link":""},"img":{"alt_text":"","src":"https:\/\/i0.wp.com\/portoalegre.wordcamp.org\/2018\/files\/2018\/01\/31.jpg?resize=350%2C200","width":350,"height":200,"srcset":"https:\/\/i0.wp.com\/portoalegre.wordcamp.org\/2018\/files\/2018\/01\/31.jpg?resize=350%2C200 1x, https:\/\/i0.wp.com\/portoalegre.wordcamp.org\/2018\/files\/2018\/01\/31.jpg?resize=525%2C300 1.5x, https:\/\/i0.wp.com\/portoalegre.wordcamp.org\/2018\/files\/2018\/01\/31.jpg?resize=700%2C400 2x, https:\/\/i0.wp.com\/portoalegre.wordcamp.org\/2018\/files\/2018\/01\/31.jpg?resize=1050%2C600 3x"},"classes":[]}],"_links":{"self":[{"href":"https:\/\/portoalegre.wordcamp.org\/2018\/wp-json\/wp\/v2\/pages\/197","targetHints":{"allow":["GET"]}}],"collection":[{"href":"https:\/\/portoalegre.wordcamp.org\/2018\/wp-json\/wp\/v2\/pages"}],"about":[{"href":"https:\/\/portoalegre.wordcamp.org\/2018\/wp-json\/wp\/v2\/types\/page"}],"author":[{"embeddable":true,"href":"https:\/\/portoalegre.wordcamp.org\/2018\/wp-json\/wp\/v2\/users\/13542799"}],"replies":[{"embeddable":true,"href":"https:\/\/portoalegre.wordcamp.org\/2018\/wp-json\/wp\/v2\/comments?post=197"}],"version-history":[{"count":2,"href":"https:\/\/portoalegre.wordcamp.org\/2018\/wp-json\/wp\/v2\/pages\/197\/revisions"}],"predecessor-version":[{"id":420,"href":"https:\/\/portoalegre.wordcamp.org\/2018\/wp-json\/wp\/v2\/pages\/197\/revisions\/420"}],"wp:attachment":[{"href":"https:\/\/portoalegre.wordcamp.org\/2018\/wp-json\/wp\/v2\/media?parent=197"}],"curies":[{"name":"wp","href":"https:\/\/api.w.org\/{rel}","templated":true}]}}