{"id":18,"date":"2017-11-16T12:43:12","date_gmt":"2017-11-16T12:43:12","guid":{"rendered":"https:\/\/2018.portoalegre.wordcamp.org\/social-media-stream\/"},"modified":"2018-05-02T16:17:32","modified_gmt":"2018-05-02T19:17:32","slug":"wcpoa2018","status":"publish","type":"page","link":"https:\/\/portoalegre.wordcamp.org\/2018\/wcpoa2018\/","title":{"rendered":"#WCPOA2018"},"content":{"rendered":"<p>Poste seus melhores momentos do WordCamp POA nas redes sociais. E n\u00e3o esque\u00e7a de marcar a postagem com #WCPOA2018. Queremos ver esse mural recheado de fotos.<\/p>\n<div\n\tid=\"tggr-media-item-container\"\n\tclass=\"three-column\"\n\tdata-hashtag=\"wcpoa,wcpoa2018,wordcamppoa,wordcamppoa2018,wcpoa2018-2,wordcamppoa-2\"\n\taria-live=\"polite\">\n\n\t<p>Loading new posts.<\/p>\n<\/div> <!-- end media-item-container -->\n\n<script type=\"text\/javascript\">\n\tvar tggrData = {\n\t\tApiUrl:          'https:\/\/portoalegre.wordcamp.org\/2018\/wp-json\/',\n\t\tlogos:            [\"https:\\\/\\\/portoalegre.wordcamp.org\\\/2018\\\/wp-content\\\/plugins\\\/tagregator\\\/images\\\/source-logos\\\/tweets.png\",\"https:\\\/\\\/portoalegre.wordcamp.org\\\/2018\\\/wp-content\\\/plugins\\\/tagregator\\\/images\\\/source-logos\\\/instagram.png\",\"https:\\\/\\\/portoalegre.wordcamp.org\\\/2018\\\/wp-content\\\/plugins\\\/tagregator\\\/images\\\/source-logos\\\/flickr.png\",\"https:\\\/\\\/portoalegre.wordcamp.org\\\/2018\\\/wp-content\\\/plugins\\\/tagregator\\\/images\\\/source-logos\\\/google.png\"],\n\t\thashtags:        'wcpoa,wcpoa2018,wordcamppoa,wordcamppoa2018,wcpoa2018-2,wordcamppoa-2',\n\t\tlayout:          'three-column',\n\t\trefreshInterval:  30\t};\n<\/script>\n\n","protected":false},"excerpt":{"rendered":"<p>Poste seus melhores momentos do WordCamp POA nas redes sociais. E n\u00e3o esque\u00e7a de marcar a postagem com #WCPOA2018. Queremos ver esse mural recheado de fotos.<\/p>\n","protected":false},"author":13542799,"featured_media":0,"parent":0,"menu_order":0,"comment_status":"closed","ping_status":"closed","template":"","meta":{"jetpack_post_was_ever_published":false,"footnotes":""},"class_list":["post-18","page","type-page","status-publish","hentry"],"jetpack_sharing_enabled":true,"jetpack_shortlink":"https:\/\/wp.me\/P9tyN3-i","jetpack_likes_enabled":true,"jetpack-related-posts":[{"id":19,"url":"https:\/\/portoalegre.wordcamp.org\/2018\/codigo-de-conduta\/","url_meta":{"origin":18,"position":0},"title":"C\u00f3digo de Conduta","author":"Rodrigo Donini","date":"16 de novembro de 2017","format":false,"excerpt":"1. Objetivos O WordCamp Porto Alegre acredita que nossa comunidade deve ser totalmente aberta para todos. Desta forma, estamos comprometidos a oferecer um ambiente amig\u00e1vel, seguro e acolhedor para todos, n\u00e3o importando o sexo, orienta\u00e7\u00e3o sexual, defici\u00eancias f\u00edsicas, etnicidade, religi\u00e3o, sistema operacional preferido, linguagem de programa\u00e7\u00e3o ou editor de texto.\u2026","rel":"","context":"Post similar","block_context":{"text":"Post similar","link":""},"img":{"alt_text":"","src":"https:\/\/i0.wp.com\/portoalegre.wordcamp.org\/2018\/files\/2018\/02\/cropped-wcpoa2018-favicon.png?fit=512%2C512&resize=350%2C200#038;ssl=1","width":350,"height":200},"classes":[]}],"_links":{"self":[{"href":"https:\/\/portoalegre.wordcamp.org\/2018\/wp-json\/wp\/v2\/pages\/18","targetHints":{"allow":["GET"]}}],"collection":[{"href":"https:\/\/portoalegre.wordcamp.org\/2018\/wp-json\/wp\/v2\/pages"}],"about":[{"href":"https:\/\/portoalegre.wordcamp.org\/2018\/wp-json\/wp\/v2\/types\/page"}],"author":[{"embeddable":true,"href":"https:\/\/portoalegre.wordcamp.org\/2018\/wp-json\/wp\/v2\/users\/13542799"}],"replies":[{"embeddable":true,"href":"https:\/\/portoalegre.wordcamp.org\/2018\/wp-json\/wp\/v2\/comments?post=18"}],"version-history":[{"count":5,"href":"https:\/\/portoalegre.wordcamp.org\/2018\/wp-json\/wp\/v2\/pages\/18\/revisions"}],"predecessor-version":[{"id":1114,"href":"https:\/\/portoalegre.wordcamp.org\/2018\/wp-json\/wp\/v2\/pages\/18\/revisions\/1114"}],"wp:attachment":[{"href":"https:\/\/portoalegre.wordcamp.org\/2018\/wp-json\/wp\/v2\/media?parent=18"}],"curies":[{"name":"wp","href":"https:\/\/api.w.org\/{rel}","templated":true}]}}