{"id":12,"date":"2017-11-16T12:43:12","date_gmt":"2017-11-16T15:43:12","guid":{"rendered":"https:\/\/2018.portoalegre.wordcamp.org\/organizers\/"},"modified":"2018-03-03T23:55:10","modified_gmt":"2018-03-04T02:55:10","slug":"organizadores","status":"publish","type":"page","link":"https:\/\/portoalegre.wordcamp.org\/2018\/organizadores\/","title":{"rendered":"Organizadores"},"content":{"rendered":"<p>Estes s\u00e3o os viventes que est\u00e3o dedicando seu tempo para fazer essa linda e sensacional tert\u00falia de WordPress na Capital dos Ga\u00fachos.<\/p>\n<p>Se precisares de alguma coisa antes ou no dia do evento, n\u00e3o te mixa, \u00e9 s\u00f3 chamar!<\/p>\n\t<div class=\"wcorg-organizers\">\n\n\t\t\n\t\t\t<div class=\"wcorg-organizer\">\n\t\t\t\t<h2>Priscilla Mella<\/h2>\n\t\t\t\t<div class=\"wcorg-organizer-description\">\n\t\t\t\t\t\t\t\t\t\t<img alt='' src='https:\/\/secure.gravatar.com\/avatar\/18f43deab972ff30feccde25d7997c6f57344b1c43fd671fa8b2800fe745246a?s=100&#038;d=mm&#038;r=g' srcset='https:\/\/secure.gravatar.com\/avatar\/18f43deab972ff30feccde25d7997c6f57344b1c43fd671fa8b2800fe745246a?s=200&#038;d=mm&#038;r=g 2x' class='avatar avatar-100 photo' height='100' width='100' \/>\t\t\t\t\t<p>Jornalista, assessora de comunica\u00e7\u00e3o e marketing e redatora web; \u00e9 entusiasta do empreendedorismo, fascinada pela Segunda Guerra, apaixonada por content marketing, por literatura romancista e por Star Wars.<\/p>\n\t\t\t\t<\/div>\n\t\t\t<\/div>\n\n\t\t\n\t\t\t<div class=\"wcorg-organizer\">\n\t\t\t\t<h2>Rodrigo Donini<\/h2>\n\t\t\t\t<div class=\"wcorg-organizer-description\">\n\t\t\t\t\t\t\t\t\t\t<img alt='' src='https:\/\/secure.gravatar.com\/avatar\/c8cf504e5ae3826eb87591aa4f6658e912bc658a0d8aa487ad90b4ce26ff7f24?s=100&#038;d=mm&#038;r=g' srcset='https:\/\/secure.gravatar.com\/avatar\/c8cf504e5ae3826eb87591aa4f6658e912bc658a0d8aa487ad90b4ce26ff7f24?s=200&#038;d=mm&#038;r=g 2x' class='avatar avatar-100 photo' height='100' width='100' \/>\t\t\t\t\t<p>Pai, marido, desenvolvedor e palestrante. Trabalho remoto e WordPress s\u00e3o suas paix\u00f5es, juntamente com a forte motiva\u00e7\u00e3o de movimentar a comunidade de desenvolvimento de software local. Atualmente \u00e9 WordPress Engineer na Toptal LLC onde lida com projetos internacionais de alta escala e disponibilidade.<\/p>\n\t\t\t\t<\/div>\n\t\t\t<\/div>\n\n\t\t\n\t\t\t<div class=\"wcorg-organizer\">\n\t\t\t\t<h2>Gustavo Tagliassuchi<\/h2>\n\t\t\t\t<div class=\"wcorg-organizer-description\">\n\t\t\t\t\t\t\t\t\t\t<img alt='' src='https:\/\/secure.gravatar.com\/avatar\/499fad49ce1b17bfd6e1d9015d3404174bf099e826411aa2a228e1ab6f6950b9?s=100&#038;d=mm&#038;r=g' srcset='https:\/\/secure.gravatar.com\/avatar\/499fad49ce1b17bfd6e1d9015d3404174bf099e826411aa2a228e1ab6f6950b9?s=200&#038;d=mm&#038;r=g 2x' class='avatar avatar-100 photo' height='100' width='100' \/>\t\t\t\t\t<p>Estudioso da web e seus desdobramentos, nerd, micreiro, pai dedicado de tr\u00eas filhos (um \u00e9 peludo), marido espor\u00e1dico, empreendedor, especialista em desenvolvimento de software para web, pesquisador, escritor, professor, marketeiro, blogueiro, apreciador de cervejas artesanais, profundo admirador do WordPress, ouvinte das m\u00fasicas dos anos 80, sobrevivente do colesterol alto e corredor muito muito amador.<\/p>\n\t\t\t\t<\/div>\n\t\t\t<\/div>\n\n\t\t\n\t\t\t<div class=\"wcorg-organizer\">\n\t\t\t\t<h2>Marco Andrei Kichalowsky<\/h2>\n\t\t\t\t<div class=\"wcorg-organizer-description\">\n\t\t\t\t\t\t\t\t\t\t<img alt='' src='https:\/\/secure.gravatar.com\/avatar\/c4ed7a236dd69c358ee063d1cf3181712b11061d31df65d7deb7d2b2bbc80293?s=100&#038;d=mm&#038;r=g' srcset='https:\/\/secure.gravatar.com\/avatar\/c4ed7a236dd69c358ee063d1cf3181712b11061d31df65d7deb7d2b2bbc80293?s=200&#038;d=mm&#038;r=g 2x' class='avatar avatar-100 photo' height='100' width='100' \/>\t\t\t\t\t<p>Webmaster e viciado em WordPress. \u00c9 diretor de Marketing e propriet\u00e1rio da Arsnova, especializada em trabalhar com a Internet como canal de Comunica\u00e7\u00e3o e Marketing. Adora a Web, o Colorado, o Mac, a m\u00fasica e viajar para conhecer lugares, culturas e idiomas em todo o mundo.<\/p>\n\t\t\t\t<\/div>\n\t\t\t<\/div>\n\n\t\t\n\t\t\t<div class=\"wcorg-organizer\">\n\t\t\t\t<h2>Eduardo Pittol<\/h2>\n\t\t\t\t<div class=\"wcorg-organizer-description\">\n\t\t\t\t\t\t\t\t\t\t<img alt='' src='https:\/\/secure.gravatar.com\/avatar\/ba5aff8185caefed493f8ab1807093635f26076b5785735eeb67cabb4ed8547d?s=100&#038;d=mm&#038;r=g' srcset='https:\/\/secure.gravatar.com\/avatar\/ba5aff8185caefed493f8ab1807093635f26076b5785735eeb67cabb4ed8547d?s=200&#038;d=mm&#038;r=g 2x' class='avatar avatar-100 photo' height='100' width='100' \/>\t\t\t\t\t<p>Cientista da Computa\u00e7\u00e3o. Desenvolvedor Web h\u00e1 9 anos e a 7 trabalhando com WordPress. Ativo em comunidades de empreendedorismo e de tecnologia do RS. Cara da tecnologia da Aztec, empresa focada em solu\u00e7\u00f5es para WordPress.<\/p>\n\t\t\t\t<\/div>\n\t\t\t<\/div>\n\n\t\t\n\t\t\t<div class=\"wcorg-organizer\">\n\t\t\t\t<h2>Giovani Blotta<\/h2>\n\t\t\t\t<div class=\"wcorg-organizer-description\">\n\t\t\t\t\t\t\t\t\t\t<img alt='' src='https:\/\/secure.gravatar.com\/avatar\/ff6b731fa942b46d05692518650e1341c6fe302c5dca534e4a00e48208c9ea39?s=100&#038;d=mm&#038;r=g' srcset='https:\/\/secure.gravatar.com\/avatar\/ff6b731fa942b46d05692518650e1341c6fe302c5dca534e4a00e48208c9ea39?s=200&#038;d=mm&#038;r=g 2x' class='avatar avatar-100 photo' height='100' width='100' \/>\t\t\t\t\t<p>Bacharel em Inform\u00e1tica pela PUCRS e empreendedor na \u00e1rea de Marketing Digital. Um entusiasta do WordPress, trabalho h\u00e1 2 anos com desenvolvimento de sites utilizando esta tecnologia.<\/p>\n\t\t\t\t<\/div>\n\t\t\t<\/div>\n\n\t\t\n\t<\/div><!-- .wcorg-organizers -->\n\t\n","protected":false},"excerpt":{"rendered":"<p>Estes s\u00e3o os viventes que est\u00e3o dedicando seu tempo para fazer essa linda e sensacional tert\u00falia de WordPress na Capital dos Ga\u00fachos. Se precisares de alguma coisa antes ou no dia do evento, n\u00e3o te mixa, \u00e9 s\u00f3 chamar!<\/p>\n","protected":false},"author":13542799,"featured_media":0,"parent":0,"menu_order":0,"comment_status":"closed","ping_status":"closed","template":"","meta":{"jetpack_post_was_ever_published":false,"footnotes":""},"class_list":["post-12","page","type-page","status-publish","hentry"],"jetpack_sharing_enabled":true,"jetpack_shortlink":"https:\/\/wp.me\/P9tyN3-c","jetpack_likes_enabled":true,"jetpack-related-posts":[],"_links":{"self":[{"href":"https:\/\/portoalegre.wordcamp.org\/2018\/wp-json\/wp\/v2\/pages\/12","targetHints":{"allow":["GET"]}}],"collection":[{"href":"https:\/\/portoalegre.wordcamp.org\/2018\/wp-json\/wp\/v2\/pages"}],"about":[{"href":"https:\/\/portoalegre.wordcamp.org\/2018\/wp-json\/wp\/v2\/types\/page"}],"author":[{"embeddable":true,"href":"https:\/\/portoalegre.wordcamp.org\/2018\/wp-json\/wp\/v2\/users\/13542799"}],"replies":[{"embeddable":true,"href":"https:\/\/portoalegre.wordcamp.org\/2018\/wp-json\/wp\/v2\/comments?post=12"}],"version-history":[{"count":3,"href":"https:\/\/portoalegre.wordcamp.org\/2018\/wp-json\/wp\/v2\/pages\/12\/revisions"}],"predecessor-version":[{"id":288,"href":"https:\/\/portoalegre.wordcamp.org\/2018\/wp-json\/wp\/v2\/pages\/12\/revisions\/288"}],"wp:attachment":[{"href":"https:\/\/portoalegre.wordcamp.org\/2018\/wp-json\/wp\/v2\/media?parent=12"}],"curies":[{"name":"wp","href":"https:\/\/api.w.org\/{rel}","templated":true}]}}