{"id":7,"date":"2017-02-15T21:25:42","date_gmt":"2017-02-16T00:25:42","guid":{"rendered":"https:\/\/2017.portoalegre.wordcamp.org\/schedule\/"},"modified":"2017-04-27T16:58:13","modified_gmt":"2017-04-27T19:58:13","slug":"programacao","status":"publish","type":"page","link":"https:\/\/portoalegre.wordcamp.org\/2017\/programacao\/","title":{"rendered":"Programa\u00e7\u00e3o"},"content":{"rendered":"<p>CONFIRA A PROGRAMA\u00c7\u00c3O COMPLETA DO WORDCAMP PORTO ALEGRE 2017!<\/p>\n<table class=\"wcpt-schedule\" border=\"0\"><thead><tr><th class=\"wcpt-col-time\">Hora<\/th><th class=\"wcpt-col-track\"> <span class=\"wcpt-track-name\">Descritivo<\/span> <span class=\"wcpt-track-description\">Palestrante<\/span> <\/th><\/tr><\/thead><tbody><tr class=\"wcpt-time-0800 global-session credenciamento\"><td class=\"wcpt-time\">08:00<\/td><td colspan=\"1\" class=\"wcb-track-principal wcpt-session-type-custom wcb-session-credenciamento\" data-track-title=\"Descritivo\" data-session-id=\"795\"><div class=\"wcb-session-cell-content\"><span class=\"wcpt-session-title\">Credenciamento<\/span><\/div><\/td><\/tr><tr class=\"wcpt-time-0830 global-session caf-da-manh\"><td class=\"wcpt-time\">08:30<\/td><td colspan=\"1\" class=\"wcb-track-principal wcpt-session-type-custom wcb-session-cafe-da-manha\" data-track-title=\"Descritivo\" data-session-id=\"797\"><div class=\"wcb-session-cell-content\"><span class=\"wcpt-session-title\">Caf\u00e9 da manh\u00e3<\/span><\/div><\/td><\/tr><tr class=\"wcpt-time-0900 global-session abertura\"><td class=\"wcpt-time\">09:00<\/td><td colspan=\"1\" class=\"wcb-track-principal wcpt-session-type-custom wcb-session-abertura\" data-track-title=\"Descritivo\" data-session-id=\"799\"><div class=\"wcb-session-cell-content\"><span class=\"wcpt-session-title\">Abertura<\/span><\/div><\/td><\/tr><tr class=\"wcpt-time-0930 global-session spread-the-word-a-importncia-de-compartilhar-no-ecossistema-em-que-voc-vive\"><td class=\"wcpt-time\">09:30<\/td><td colspan=\"1\" class=\"wcb-speaker-vinicius-lourenco wcb-track-principal wcpt-session-type-session wcb-session-spread-the-word-a-importancia-de-compartilhar-no-ecossistema-em-que-voce-vive\" data-track-title=\"Descritivo\" data-session-id=\"803\"><div class=\"wcb-session-cell-content\"><a class=\"wcpt-session-title\" href=\"https:\/\/portoalegre.wordcamp.org\/2017\/palestras\/#wcorg-session-803\">Spread the Word: A import\u00e2ncia de compartilhar no ecossistema em que voc\u00ea vive!<\/a> <span class=\"wcpt-session-speakers\"><a href=\"http:\/\/profiles.wordpress.org\/viniciuslourenco\/\">Vin\u00edcius Louren\u00e7o<\/a><\/span><\/div><div class=\"wcb-session-favourite-icon\"><a href=\"#\" role=\"button\" class=\"fav-session-button\" aria-pressed=\"false\"><span class=\"screen-reader-text\">Palestra favorita: Spread the Word: A import\u00e2ncia de compartilhar no ecossistema em que voc\u00ea vive!<\/span><span class=\"dashicons dashicons-star-filled\"><\/span><\/a><\/div><\/td><\/tr><tr class=\"wcpt-time-1000 global-session livin-la-vida-wordpress\"><td class=\"wcpt-time\">10:00<\/td><td colspan=\"1\" class=\"wcb-speaker-rodrigo-donini wcb-track-principal wcpt-session-type-session wcb-session-livin-la-vida-wordpress-2\" data-track-title=\"Descritivo\" data-session-id=\"877\"><div class=\"wcb-session-cell-content\"><a class=\"wcpt-session-title\" href=\"https:\/\/portoalegre.wordcamp.org\/2017\/palestras\/#wcorg-session-877\">Livin&#8217; La Vida WordPress<\/a> <span class=\"wcpt-session-speakers\"><a href=\"http:\/\/profiles.wordpress.org\/rodrigodonini\/\">Rodrigo Donini<\/a><\/span><\/div><div class=\"wcb-session-favourite-icon\"><a href=\"#\" role=\"button\" class=\"fav-session-button\" aria-pressed=\"false\"><span class=\"screen-reader-text\">Palestra favorita: Livin&#8217; La Vida WordPress<\/span><span class=\"dashicons dashicons-star-filled\"><\/span><\/a><\/div><\/td><\/tr><tr class=\"wcpt-time-1030 global-session gesto-de-projetos-no-desenvolvimento-wordpress-trabalhando-em-comunidade\"><td class=\"wcpt-time\">10:30<\/td><td colspan=\"1\" class=\"wcb-speaker-kelly-de-castro wcb-track-principal wcpt-session-type-session wcb-session-gestao-de-projetos-no-desenvolvimento-wordpress-trabalhando-em-comunidade\" data-track-title=\"Descritivo\" data-session-id=\"922\"><div class=\"wcb-session-cell-content\"><a class=\"wcpt-session-title\" href=\"https:\/\/portoalegre.wordcamp.org\/2017\/palestras\/#wcorg-session-922\">Gest\u00e3o de projetos no desenvolvimento WordPress. Trabalhando em comunidade.<\/a> <span class=\"wcpt-session-speakers\"><a href=\"http:\/\/profiles.wordpress.org\/kellydecastro\/\">Kelly de Castro<\/a><\/span><\/div><div class=\"wcb-session-favourite-icon\"><a href=\"#\" role=\"button\" class=\"fav-session-button\" aria-pressed=\"false\"><span class=\"screen-reader-text\">Palestra favorita: Gest\u00e3o de projetos no desenvolvimento WordPress. Trabalhando em comunidade.<\/span><span class=\"dashicons dashicons-star-filled\"><\/span><\/a><\/div><\/td><\/tr><tr class=\"wcpt-time-1100 global-session princpios-de-arquitetura-da-informao-aplicados-ao-wordpress\"><td class=\"wcpt-time\">11:00<\/td><td colspan=\"1\" class=\"wcb-speaker-ligia-freitas wcb-track-principal wcpt-session-type-session wcb-session-principios-de-arquitetura-da-informacao-aplicados-ao-wordpress\" data-track-title=\"Descritivo\" data-session-id=\"811\"><div class=\"wcb-session-cell-content\"><a class=\"wcpt-session-title\" href=\"https:\/\/portoalegre.wordcamp.org\/2017\/palestras\/#wcorg-session-811\">Princ\u00edpios de Arquitetura da Informa\u00e7\u00e3o aplicados ao WordPress<\/a> <span class=\"wcpt-session-speakers\"><a href=\"http:\/\/profiles.wordpress.org\/lfreitas\/\">L\u00edgia Freitas<\/a><\/span><\/div><div class=\"wcb-session-favourite-icon\"><a href=\"#\" role=\"button\" class=\"fav-session-button\" aria-pressed=\"false\"><span class=\"screen-reader-text\">Palestra favorita: Princ\u00edpios de Arquitetura da Informa\u00e7\u00e3o aplicados ao WordPress<\/span><span class=\"dashicons dashicons-star-filled\"><\/span><\/a><\/div><\/td><\/tr><tr class=\"wcpt-time-1130 global-session wordpress-multisite-crie-e-gerencie-sua-rede-de-blogs\"><td class=\"wcpt-time\">11:30<\/td><td colspan=\"1\" class=\"wcb-speaker-ricardo-bernardi wcb-track-principal wcpt-session-type-session wcb-session-wordpress-multisite-crie-e-gerencie-sua-rede-de-blogs\" data-track-title=\"Descritivo\" data-session-id=\"1032\"><div class=\"wcb-session-cell-content\"><a class=\"wcpt-session-title\" href=\"https:\/\/portoalegre.wordcamp.org\/2017\/palestras\/#wcorg-session-1032\">WordPress Multisite: crie e gerencie sua rede de blogs<\/a> <span class=\"wcpt-session-speakers\"><a href=\"http:\/\/profiles.wordpress.org\/bernardiricardo\/\">Ricardo Bernardi<\/a><\/span><\/div><div class=\"wcb-session-favourite-icon\"><a href=\"#\" role=\"button\" class=\"fav-session-button\" aria-pressed=\"false\"><span class=\"screen-reader-text\">Palestra favorita: WordPress Multisite: crie e gerencie sua rede de blogs<\/span><span class=\"dashicons dashicons-star-filled\"><\/span><\/a><\/div><\/td><\/tr><tr class=\"wcpt-time-1200 global-session almoo\"><td class=\"wcpt-time\">12:00<\/td><td colspan=\"1\" class=\"wcb-track-principal wcpt-session-type-custom wcb-session-almoco\" data-track-title=\"Descritivo\" data-session-id=\"809\"><div class=\"wcb-session-cell-content\"><span class=\"wcpt-session-title\">Almo\u00e7o<\/span><\/div><\/td><\/tr><tr class=\"wcpt-time-1300 global-session wordpress-lightning-talks\"><td class=\"wcpt-time\">13:00<\/td><td colspan=\"1\" class=\"wcb-track-principal wcpt-session-type-session wcb-session-wordpress-lightning-talks\" data-track-title=\"Descritivo\" data-session-id=\"1296\"><div class=\"wcb-session-cell-content\"><a class=\"wcpt-session-title\" href=\"https:\/\/portoalegre.wordcamp.org\/2017\/palestras\/#wcorg-session-1296\">WordPress Lightning Talks<\/a><\/div><div class=\"wcb-session-favourite-icon\"><a href=\"#\" role=\"button\" class=\"fav-session-button\" aria-pressed=\"false\"><span class=\"screen-reader-text\">Palestra favorita: WordPress Lightning Talks<\/span><span class=\"dashicons dashicons-star-filled\"><\/span><\/a><\/div><\/td><\/tr><tr class=\"wcpt-time-1330 global-session wordpress-como-soluo-para-boletins-cientficos-estudo-de-caso-da-carta-de-conjuntura-da-fee\"><td class=\"wcpt-time\">13:30<\/td><td colspan=\"1\" class=\"wcb-speaker-israel-cefrin wcb-track-principal wcpt-session-type-session wcb-session-wordpress-como-solucao-para-boletins-cientificos-estudo-de-caso-da-carta-de-conjuntura-da-fee\" data-track-title=\"Descritivo\" data-session-id=\"868\"><div class=\"wcb-session-cell-content\"><a class=\"wcpt-session-title\" href=\"https:\/\/portoalegre.wordcamp.org\/2017\/palestras\/#wcorg-session-868\">WordPress como solu\u00e7\u00e3o para boletins cient\u00edficos: estudo de caso da Carta de Conjuntura da FEE<\/a> <span class=\"wcpt-session-speakers\"><a href=\"http:\/\/profiles.wordpress.org\/israelcefrin\/\">Israel Cefrin<\/a><\/span><\/div><div class=\"wcb-session-favourite-icon\"><a href=\"#\" role=\"button\" class=\"fav-session-button\" aria-pressed=\"false\"><span class=\"screen-reader-text\">Palestra favorita: WordPress como solu\u00e7\u00e3o para boletins cient\u00edficos: estudo de caso da Carta de Conjuntura da FEE<\/span><span class=\"dashicons dashicons-star-filled\"><\/span><\/a><\/div><\/td><\/tr><tr class=\"wcpt-time-1400 global-session da-ideia-ao-compartilhamento-wordpress-como-aliado-nas-estratgia-de-marketing\"><td class=\"wcpt-time\">14:00<\/td><td colspan=\"1\" class=\"wcb-speaker-aline-roque wcb-track-principal wcpt-session-type-session wcb-session-da-ideia-ao-compartilhamento-wordpress-como-aliado-nas-estrategia-de-marketing\" data-track-title=\"Descritivo\" data-session-id=\"1028\"><div class=\"wcb-session-cell-content\"><a class=\"wcpt-session-title\" href=\"https:\/\/portoalegre.wordcamp.org\/2017\/palestras\/#wcorg-session-1028\">Da ideia ao compartilhamento: WordPress como aliado nas estrat\u00e9gia de marketing<\/a> <span class=\"wcpt-session-speakers\"><a href=\"http:\/\/profiles.wordpress.org\/alineroquemkt\/\">Aline Roque<\/a><\/span><\/div><div class=\"wcb-session-favourite-icon\"><a href=\"#\" role=\"button\" class=\"fav-session-button\" aria-pressed=\"false\"><span class=\"screen-reader-text\">Palestra favorita: Da ideia ao compartilhamento: WordPress como aliado nas estrat\u00e9gia de marketing<\/span><span class=\"dashicons dashicons-star-filled\"><\/span><\/a><\/div><\/td><\/tr><tr class=\"wcpt-time-1430 global-session seo-para-wordpress-do-desenvolvimento--publicao\"><td class=\"wcpt-time\">14:30<\/td><td colspan=\"1\" class=\"wcb-speaker-denis-andrade wcb-track-principal wcpt-session-type-session wcb-session-seo-para-wordpress-do-desenvolvimento-a-publicacao\" data-track-title=\"Descritivo\" data-session-id=\"872\"><div class=\"wcb-session-cell-content\"><a class=\"wcpt-session-title\" href=\"https:\/\/portoalegre.wordcamp.org\/2017\/palestras\/#wcorg-session-872\">SEO para WordPress, do desenvolvimento \u00e0 publica\u00e7\u00e3o<\/a> <span class=\"wcpt-session-speakers\"><a href=\"http:\/\/profiles.wordpress.org\/denisandradeds\/\">Denis Andrade<\/a><\/span><\/div><div class=\"wcb-session-favourite-icon\"><a href=\"#\" role=\"button\" class=\"fav-session-button\" aria-pressed=\"false\"><span class=\"screen-reader-text\">Palestra favorita: SEO para WordPress, do desenvolvimento \u00e0 publica\u00e7\u00e3o<\/span><span class=\"dashicons dashicons-star-filled\"><\/span><\/a><\/div><\/td><\/tr><tr class=\"wcpt-time-1500 global-session glotpress-e-outras-ferramentas-para-traduzir-no-wordpress\"><td class=\"wcpt-time\">15:00<\/td><td colspan=\"1\" class=\"wcb-speaker-sheila-gomes wcb-track-principal wcpt-session-type-session wcb-session-glotpress-e-outras-ferramentas-para-traduzir-no-wordpress\" data-track-title=\"Descritivo\" data-session-id=\"880\"><div class=\"wcb-session-cell-content\"><a class=\"wcpt-session-title\" href=\"https:\/\/portoalegre.wordcamp.org\/2017\/palestras\/#wcorg-session-880\">GlotPress e outras ferramentas para traduzir (n)o WordPress<\/a> <span class=\"wcpt-session-speakers\"><a href=\"http:\/\/profiles.wordpress.org\/sheilagomes\/\">Sheila Gomes<\/a><\/span><\/div><div class=\"wcb-session-favourite-icon\"><a href=\"#\" role=\"button\" class=\"fav-session-button\" aria-pressed=\"false\"><span class=\"screen-reader-text\">Palestra favorita: GlotPress e outras ferramentas para traduzir (n)o WordPress<\/span><span class=\"dashicons dashicons-star-filled\"><\/span><\/a><\/div><\/td><\/tr><tr class=\"wcpt-time-1530 global-session caf-da-tarde\"><td class=\"wcpt-time\">15:30<\/td><td colspan=\"1\" class=\"wcb-track-principal wcpt-session-type-custom wcb-session-coffee-break-maroto\" data-track-title=\"Descritivo\" data-session-id=\"598\"><div class=\"wcb-session-cell-content\"><span class=\"wcpt-session-title\">Caf\u00e9 da tarde<\/span><\/div><\/td><\/tr><tr class=\"wcpt-time-1600 global-session o-wordpress--seguro-inseguro--voc\"><td class=\"wcpt-time\">16:00<\/td><td colspan=\"1\" class=\"wcb-speaker-leandro-vieira wcb-track-principal wcpt-session-type-session wcb-session-o-wordpress-e-seguro-inseguro-e-voce\" data-track-title=\"Descritivo\" data-session-id=\"813\"><div class=\"wcb-session-cell-content\"><a class=\"wcpt-session-title\" href=\"https:\/\/portoalegre.wordcamp.org\/2017\/palestras\/#wcorg-session-813\">O WordPress \u00e9 seguro. Inseguro \u00e9 voc\u00ea<\/a> <span class=\"wcpt-session-speakers\"><a href=\"http:\/\/profiles.wordpress.org\/apiki\/\">Leandro Vieira<\/a><\/span><\/div><div class=\"wcb-session-favourite-icon\"><a href=\"#\" role=\"button\" class=\"fav-session-button\" aria-pressed=\"false\"><span class=\"screen-reader-text\">Palestra favorita: O WordPress \u00e9 seguro. Inseguro \u00e9 voc\u00ea<\/span><span class=\"dashicons dashicons-star-filled\"><\/span><\/a><\/div><\/td><\/tr><tr class=\"wcpt-time-1630 global-session configurando-ssl-com-lets-encrypt-easyengine-e-wp-cli\"><td class=\"wcpt-time\">16:30<\/td><td colspan=\"1\" class=\"wcb-speaker-rafael-funchal wcb-track-principal wcpt-session-type-session wcb-session-configurando-ssl-com-lets-encrypt-easyengine-e-wp-cli\" data-track-title=\"Descritivo\" data-session-id=\"805\"><div class=\"wcb-session-cell-content\"><a class=\"wcpt-session-title\" href=\"https:\/\/portoalegre.wordcamp.org\/2017\/palestras\/#wcorg-session-805\">Configurando SSL com Let\u2019s Encrypt, EasyEngine e WP-CLI<\/a> <span class=\"wcpt-session-speakers\"><a href=\"http:\/\/profiles.wordpress.org\/rafaelfunchal\/\">Rafael Funchal<\/a><\/span><\/div><div class=\"wcb-session-favourite-icon\"><a href=\"#\" role=\"button\" class=\"fav-session-button\" aria-pressed=\"false\"><span class=\"screen-reader-text\">Palestra favorita: Configurando SSL com Let\u2019s Encrypt, EasyEngine e WP-CLI<\/span><span class=\"dashicons dashicons-star-filled\"><\/span><\/a><\/div><\/td><\/tr><tr class=\"wcpt-time-1700 global-session coisas-que-eu-gostaria-de-saber-antes-de-comear-a-desenvolver-temas-e-plugins-para-wordpress\"><td class=\"wcpt-time\">17:00<\/td><td colspan=\"1\" class=\"wcb-speaker-leo-baiano wcb-track-principal wcpt-session-type-session wcb-session-coisas-que-eu-gostaria-de-saber-antes-de-comecar-a-desenvolver-temas-e-plugins-para-wordpress\" data-track-title=\"Descritivo\" data-session-id=\"807\"><div class=\"wcb-session-cell-content\"><a class=\"wcpt-session-title\" href=\"https:\/\/portoalegre.wordcamp.org\/2017\/palestras\/#wcorg-session-807\">Coisas que eu gostaria de saber antes de come\u00e7ar a desenvolver temas e plugins para WordPress<\/a> <span class=\"wcpt-session-speakers\"><a href=\"http:\/\/profiles.wordpress.org\/leobaiano\/\">Leo Baiano<\/a><\/span><\/div><div class=\"wcb-session-favourite-icon\"><a href=\"#\" role=\"button\" class=\"fav-session-button\" aria-pressed=\"false\"><span class=\"screen-reader-text\">Palestra favorita: Coisas que eu gostaria de saber antes de come\u00e7ar a desenvolver temas e plugins para WordPress<\/span><span class=\"dashicons dashicons-star-filled\"><\/span><\/a><\/div><\/td><\/tr><tr class=\"wcpt-time-1730 global-session encerramento\"><td class=\"wcpt-time\">17:30<\/td><td colspan=\"1\" class=\"wcb-track-principal wcpt-session-type-custom wcb-session-encerramento\" data-track-title=\"Descritivo\" data-session-id=\"816\"><div class=\"wcb-session-cell-content\"><span class=\"wcpt-session-title\">Encerramento<\/span><\/div><\/td><\/tr><tr class=\"wcpt-time-1800 global-session entrega-do-local\"><td class=\"wcpt-time\">18:00<\/td><td colspan=\"1\" class=\"wcb-track-principal wcpt-session-type-custom wcb-session-entrega-do-local\" data-track-title=\"Descritivo\" data-session-id=\"818\"><div class=\"wcb-session-cell-content\"><span class=\"wcpt-session-title\">Entrega do local<\/span><\/div><\/td><\/tr><tr class=\"wcpt-time-1900 global-session wordcana-malvadeza-pub\"><td class=\"wcpt-time\">19:00<\/td><td colspan=\"1\" class=\"wcb-track-principal wcpt-session-type-custom wcb-session-wordcana-confraternizacao-em-local-a-ser-confirmado\" data-track-title=\"Descritivo\" data-session-id=\"820\"><div class=\"wcb-session-cell-content\"><span class=\"wcpt-session-title\">WordCana (Malvadeza Pub)<\/span><\/div><\/td><\/tr><\/tbody><\/table>\n\t<div class=\"email-form fav-session-email-form-hide\">\n\t\t<!-- Tab links -->\n\t\t<div class=\"fav-session-share-tab\">\n\t\t\t\t\t\t\t<div class=\"fav-session-tablinks\" id=\"fav-session-btn-email\">\n\t\t\t\t\tE-mail\t\t\t\t<\/div>\n\t\t\t\n\t\t\t<div class=\"fav-session-tablinks\" id=\"fav-session-btn-link\">\n\t\t\t\tLink\t\t\t<\/div>\n\n\t\t\t<div class=\"fav-session-tablinks\" id=\"fav-session-btn-print\">\n\t\t\t\tImprimir\t\t\t<\/div>\n\t\t<\/div>\n\n\t\t<!-- Tab content -->\n\t\t\t\t\t<div id=\"fav-session-tab-email\" class=\"fav-session-share-tabcontent\">\n\t\t\t\t<div id=\"fav-session-email-form\">\n\t\t\t\t\tEnvie-me minhas sess\u00f5es favoritas:\n\t\t\t\t\t<form id=\"fav-sessions-form\">\n\t\t\t\t\t\t<input\n\t\t\t\t\t\t\ttype=\"text\"\n\t\t\t\t\t\t\tname=\"email_address\"\n\t\t\t\t\t\t\tid=\"fav-sessions-email-address\"\n\t\t\t\t\t\t\tplaceholder=\"me@protonmail.com\"\n\t\t\t\t\t\t\/>\n\t\t\t\t\t\t<input type=\"submit\" value=\"Enviar\" \/>\n\t\t\t\t\t<\/form>\n\t\t\t\t<\/div>\n\n\t\t\t\t<div class=\"fav-session-email-wait-spinner\"><\/div>\n\t\t\t\t<div class=\"fav-session-email-result\"><\/div>\n\t\t\t<\/div>\n\t\t\n\t\t<div id=\"fav-session-tab-link\" class=\"fav-session-share-tabcontent\">\n\t\t\tLink compartilh\u00e1vel:\t\t\t<br \/>\n\t\t\t<a id=\"fav-sessions-link\" href=\"\"><\/a>\n\t\t<\/div>\n\n\t\t<div id=\"fav-session-tab-print\" class=\"fav-session-share-tabcontent\">\n\t\t\t<button id=\"fav-session-print\">\n\t\t\t\tImprimir sess\u00f5es favoritas\t\t\t<\/button>\n\t\t<\/div>\n\t<\/div>\n\n\t<a class=\"show-email-form\" href=\"javascript:\">\n\t\t<span class=\"dashicons dashicons-star-filled\"><\/span>\n\t\t<span class=\"dashicons dashicons-email-alt\"><\/span>\n\t<\/a>\n\n\t\n<p>* Faremos o poss\u00edvel para manter o cronograma acima, mas algumas palestras poder\u00e3o mudar de hor\u00e1rio at\u00e9 a data do evento.<\/p>\n","protected":false},"excerpt":{"rendered":"<p>CONFIRA A PROGRAMA\u00c7\u00c3O COMPLETA DO WORDCAMP PORTO ALEGRE 2017! * Faremos o poss\u00edvel para manter o cronograma acima, mas algumas palestras poder\u00e3o mudar de hor\u00e1rio at\u00e9 a data do evento.<\/p>\n","protected":false},"author":4711507,"featured_media":483,"parent":0,"menu_order":0,"comment_status":"closed","ping_status":"closed","template":"","meta":{"jetpack_post_was_ever_published":false,"footnotes":""},"class_list":["post-7","page","type-page","status-publish","has-post-thumbnail","hentry"],"jetpack_sharing_enabled":true,"jetpack_shortlink":"https:\/\/wp.me\/P8pj85-7","jetpack-related-posts":[{"id":193,"url":"https:\/\/portoalegre.wordcamp.org\/2017\/edicoes-anteriores\/","url_meta":{"origin":7,"position":0},"title":"Edi\u00e7\u00f5es Anteriores","author":"Rodrigo Donini","date":"15 de mar\u00e7o de 2017","format":false,"excerpt":"A cidade de Porto Alegre sedia o WordCamp desde 2013. O WordCamp Porto Alegre \u00e9 organizado por volunt\u00e1rios, dividido em palestras e oficinas. Toda a arrecada\u00e7\u00e3o do evento \u00e9 investido nele mesmo na forma de brindes, estrutura e alimenta\u00e7\u00e3o. Edi\u00e7\u00e3o 2013 Data:\u00a013\/07\/2013 N\u00famero de Palestras: 7 N\u00famero de Oficinas: 3\u2026","rel":"","context":"Post similar","block_context":{"text":"Post similar","link":""},"img":{"alt_text":"","src":"https:\/\/i0.wp.com\/portoalegre.wordcamp.org\/2017\/files\/2017\/03\/IMG_9477-150x150.jpg?resize=350%2C200&ssl=1","width":350,"height":200,"srcset":"https:\/\/i0.wp.com\/portoalegre.wordcamp.org\/2017\/files\/2017\/03\/IMG_9477-150x150.jpg?resize=350%2C200&ssl=1 1x, https:\/\/i0.wp.com\/portoalegre.wordcamp.org\/2017\/files\/2017\/03\/IMG_9477-150x150.jpg?resize=525%2C300&ssl=1 1.5x, https:\/\/i0.wp.com\/portoalegre.wordcamp.org\/2017\/files\/2017\/03\/IMG_9477-150x150.jpg?resize=700%2C400&ssl=1 2x"},"classes":[]},{"id":102,"url":"https:\/\/portoalegre.wordcamp.org\/2017\/","url_meta":{"origin":7,"position":1},"title":"Bem-vindo ao WordCamp Porto Alegre!","author":"Eduardo Pittol","date":"12 de mar\u00e7o de 2017","format":false,"excerpt":"O WordCamp Porto Alegre \u00e9 o evento oficial de WordPress na Capital dos Ga\u00fachos, em sua terceira edi\u00e7\u00e3o. Descansando \u00e0s margens do Lago Gua\u00edba, Porto Alegre \u00e9 o grande centro da fronteira Sul do Brasil, com forte cultura local de costumes e linguajar distintos, destacada gastronomia, expressiva cena art\u00edstica e\u2026","rel":"","context":"Post similar","block_context":{"text":"Post similar","link":""},"img":{"alt_text":"","src":"https:\/\/i0.wp.com\/portoalegre.wordcamp.org\/2017\/files\/2017\/03\/cropped-wcpoa2017-favicon-1.png?resize=350%2C200&ssl=1","width":350,"height":200},"classes":[]},{"id":19,"url":"https:\/\/portoalegre.wordcamp.org\/2017\/codigo-de-conduta\/","url_meta":{"origin":7,"position":2},"title":"C\u00f3digo de Conduta","author":"Marco Andrei Kichalowsky","date":"15 de fevereiro de 2017","format":false,"excerpt":"C\u00f3digo de Conduta 1. Objetivos O WordCamp Porto Alegre acredita que nossa comunidade deve ser totalmente aberta para todos. Desta forma, estamos comprometidos a oferecer um ambiente amig\u00e1vel, seguro e acolhedor para todos, n\u00e3o importando o sexo, orienta\u00e7\u00e3o sexual, defici\u00eancias f\u00edsicas, etnicidade, religi\u00e3o, sistema operacional preferido, linguagem de programa\u00e7\u00e3o ou\u2026","rel":"","context":"Post similar","block_context":{"text":"Post similar","link":""},"img":{"alt_text":"","src":"https:\/\/i0.wp.com\/portoalegre.wordcamp.org\/2017\/files\/2017\/03\/cropped-wcpoa2017-favicon-1.png?resize=350%2C200&ssl=1","width":350,"height":200},"classes":[]},{"id":552,"url":"https:\/\/portoalegre.wordcamp.org\/2017\/politica-de-privacidade\/","url_meta":{"origin":7,"position":3},"title":"Pol\u00edtica de privacidade","author":"Marco Andrei Kichalowsky","date":"7 de abril de 2017","format":false,"excerpt":"Informa\u00e7\u00f5es e dados pessoais fornecidos \u00e0 organiza\u00e7\u00e3o do WordCamp Porto Alegre 2017 \u2013 cuja veracidade e exatid\u00e3o s\u00e3o de total responsabilidade do inscrito \u2013 ser\u00e3o coletados e guardados em conformidade com padr\u00f5es r\u00edgidos de confidencialidade e de seguran\u00e7a, e utilizados para as seguintes finalidades: comunicar o inscrito a respeito de\u2026","rel":"","context":"Post similar","block_context":{"text":"Post similar","link":""},"img":{"alt_text":"","src":"https:\/\/i0.wp.com\/portoalegre.wordcamp.org\/2017\/files\/2017\/03\/cropped-wcpoa2017-favicon-1.png?resize=350%2C200&ssl=1","width":350,"height":200},"classes":[]},{"id":10,"url":"https:\/\/portoalegre.wordcamp.org\/2017\/patrocinadores\/","url_meta":{"origin":7,"position":4},"title":"Patrocinadores","author":"Marco Andrei Kichalowsky","date":"15 de fevereiro de 2017","format":false,"excerpt":"Agradecemos os entusiastas e as empresas que, com seu apoio, fizeram com que o WordCamp Porto Alegre 2017 fosse poss\u00edvel. Muito obrigado! Caso tenhas interesse em patrocinar nosso evento, baixa o \"Media Kit\" com as op\u00e7\u00f5es de patroc\u00ednio clicando aqui.","rel":"","context":"Post similar","block_context":{"text":"Post similar","link":""},"img":{"alt_text":"","src":"https:\/\/i0.wp.com\/portoalegre.wordcamp.org\/2017\/files\/2017\/03\/cropped-wcpoa2017-favicon-1.png?resize=350%2C200&ssl=1","width":350,"height":200},"classes":[]},{"id":241,"url":"https:\/\/portoalegre.wordcamp.org\/2017\/voluntarios-wordcamp-poa-2017\/","url_meta":{"origin":7,"position":5},"title":"S\u00ea um volunt\u00e1rio no WordCamp POA 2017!","author":"Rodrigo Donini","date":"18 de mar\u00e7o de 2017","format":false,"excerpt":"Volunt\u00e1rios s\u00e3o muito importantes para a realiza\u00e7\u00e3o dos WordCamps, pois ajudam a tornar\u00a0o evento\u00a0mais organizado e confort\u00e1vel para seus participantes e palestrantes. Quais s\u00e3o as atribui\u00e7\u00f5es de um volunt\u00e1rio? As tarefas dos volunt\u00e1rios ser\u00e3o de auxiliar na organiza\u00e7\u00e3o do evento, antes e durante a sua realiza\u00e7\u00e3o.\u00a0Ao te\u00a0candidatar a ser um\u2026","rel":"","context":"Post similar","block_context":{"text":"Post similar","link":""},"img":{"alt_text":"","src":"https:\/\/i0.wp.com\/portoalegre.wordcamp.org\/2017\/files\/2017\/03\/cropped-wcpoa2017-favicon-1.png?resize=350%2C200&ssl=1","width":350,"height":200},"classes":[]}],"jetpack_likes_enabled":true,"_links":{"self":[{"href":"https:\/\/portoalegre.wordcamp.org\/2017\/wp-json\/wp\/v2\/pages\/7","targetHints":{"allow":["GET"]}}],"collection":[{"href":"https:\/\/portoalegre.wordcamp.org\/2017\/wp-json\/wp\/v2\/pages"}],"about":[{"href":"https:\/\/portoalegre.wordcamp.org\/2017\/wp-json\/wp\/v2\/types\/page"}],"author":[{"embeddable":true,"href":"https:\/\/portoalegre.wordcamp.org\/2017\/wp-json\/wp\/v2\/users\/4711507"}],"replies":[{"embeddable":true,"href":"https:\/\/portoalegre.wordcamp.org\/2017\/wp-json\/wp\/v2\/comments?post=7"}],"version-history":[{"count":9,"href":"https:\/\/portoalegre.wordcamp.org\/2017\/wp-json\/wp\/v2\/pages\/7\/revisions"}],"predecessor-version":[{"id":1045,"href":"https:\/\/portoalegre.wordcamp.org\/2017\/wp-json\/wp\/v2\/pages\/7\/revisions\/1045"}],"wp:featuredmedia":[{"embeddable":true,"href":"https:\/\/portoalegre.wordcamp.org\/2017\/wp-json\/wp\/v2\/media\/483"}],"wp:attachment":[{"href":"https:\/\/portoalegre.wordcamp.org\/2017\/wp-json\/wp\/v2\/media?parent=7"}],"curies":[{"name":"wp","href":"https:\/\/api.w.org\/{rel}","templated":true}]}}