{"id":552,"date":"2017-04-07T10:09:19","date_gmt":"2017-04-07T13:09:19","guid":{"rendered":"https:\/\/2017.portoalegre.wordcamp.org\/?page_id=552"},"modified":"2017-04-07T10:09:19","modified_gmt":"2017-04-07T13:09:19","slug":"politica-de-privacidade","status":"publish","type":"page","link":"https:\/\/portoalegre.wordcamp.org\/2017\/politica-de-privacidade\/","title":{"rendered":"Pol\u00edtica de privacidade"},"content":{"rendered":"<p>Informa\u00e7\u00f5es e dados pessoais fornecidos \u00e0 organiza\u00e7\u00e3o do WordCamp Porto Alegre 2017 \u2013 cuja veracidade e exatid\u00e3o s\u00e3o de total responsabilidade do inscrito \u2013 ser\u00e3o coletados e guardados em conformidade com padr\u00f5es r\u00edgidos de confidencialidade e de seguran\u00e7a, e utilizados para as seguintes finalidades:<\/p>\n<ul>\n<li>comunicar o inscrito a respeito de novos produtos, promo\u00e7\u00f5es, not\u00edcias relacionadas ao evento;<\/li>\n<li>manter atualizados os cadastros dos inscritos para fins de contato;<\/li>\n<li>elaborar estat\u00edsticas gerais, sem que haja identifica\u00e7\u00e3o dos inscritos;<\/li>\n<li>responder \u00e0s d\u00favidas e solicita\u00e7\u00f5es dos inscritos no evento.<\/li>\n<\/ul>\n<p>O acesso \u00e0s informa\u00e7\u00f5es recebidas \u00e9 restrito apenas aos integrantes da organiza\u00e7\u00e3o do WordCamp Porto Alegre 2017, autorizados para o uso adequado dessas informa\u00e7\u00f5es. Se o inscrito desejar que seu cadastro seja exclu\u00eddo, ele poder\u00e1 solicitar a exclus\u00e3o a qualquer momento, o que ser\u00e1 feito imediatamente. Feita tal exclus\u00e3o, seu cadastro ser\u00e1 desativado da base de dados doWordCamp Porto Alegre 2017.<\/p>\n<p>A organiza\u00e7\u00e3o doWordCamp Porto Alegre 2017 n\u00e3o vender\u00e1 ou alugar\u00e1 quaisquer dados pessoais dos usu\u00e1rios cadastrados a quaisquer terceiros.<\/p>\n","protected":false},"excerpt":{"rendered":"<p>Informa\u00e7\u00f5es e dados pessoais fornecidos \u00e0 organiza\u00e7\u00e3o do WordCamp Porto Alegre 2017 \u2013 cuja veracidade e exatid\u00e3o s\u00e3o de total responsabilidade do inscrito \u2013 ser\u00e3o coletados e guardados em conformidade com padr\u00f5es r\u00edgidos de confidencialidade e de seguran\u00e7a, e utilizados para as seguintes finalidades: comunicar o inscrito a respeito de novos produtos, promo\u00e7\u00f5es, not\u00edcias relacionadas &hellip; <\/p>\n<p class=\"link-more\"><a href=\"https:\/\/portoalegre.wordcamp.org\/2017\/politica-de-privacidade\/\" class=\"more-link\">Continue lendo<span class=\"screen-reader-text\"> &#8220;Pol\u00edtica de privacidade&#8221;<\/span><\/a><\/p>\n","protected":false},"author":4711507,"featured_media":0,"parent":0,"menu_order":0,"comment_status":"closed","ping_status":"closed","template":"","meta":{"jetpack_post_was_ever_published":false,"footnotes":""},"class_list":["post-552","page","type-page","status-publish","hentry"],"jetpack_sharing_enabled":true,"jetpack_shortlink":"https:\/\/wp.me\/P8pj85-8U","jetpack-related-posts":[{"id":19,"url":"https:\/\/portoalegre.wordcamp.org\/2017\/codigo-de-conduta\/","url_meta":{"origin":552,"position":0},"title":"C\u00f3digo de Conduta","author":"Marco Andrei Kichalowsky","date":"15 de fevereiro de 2017","format":false,"excerpt":"C\u00f3digo de Conduta 1. Objetivos O WordCamp Porto Alegre acredita que nossa comunidade deve ser totalmente aberta para todos. Desta forma, estamos comprometidos a oferecer um ambiente amig\u00e1vel, seguro e acolhedor para todos, n\u00e3o importando o sexo, orienta\u00e7\u00e3o sexual, defici\u00eancias f\u00edsicas, etnicidade, religi\u00e3o, sistema operacional preferido, linguagem de programa\u00e7\u00e3o ou\u2026","rel":"","context":"Post similar","block_context":{"text":"Post similar","link":""},"img":{"alt_text":"","src":"https:\/\/i0.wp.com\/portoalegre.wordcamp.org\/2017\/files\/2017\/03\/cropped-wcpoa2017-favicon-1.png?resize=350%2C200&ssl=1","width":350,"height":200},"classes":[]},{"id":426,"url":"https:\/\/portoalegre.wordcamp.org\/2017\/bienvenido-a-wordcamp-porto-alegre-2017\/","url_meta":{"origin":552,"position":1},"title":"Bienvenido a WordCamp Porto Alegre 2017!","author":"Marco Andrei Kichalowsky","date":"1 de abril de 2017","format":false,"excerpt":"La conferencia oficial de WordPress, el sistema de administraci\u00f3n de contenido m\u00e1s popular en el mundo, anuncia su realizaci\u00f3n en la Capital Brasile\u00f1a de los Gauchos en el primer semestre El evento oficial de WordPress, donde se re\u00fane la comunidad de desarrolladores, dise\u00f1adores y usuarios de la plataforma para hablar\u2026","rel":"","context":"Post similar","block_context":{"text":"Post similar","link":""},"img":{"alt_text":"","src":"https:\/\/i0.wp.com\/portoalegre.wordcamp.org\/2017\/files\/2017\/03\/porto-alegre-home-azul.jpg?resize=350%2C200&ssl=1","width":350,"height":200,"srcset":"https:\/\/i0.wp.com\/portoalegre.wordcamp.org\/2017\/files\/2017\/03\/porto-alegre-home-azul.jpg?resize=350%2C200&ssl=1 1x, https:\/\/i0.wp.com\/portoalegre.wordcamp.org\/2017\/files\/2017\/03\/porto-alegre-home-azul.jpg?resize=525%2C300&ssl=1 1.5x, https:\/\/i0.wp.com\/portoalegre.wordcamp.org\/2017\/files\/2017\/03\/porto-alegre-home-azul.jpg?resize=700%2C400&ssl=1 2x, https:\/\/i0.wp.com\/portoalegre.wordcamp.org\/2017\/files\/2017\/03\/porto-alegre-home-azul.jpg?resize=1050%2C600&ssl=1 3x, https:\/\/i0.wp.com\/portoalegre.wordcamp.org\/2017\/files\/2017\/03\/porto-alegre-home-azul.jpg?resize=1400%2C800&ssl=1 4x"},"classes":[]},{"id":193,"url":"https:\/\/portoalegre.wordcamp.org\/2017\/edicoes-anteriores\/","url_meta":{"origin":552,"position":2},"title":"Edi\u00e7\u00f5es Anteriores","author":"Rodrigo Donini","date":"15 de mar\u00e7o de 2017","format":false,"excerpt":"A cidade de Porto Alegre sedia o WordCamp desde 2013. O WordCamp Porto Alegre \u00e9 organizado por volunt\u00e1rios, dividido em palestras e oficinas. Toda a arrecada\u00e7\u00e3o do evento \u00e9 investido nele mesmo na forma de brindes, estrutura e alimenta\u00e7\u00e3o. Edi\u00e7\u00e3o 2013 Data:\u00a013\/07\/2013 N\u00famero de Palestras: 7 N\u00famero de Oficinas: 3\u2026","rel":"","context":"Post similar","block_context":{"text":"Post similar","link":""},"img":{"alt_text":"","src":"https:\/\/i0.wp.com\/portoalegre.wordcamp.org\/2017\/files\/2017\/03\/IMG_9477-150x150.jpg?resize=350%2C200&ssl=1","width":350,"height":200,"srcset":"https:\/\/i0.wp.com\/portoalegre.wordcamp.org\/2017\/files\/2017\/03\/IMG_9477-150x150.jpg?resize=350%2C200&ssl=1 1x, https:\/\/i0.wp.com\/portoalegre.wordcamp.org\/2017\/files\/2017\/03\/IMG_9477-150x150.jpg?resize=525%2C300&ssl=1 1.5x, https:\/\/i0.wp.com\/portoalegre.wordcamp.org\/2017\/files\/2017\/03\/IMG_9477-150x150.jpg?resize=700%2C400&ssl=1 2x"},"classes":[]},{"id":241,"url":"https:\/\/portoalegre.wordcamp.org\/2017\/voluntarios-wordcamp-poa-2017\/","url_meta":{"origin":552,"position":3},"title":"S\u00ea um volunt\u00e1rio no WordCamp POA 2017!","author":"Rodrigo Donini","date":"18 de mar\u00e7o de 2017","format":false,"excerpt":"Volunt\u00e1rios s\u00e3o muito importantes para a realiza\u00e7\u00e3o dos WordCamps, pois ajudam a tornar\u00a0o evento\u00a0mais organizado e confort\u00e1vel para seus participantes e palestrantes. Quais s\u00e3o as atribui\u00e7\u00f5es de um volunt\u00e1rio? As tarefas dos volunt\u00e1rios ser\u00e3o de auxiliar na organiza\u00e7\u00e3o do evento, antes e durante a sua realiza\u00e7\u00e3o.\u00a0Ao te\u00a0candidatar a ser um\u2026","rel":"","context":"Post similar","block_context":{"text":"Post similar","link":""},"img":{"alt_text":"","src":"https:\/\/i0.wp.com\/portoalegre.wordcamp.org\/2017\/files\/2017\/03\/cropped-wcpoa2017-favicon-1.png?resize=350%2C200&ssl=1","width":350,"height":200},"classes":[]},{"id":102,"url":"https:\/\/portoalegre.wordcamp.org\/2017\/","url_meta":{"origin":552,"position":4},"title":"Bem-vindo ao WordCamp Porto Alegre!","author":"Eduardo Pittol","date":"12 de mar\u00e7o de 2017","format":false,"excerpt":"O WordCamp Porto Alegre \u00e9 o evento oficial de WordPress na Capital dos Ga\u00fachos, em sua terceira edi\u00e7\u00e3o. Descansando \u00e0s margens do Lago Gua\u00edba, Porto Alegre \u00e9 o grande centro da fronteira Sul do Brasil, com forte cultura local de costumes e linguajar distintos, destacada gastronomia, expressiva cena art\u00edstica e\u2026","rel":"","context":"Post similar","block_context":{"text":"Post similar","link":""},"img":{"alt_text":"","src":"https:\/\/i0.wp.com\/portoalegre.wordcamp.org\/2017\/files\/2017\/03\/cropped-wcpoa2017-favicon-1.png?resize=350%2C200&ssl=1","width":350,"height":200},"classes":[]},{"id":1557,"url":"https:\/\/portoalegre.wordcamp.org\/2017\/depoimentos\/","url_meta":{"origin":552,"position":5},"title":"Depoimentos","author":"Gustavo Tagliassuchi","date":"26 de maio de 2017","format":false,"excerpt":"Confira os depoimentos do nosso organizador master Marco Andrei Kichalowsky https:\/\/youtu.be\/cqRjQvGSfQ4 Confira todos os depoimentos no canal do WordCamp Porto Alegre no YouTube!","rel":"","context":"Post similar","block_context":{"text":"Post similar","link":""},"img":{"alt_text":"","src":"https:\/\/i0.wp.com\/portoalegre.wordcamp.org\/2017\/files\/2017\/03\/cropped-wcpoa2017-favicon-1.png?resize=350%2C200&ssl=1","width":350,"height":200},"classes":[]}],"jetpack_likes_enabled":true,"_links":{"self":[{"href":"https:\/\/portoalegre.wordcamp.org\/2017\/wp-json\/wp\/v2\/pages\/552","targetHints":{"allow":["GET"]}}],"collection":[{"href":"https:\/\/portoalegre.wordcamp.org\/2017\/wp-json\/wp\/v2\/pages"}],"about":[{"href":"https:\/\/portoalegre.wordcamp.org\/2017\/wp-json\/wp\/v2\/types\/page"}],"author":[{"embeddable":true,"href":"https:\/\/portoalegre.wordcamp.org\/2017\/wp-json\/wp\/v2\/users\/4711507"}],"replies":[{"embeddable":true,"href":"https:\/\/portoalegre.wordcamp.org\/2017\/wp-json\/wp\/v2\/comments?post=552"}],"version-history":[{"count":1,"href":"https:\/\/portoalegre.wordcamp.org\/2017\/wp-json\/wp\/v2\/pages\/552\/revisions"}],"predecessor-version":[{"id":553,"href":"https:\/\/portoalegre.wordcamp.org\/2017\/wp-json\/wp\/v2\/pages\/552\/revisions\/553"}],"wp:attachment":[{"href":"https:\/\/portoalegre.wordcamp.org\/2017\/wp-json\/wp\/v2\/media?parent=552"}],"curies":[{"name":"wp","href":"https:\/\/api.w.org\/{rel}","templated":true}]}}