{"id":426,"date":"2017-04-01T16:55:17","date_gmt":"2017-04-01T19:55:17","guid":{"rendered":"https:\/\/2017.portoalegre.wordcamp.org\/?page_id=426"},"modified":"2017-04-01T16:55:17","modified_gmt":"2017-04-01T19:55:17","slug":"bienvenido-a-wordcamp-porto-alegre-2017","status":"publish","type":"page","link":"https:\/\/portoalegre.wordcamp.org\/2017\/bienvenido-a-wordcamp-porto-alegre-2017\/","title":{"rendered":"Bienvenido a WordCamp Porto Alegre 2017!"},"content":{"rendered":"<p><em>La conferencia oficial de WordPress, el sistema de administraci\u00f3n de contenido m\u00e1s popular en el mundo, anuncia su realizaci\u00f3n en la Capital Brasile\u00f1a de los Gauchos en el primer semestre<\/em><\/p>\n<p>El evento oficial de WordPress, donde se re\u00fane la comunidad de desarrolladores, dise\u00f1adores y usuarios de la plataforma para hablar de las tendencias y las t\u00e9cnicas de aplicaci\u00f3n y uso, ya est\u00e1 confirmado en Porto Alegre, la &#8220;Capital de los Gauchos&#8221; en Brasil. La tercera edici\u00f3n de WordCamp POA se llevar\u00e1 a cabo el 6 de mayo en Universidade Senac Porto Alegre.<\/p>\n<p>Se esperan aproximadamente 100 participantes para el WordCamp POA 2017, un evento que se realiza gracias a la participaci\u00f3n voluntaria de los organizadores de la comunidad local. Desde las otras ediciones que se han realizado en la Pampa, 2013 y 2015, el evento se volvi\u00f3 destacado en la comunidad del software libre de Brasil y obligatorio para la comunidad WordPress del Sur del pa\u00eds.<\/p>\n<p>La programaci\u00f3n ocurre durante todo el d\u00eda, con conferencias que abordan diversos temas, desde c\u00f3mo usar la herramienta de forma eficiente y segura, hasta relatos de experiencias m\u00e1s personales que los usuarios deseen compartir con los participantes. Las charlas ser\u00e1n dadas en Portugu\u00e9s, por oradores locales, regionales e internacionales.<\/p>\n<p>Este a\u00f1o otras conferencias en todo el mundo ya han sido confirmadas. India, Espa\u00f1a y Tailandia son algunos de los lugares que fomentan la difusi\u00f3n del conocimiento para construir cada vez m\u00e1s profesionales calificados y comprometidos.<\/p>\n<p>La conferencia de Porto Alegre no tiene las charlas y los nombres confirmados para el lanzamiento, pero ya cuenta con el patrocinio y el apoyo de las empresas que participan directa o indirectamente con la plataforma.<\/p>\n<h4>Acerca de WordCamp<\/h4>\n<p>El primer WordCamp ocurri\u00f3 en julio de 2006 en San Francisco, organizado por Matt Mullenweg, fundador de WordPress. La primera versi\u00f3n internacional tuvo lugar en Israel el 25 de octubre de 2007, ya que el WordCamp se extendi\u00f3 a las capitales y grandes ciudades en el mundo.<\/p>\n<p>El evento es sin fines de lucro y est\u00e1 organizado por voluntarios y la comunidad local. Acepta cualquier participante en cualquier \u00e1rea y nivel. Valora el aprendizaje, la integraci\u00f3n y el respeto.<\/p>\n<h4>Informaciones generales<\/h4>\n<p>Cuando? El 06 de mayo de 2017, de 9:00 a 18:00<br \/>\nDonde? Faculdades Senac POA (Rua Cel. Genu\u00edno, 130 &#8211; Centro Hist\u00f3rico, Porto Alegre\/RS, Brasil)<br \/>\nCosto: R$ 50,00 (Real Brasileiro) por participante<br \/>\nC\u00f3mo participar: comprando su boleto a trav\u00e9s del s\u00edtio oficial de WordCamp POA 2017 en\u00a0<a href=\"https:\/\/2017.portoalegre.wordcamp.org\/ingressos\/\">https:\/\/2017.portoalegre.wordcamp.org\/ingressos\/<\/a>.<br \/>\nPatrocinio, apoyo o env\u00edo de propuestas de charlas: <a href=\"mailto:portoalegre@wordcamp.org\">portoalegre@wordcamp.org<\/a>.<\/p>\n","protected":false},"excerpt":{"rendered":"<p>La conferencia oficial de WordPress, el sistema de administraci\u00f3n de contenido m\u00e1s popular en el mundo, anuncia su realizaci\u00f3n en la Capital Brasile\u00f1a de los Gauchos en el primer semestre El evento oficial de WordPress, donde se re\u00fane la comunidad de desarrolladores, dise\u00f1adores y usuarios de la plataforma para hablar de las tendencias y las &hellip; <\/p>\n<p class=\"link-more\"><a href=\"https:\/\/portoalegre.wordcamp.org\/2017\/bienvenido-a-wordcamp-porto-alegre-2017\/\" class=\"more-link\">Continue lendo<span class=\"screen-reader-text\"> &#8220;Bienvenido a WordCamp Porto Alegre 2017!&#8221;<\/span><\/a><\/p>\n","protected":false},"author":4711507,"featured_media":282,"parent":0,"menu_order":0,"comment_status":"closed","ping_status":"closed","template":"","meta":{"jetpack_post_was_ever_published":false,"footnotes":""},"class_list":["post-426","page","type-page","status-publish","has-post-thumbnail","hentry"],"jetpack_sharing_enabled":true,"jetpack_shortlink":"https:\/\/wp.me\/P8pj85-6S","jetpack-related-posts":[{"id":102,"url":"https:\/\/portoalegre.wordcamp.org\/2017\/","url_meta":{"origin":426,"position":0},"title":"Bem-vindo ao WordCamp Porto Alegre!","author":"Eduardo Pittol","date":"12 de mar\u00e7o de 2017","format":false,"excerpt":"O WordCamp Porto Alegre \u00e9 o evento oficial de WordPress na Capital dos Ga\u00fachos, em sua terceira edi\u00e7\u00e3o. Descansando \u00e0s margens do Lago Gua\u00edba, Porto Alegre \u00e9 o grande centro da fronteira Sul do Brasil, com forte cultura local de costumes e linguajar distintos, destacada gastronomia, expressiva cena art\u00edstica e\u2026","rel":"","context":"Post similar","block_context":{"text":"Post similar","link":""},"img":{"alt_text":"","src":"https:\/\/i0.wp.com\/portoalegre.wordcamp.org\/2017\/files\/2017\/03\/cropped-wcpoa2017-favicon-1.png?resize=350%2C200&ssl=1","width":350,"height":200},"classes":[]},{"id":996,"url":"https:\/\/portoalegre.wordcamp.org\/2017\/guia-de-sobrevivencia\/","url_meta":{"origin":426,"position":1},"title":"Guia de sobreviv\u00eancia","author":"Rodrigo Donini","date":"26 de abril de 2017","format":false,"excerpt":"Bem-vindo \u00e0 Porto Alegre! Porto Alegre \u00e9 um munic\u00edpio brasileiro e a capital do estado mais meridional do Brasil, o Rio Grande do Sul. Com uma \u00e1rea de mais de 490 mil km\u00b2, possui uma geografia diversificada, com morros, baixadas e um grande lago, o Gua\u00edba. Hist\u00f3ria e caracter\u00edsticas A\u2026","rel":"","context":"Post similar","block_context":{"text":"Post similar","link":""},"img":{"alt_text":"","src":"https:\/\/i0.wp.com\/portoalegre.wordcamp.org\/2017\/files\/2017\/04\/31-150x150.jpg?resize=350%2C200&ssl=1","width":350,"height":200,"srcset":"https:\/\/i0.wp.com\/portoalegre.wordcamp.org\/2017\/files\/2017\/04\/31-150x150.jpg?resize=350%2C200&ssl=1 1x, https:\/\/i0.wp.com\/portoalegre.wordcamp.org\/2017\/files\/2017\/04\/31-150x150.jpg?resize=525%2C300&ssl=1 1.5x, https:\/\/i0.wp.com\/portoalegre.wordcamp.org\/2017\/files\/2017\/04\/31-150x150.jpg?resize=700%2C400&ssl=1 2x, https:\/\/i0.wp.com\/portoalegre.wordcamp.org\/2017\/files\/2017\/04\/31-150x150.jpg?resize=1050%2C600&ssl=1 3x"},"classes":[]},{"id":241,"url":"https:\/\/portoalegre.wordcamp.org\/2017\/voluntarios-wordcamp-poa-2017\/","url_meta":{"origin":426,"position":2},"title":"S\u00ea um volunt\u00e1rio no WordCamp POA 2017!","author":"Rodrigo Donini","date":"18 de mar\u00e7o de 2017","format":false,"excerpt":"Volunt\u00e1rios s\u00e3o muito importantes para a realiza\u00e7\u00e3o dos WordCamps, pois ajudam a tornar\u00a0o evento\u00a0mais organizado e confort\u00e1vel para seus participantes e palestrantes. Quais s\u00e3o as atribui\u00e7\u00f5es de um volunt\u00e1rio? As tarefas dos volunt\u00e1rios ser\u00e3o de auxiliar na organiza\u00e7\u00e3o do evento, antes e durante a sua realiza\u00e7\u00e3o.\u00a0Ao te\u00a0candidatar a ser um\u2026","rel":"","context":"Post similar","block_context":{"text":"Post similar","link":""},"img":{"alt_text":"","src":"https:\/\/i0.wp.com\/portoalegre.wordcamp.org\/2017\/files\/2017\/03\/cropped-wcpoa2017-favicon-1.png?resize=350%2C200&ssl=1","width":350,"height":200},"classes":[]},{"id":552,"url":"https:\/\/portoalegre.wordcamp.org\/2017\/politica-de-privacidade\/","url_meta":{"origin":426,"position":3},"title":"Pol\u00edtica de privacidade","author":"Marco Andrei Kichalowsky","date":"7 de abril de 2017","format":false,"excerpt":"Informa\u00e7\u00f5es e dados pessoais fornecidos \u00e0 organiza\u00e7\u00e3o do WordCamp Porto Alegre 2017 \u2013 cuja veracidade e exatid\u00e3o s\u00e3o de total responsabilidade do inscrito \u2013 ser\u00e3o coletados e guardados em conformidade com padr\u00f5es r\u00edgidos de confidencialidade e de seguran\u00e7a, e utilizados para as seguintes finalidades: comunicar o inscrito a respeito de\u2026","rel":"","context":"Post similar","block_context":{"text":"Post similar","link":""},"img":{"alt_text":"","src":"https:\/\/i0.wp.com\/portoalegre.wordcamp.org\/2017\/files\/2017\/03\/cropped-wcpoa2017-favicon-1.png?resize=350%2C200&ssl=1","width":350,"height":200},"classes":[]},{"id":19,"url":"https:\/\/portoalegre.wordcamp.org\/2017\/codigo-de-conduta\/","url_meta":{"origin":426,"position":4},"title":"C\u00f3digo de Conduta","author":"Marco Andrei Kichalowsky","date":"15 de fevereiro de 2017","format":false,"excerpt":"C\u00f3digo de Conduta 1. Objetivos O WordCamp Porto Alegre acredita que nossa comunidade deve ser totalmente aberta para todos. Desta forma, estamos comprometidos a oferecer um ambiente amig\u00e1vel, seguro e acolhedor para todos, n\u00e3o importando o sexo, orienta\u00e7\u00e3o sexual, defici\u00eancias f\u00edsicas, etnicidade, religi\u00e3o, sistema operacional preferido, linguagem de programa\u00e7\u00e3o ou\u2026","rel":"","context":"Post similar","block_context":{"text":"Post similar","link":""},"img":{"alt_text":"","src":"https:\/\/i0.wp.com\/portoalegre.wordcamp.org\/2017\/files\/2017\/03\/cropped-wcpoa2017-favicon-1.png?resize=350%2C200&ssl=1","width":350,"height":200},"classes":[]},{"id":1215,"url":"https:\/\/portoalegre.wordcamp.org\/2017\/voluntarios\/","url_meta":{"origin":426,"position":5},"title":"Volunt\u00e1rios","author":"Rodrigo Donini","date":"3 de maio de 2017","format":false,"excerpt":"Volunt\u00e1rios s\u00e3o muito importantes para a realiza\u00e7\u00e3o dos WordCamps, pois ajudam a tornar\u00a0o evento\u00a0mais organizado e confort\u00e1vel para seus participantes e palestrantes. Se voc\u00ea deseja fazer parte deste time, preencha o formul\u00e1rio de inscri\u00e7\u00e3o. Estes s\u00e3o os\u00a0viventes que v\u00e3o dedicar seu tempo para fazer\u00a0essa linda e sensacional tert\u00falia de WordPress\u2026","rel":"","context":"Post similar","block_context":{"text":"Post similar","link":""},"img":{"alt_text":"","src":"https:\/\/i0.wp.com\/portoalegre.wordcamp.org\/2017\/files\/2017\/03\/cropped-wcpoa2017-favicon-1.png?resize=350%2C200&ssl=1","width":350,"height":200},"classes":[]}],"jetpack_likes_enabled":true,"_links":{"self":[{"href":"https:\/\/portoalegre.wordcamp.org\/2017\/wp-json\/wp\/v2\/pages\/426","targetHints":{"allow":["GET"]}}],"collection":[{"href":"https:\/\/portoalegre.wordcamp.org\/2017\/wp-json\/wp\/v2\/pages"}],"about":[{"href":"https:\/\/portoalegre.wordcamp.org\/2017\/wp-json\/wp\/v2\/types\/page"}],"author":[{"embeddable":true,"href":"https:\/\/portoalegre.wordcamp.org\/2017\/wp-json\/wp\/v2\/users\/4711507"}],"replies":[{"embeddable":true,"href":"https:\/\/portoalegre.wordcamp.org\/2017\/wp-json\/wp\/v2\/comments?post=426"}],"version-history":[{"count":1,"href":"https:\/\/portoalegre.wordcamp.org\/2017\/wp-json\/wp\/v2\/pages\/426\/revisions"}],"predecessor-version":[{"id":427,"href":"https:\/\/portoalegre.wordcamp.org\/2017\/wp-json\/wp\/v2\/pages\/426\/revisions\/427"}],"wp:featuredmedia":[{"embeddable":true,"href":"https:\/\/portoalegre.wordcamp.org\/2017\/wp-json\/wp\/v2\/media\/282"}],"wp:attachment":[{"href":"https:\/\/portoalegre.wordcamp.org\/2017\/wp-json\/wp\/v2\/media?parent=426"}],"curies":[{"name":"wp","href":"https:\/\/api.w.org\/{rel}","templated":true}]}}