{"id":1557,"date":"2017-05-26T11:09:22","date_gmt":"2017-05-26T14:09:22","guid":{"rendered":"https:\/\/2017.portoalegre.wordcamp.org\/?page_id=1557"},"modified":"2017-05-27T14:27:34","modified_gmt":"2017-05-27T17:27:34","slug":"depoimentos","status":"publish","type":"page","link":"https:\/\/portoalegre.wordcamp.org\/2017\/depoimentos\/","title":{"rendered":"Depoimentos"},"content":{"rendered":"<p>Confira os depoimentos do nosso organizador master Marco Andrei Kichalowsky<\/p>\n<p><span class=\"embed-youtube\" style=\"text-align:center; display: block;\"><iframe loading=\"lazy\" class=\"youtube-player\" width=\"525\" height=\"296\" src=\"https:\/\/www.youtube.com\/embed\/cqRjQvGSfQ4?version=3&#038;rel=1&#038;showsearch=0&#038;showinfo=1&#038;iv_load_policy=1&#038;fs=1&#038;hl=pt-BR&#038;autohide=2&#038;wmode=transparent\" allowfullscreen=\"true\" style=\"border:0;\" sandbox=\"allow-scripts allow-same-origin allow-popups allow-presentation allow-popups-to-escape-sandbox\"><\/iframe><\/span><\/p>\n<p>Confira todos os depoimentos no <a href=\"https:\/\/www.youtube.com\/playlist?list=PLbx3nPLG6962xKzW5oc1CQyawZpqxY9Ah\" target=\"_blank\" rel=\"noopener noreferrer\">canal do WordCamp Porto Alegre no YouTube<\/a>!<\/p>\n","protected":false},"excerpt":{"rendered":"<p>Confira os depoimentos do nosso organizador master Marco Andrei Kichalowsky Confira todos os depoimentos no canal do WordCamp Porto Alegre no YouTube!<\/p>\n","protected":false},"author":254350,"featured_media":0,"parent":0,"menu_order":0,"comment_status":"closed","ping_status":"closed","template":"","meta":{"jetpack_post_was_ever_published":false,"footnotes":""},"class_list":["post-1557","page","type-page","status-publish","hentry"],"jetpack_sharing_enabled":true,"jetpack_shortlink":"https:\/\/wp.me\/P8pj85-p7","jetpack-related-posts":[{"id":7,"url":"https:\/\/portoalegre.wordcamp.org\/2017\/programacao\/","url_meta":{"origin":1557,"position":0},"title":"Programa\u00e7\u00e3o","author":"Marco Andrei Kichalowsky","date":"15 de fevereiro de 2017","format":false,"excerpt":"CONFIRA A PROGRAMA\u00c7\u00c3O COMPLETA DO WORDCAMP PORTO ALEGRE 2017! * Faremos o poss\u00edvel para manter o cronograma acima, mas algumas palestras poder\u00e3o mudar de hor\u00e1rio at\u00e9 a data do evento.","rel":"","context":"Post similar","block_context":{"text":"Post similar","link":""},"img":{"alt_text":"","src":"https:\/\/i0.wp.com\/portoalegre.wordcamp.org\/2017\/files\/2017\/04\/WordCamp-o-evento-oficial-do-WordPress1920x1080.jpg?resize=350%2C200&ssl=1","width":350,"height":200,"srcset":"https:\/\/i0.wp.com\/portoalegre.wordcamp.org\/2017\/files\/2017\/04\/WordCamp-o-evento-oficial-do-WordPress1920x1080.jpg?resize=350%2C200&ssl=1 1x, https:\/\/i0.wp.com\/portoalegre.wordcamp.org\/2017\/files\/2017\/04\/WordCamp-o-evento-oficial-do-WordPress1920x1080.jpg?resize=525%2C300&ssl=1 1.5x, https:\/\/i0.wp.com\/portoalegre.wordcamp.org\/2017\/files\/2017\/04\/WordCamp-o-evento-oficial-do-WordPress1920x1080.jpg?resize=700%2C400&ssl=1 2x, https:\/\/i0.wp.com\/portoalegre.wordcamp.org\/2017\/files\/2017\/04\/WordCamp-o-evento-oficial-do-WordPress1920x1080.jpg?resize=1050%2C600&ssl=1 3x, https:\/\/i0.wp.com\/portoalegre.wordcamp.org\/2017\/files\/2017\/04\/WordCamp-o-evento-oficial-do-WordPress1920x1080.jpg?resize=1400%2C800&ssl=1 4x"},"classes":[]}],"jetpack_likes_enabled":true,"_links":{"self":[{"href":"https:\/\/portoalegre.wordcamp.org\/2017\/wp-json\/wp\/v2\/pages\/1557","targetHints":{"allow":["GET"]}}],"collection":[{"href":"https:\/\/portoalegre.wordcamp.org\/2017\/wp-json\/wp\/v2\/pages"}],"about":[{"href":"https:\/\/portoalegre.wordcamp.org\/2017\/wp-json\/wp\/v2\/types\/page"}],"author":[{"embeddable":true,"href":"https:\/\/portoalegre.wordcamp.org\/2017\/wp-json\/wp\/v2\/users\/254350"}],"replies":[{"embeddable":true,"href":"https:\/\/portoalegre.wordcamp.org\/2017\/wp-json\/wp\/v2\/comments?post=1557"}],"version-history":[{"count":6,"href":"https:\/\/portoalegre.wordcamp.org\/2017\/wp-json\/wp\/v2\/pages\/1557\/revisions"}],"predecessor-version":[{"id":1567,"href":"https:\/\/portoalegre.wordcamp.org\/2017\/wp-json\/wp\/v2\/pages\/1557\/revisions\/1567"}],"wp:attachment":[{"href":"https:\/\/portoalegre.wordcamp.org\/2017\/wp-json\/wp\/v2\/media?parent=1557"}],"curies":[{"name":"wp","href":"https:\/\/api.w.org\/{rel}","templated":true}]}}