{"id":1215,"date":"2017-05-03T09:23:22","date_gmt":"2017-05-03T12:23:22","guid":{"rendered":"https:\/\/2017.portoalegre.wordcamp.org\/?page_id=1215"},"modified":"2017-05-03T09:23:22","modified_gmt":"2017-05-03T12:23:22","slug":"voluntarios","status":"publish","type":"page","link":"https:\/\/portoalegre.wordcamp.org\/2017\/voluntarios\/","title":{"rendered":"Volunt\u00e1rios"},"content":{"rendered":"<p>Volunt\u00e1rios s\u00e3o muito importantes para a realiza\u00e7\u00e3o dos WordCamps, pois ajudam a tornar\u00a0o evento\u00a0mais organizado e confort\u00e1vel para seus participantes e palestrantes. Se voc\u00ea deseja fazer parte deste time, preencha o <a href=\"https:\/\/2017.portoalegre.wordcamp.org\/voluntarios-wordcamp-poa-2017\/\">formul\u00e1rio de inscri\u00e7\u00e3o<\/a>.<\/p>\n<p>Estes s\u00e3o os\u00a0viventes que v\u00e3o dedicar seu tempo para fazer\u00a0essa linda e sensacional tert\u00falia de WordPress na Capital dos Ga\u00fachos.<\/p>\n<p>Se precisares de alguma coisa no dia do evento, n\u00e3o te mixa, \u00e9 s\u00f3 chamar!<\/p>\n\t<div class=\"wcorg-organizers\">\n\n\t\t\n\t\t\t<div class=\"wcorg-organizer\">\n\t\t\t\t<h2>Alex Roveda<\/h2>\n\t\t\t\t<div class=\"wcorg-organizer-description\">\n\t\t\t\t\t\t\t\t\t\t<img alt='' src='https:\/\/secure.gravatar.com\/avatar\/?s=100&#038;d=mm&#038;r=g' srcset='https:\/\/secure.gravatar.com\/avatar\/?s=200&#038;d=mm&#038;r=g 2x' class='avatar avatar-100 photo avatar-default' height='100' width='100' \/>\t\t\t\t\t\t\t\t\t<\/div>\n\t\t\t<\/div>\n\n\t\t\n\t\t\t<div class=\"wcorg-organizer\">\n\t\t\t\t<h2>Giovani Blotta<\/h2>\n\t\t\t\t<div class=\"wcorg-organizer-description\">\n\t\t\t\t\t\t\t\t\t\t<img alt='' src='https:\/\/secure.gravatar.com\/avatar\/?s=100&#038;d=mm&#038;r=g' srcset='https:\/\/secure.gravatar.com\/avatar\/?s=200&#038;d=mm&#038;r=g 2x' class='avatar avatar-100 photo avatar-default' height='100' width='100' \/>\t\t\t\t\t\t\t\t\t<\/div>\n\t\t\t<\/div>\n\n\t\t\n\t\t\t<div class=\"wcorg-organizer\">\n\t\t\t\t<h2>Angelito Goulart<\/h2>\n\t\t\t\t<div class=\"wcorg-organizer-description\">\n\t\t\t\t\t\t\t\t\t\t<img alt='' src='https:\/\/secure.gravatar.com\/avatar\/?s=100&#038;d=mm&#038;r=g' srcset='https:\/\/secure.gravatar.com\/avatar\/?s=200&#038;d=mm&#038;r=g 2x' class='avatar avatar-100 photo avatar-default' height='100' width='100' \/>\t\t\t\t\t\t\t\t\t<\/div>\n\t\t\t<\/div>\n\n\t\t\n\t<\/div><!-- .wcorg-organizers -->\n\t\n","protected":false},"excerpt":{"rendered":"<p>Volunt\u00e1rios s\u00e3o muito importantes para a realiza\u00e7\u00e3o dos WordCamps, pois ajudam a tornar\u00a0o evento\u00a0mais organizado e confort\u00e1vel para seus participantes e palestrantes. Se voc\u00ea deseja fazer parte deste time, preencha o formul\u00e1rio de inscri\u00e7\u00e3o. Estes s\u00e3o os\u00a0viventes que v\u00e3o dedicar seu tempo para fazer\u00a0essa linda e sensacional tert\u00falia de WordPress na Capital dos Ga\u00fachos. Se &hellip; <\/p>\n<p class=\"link-more\"><a href=\"https:\/\/portoalegre.wordcamp.org\/2017\/organizer\/angelito-goulart\/\" class=\"more-link\">Continue lendo<span class=\"screen-reader-text\"> &#8220;Angelito Goulart&#8221;<\/span><\/a><\/p>\n","protected":false},"author":13542799,"featured_media":0,"parent":0,"menu_order":0,"comment_status":"closed","ping_status":"closed","template":"","meta":{"jetpack_post_was_ever_published":false,"footnotes":""},"class_list":["post-1215","page","type-page","status-publish","hentry"],"jetpack_sharing_enabled":true,"jetpack_shortlink":"https:\/\/wp.me\/P8pj85-jB","jetpack-related-posts":[{"id":241,"url":"https:\/\/portoalegre.wordcamp.org\/2017\/voluntarios-wordcamp-poa-2017\/","url_meta":{"origin":1215,"position":0},"title":"S\u00ea um volunt\u00e1rio no WordCamp POA 2017!","author":"Rodrigo Donini","date":"18 de mar\u00e7o de 2017","format":false,"excerpt":"Volunt\u00e1rios s\u00e3o muito importantes para a realiza\u00e7\u00e3o dos WordCamps, pois ajudam a tornar\u00a0o evento\u00a0mais organizado e confort\u00e1vel para seus participantes e palestrantes. Quais s\u00e3o as atribui\u00e7\u00f5es de um volunt\u00e1rio? As tarefas dos volunt\u00e1rios ser\u00e3o de auxiliar na organiza\u00e7\u00e3o do evento, antes e durante a sua realiza\u00e7\u00e3o.\u00a0Ao te\u00a0candidatar a ser um\u2026","rel":"","context":"Post similar","block_context":{"text":"Post similar","link":""},"img":{"alt_text":"","src":"https:\/\/i0.wp.com\/portoalegre.wordcamp.org\/2017\/files\/2017\/03\/cropped-wcpoa2017-favicon-1.png?resize=350%2C200&ssl=1","width":350,"height":200},"classes":[]},{"id":19,"url":"https:\/\/portoalegre.wordcamp.org\/2017\/codigo-de-conduta\/","url_meta":{"origin":1215,"position":1},"title":"C\u00f3digo de Conduta","author":"Marco Andrei Kichalowsky","date":"15 de fevereiro de 2017","format":false,"excerpt":"C\u00f3digo de Conduta 1. Objetivos O WordCamp Porto Alegre acredita que nossa comunidade deve ser totalmente aberta para todos. Desta forma, estamos comprometidos a oferecer um ambiente amig\u00e1vel, seguro e acolhedor para todos, n\u00e3o importando o sexo, orienta\u00e7\u00e3o sexual, defici\u00eancias f\u00edsicas, etnicidade, religi\u00e3o, sistema operacional preferido, linguagem de programa\u00e7\u00e3o ou\u2026","rel":"","context":"Post similar","block_context":{"text":"Post similar","link":""},"img":{"alt_text":"","src":"https:\/\/i0.wp.com\/portoalegre.wordcamp.org\/2017\/files\/2017\/03\/cropped-wcpoa2017-favicon-1.png?resize=350%2C200&ssl=1","width":350,"height":200},"classes":[]},{"id":193,"url":"https:\/\/portoalegre.wordcamp.org\/2017\/edicoes-anteriores\/","url_meta":{"origin":1215,"position":2},"title":"Edi\u00e7\u00f5es Anteriores","author":"Rodrigo Donini","date":"15 de mar\u00e7o de 2017","format":false,"excerpt":"A cidade de Porto Alegre sedia o WordCamp desde 2013. O WordCamp Porto Alegre \u00e9 organizado por volunt\u00e1rios, dividido em palestras e oficinas. Toda a arrecada\u00e7\u00e3o do evento \u00e9 investido nele mesmo na forma de brindes, estrutura e alimenta\u00e7\u00e3o. Edi\u00e7\u00e3o 2013 Data:\u00a013\/07\/2013 N\u00famero de Palestras: 7 N\u00famero de Oficinas: 3\u2026","rel":"","context":"Post similar","block_context":{"text":"Post similar","link":""},"img":{"alt_text":"","src":"https:\/\/i0.wp.com\/portoalegre.wordcamp.org\/2017\/files\/2017\/03\/IMG_9477-150x150.jpg?resize=350%2C200&ssl=1","width":350,"height":200,"srcset":"https:\/\/i0.wp.com\/portoalegre.wordcamp.org\/2017\/files\/2017\/03\/IMG_9477-150x150.jpg?resize=350%2C200&ssl=1 1x, https:\/\/i0.wp.com\/portoalegre.wordcamp.org\/2017\/files\/2017\/03\/IMG_9477-150x150.jpg?resize=525%2C300&ssl=1 1.5x, https:\/\/i0.wp.com\/portoalegre.wordcamp.org\/2017\/files\/2017\/03\/IMG_9477-150x150.jpg?resize=700%2C400&ssl=1 2x"},"classes":[]},{"id":426,"url":"https:\/\/portoalegre.wordcamp.org\/2017\/bienvenido-a-wordcamp-porto-alegre-2017\/","url_meta":{"origin":1215,"position":3},"title":"Bienvenido a WordCamp Porto Alegre 2017!","author":"Marco Andrei Kichalowsky","date":"1 de abril de 2017","format":false,"excerpt":"La conferencia oficial de WordPress, el sistema de administraci\u00f3n de contenido m\u00e1s popular en el mundo, anuncia su realizaci\u00f3n en la Capital Brasile\u00f1a de los Gauchos en el primer semestre El evento oficial de WordPress, donde se re\u00fane la comunidad de desarrolladores, dise\u00f1adores y usuarios de la plataforma para hablar\u2026","rel":"","context":"Post similar","block_context":{"text":"Post similar","link":""},"img":{"alt_text":"","src":"https:\/\/i0.wp.com\/portoalegre.wordcamp.org\/2017\/files\/2017\/03\/porto-alegre-home-azul.jpg?resize=350%2C200&ssl=1","width":350,"height":200,"srcset":"https:\/\/i0.wp.com\/portoalegre.wordcamp.org\/2017\/files\/2017\/03\/porto-alegre-home-azul.jpg?resize=350%2C200&ssl=1 1x, https:\/\/i0.wp.com\/portoalegre.wordcamp.org\/2017\/files\/2017\/03\/porto-alegre-home-azul.jpg?resize=525%2C300&ssl=1 1.5x, https:\/\/i0.wp.com\/portoalegre.wordcamp.org\/2017\/files\/2017\/03\/porto-alegre-home-azul.jpg?resize=700%2C400&ssl=1 2x, https:\/\/i0.wp.com\/portoalegre.wordcamp.org\/2017\/files\/2017\/03\/porto-alegre-home-azul.jpg?resize=1050%2C600&ssl=1 3x, https:\/\/i0.wp.com\/portoalegre.wordcamp.org\/2017\/files\/2017\/03\/porto-alegre-home-azul.jpg?resize=1400%2C800&ssl=1 4x"},"classes":[]},{"id":12,"url":"https:\/\/portoalegre.wordcamp.org\/2017\/organizadores\/","url_meta":{"origin":1215,"position":4},"title":"Organizadores","author":"Marco Andrei Kichalowsky","date":"15 de fevereiro de 2017","format":false,"excerpt":"Estes s\u00e3o os\u00a0viventes que est\u00e3o dedicando seu tempo para fazer\u00a0essa linda e sensacional tert\u00falia de WordPress na Capital dos Ga\u00fachos. Se precisares de alguma coisa antes ou no dia do evento, n\u00e3o te mixa, \u00e9 s\u00f3 chamar!","rel":"","context":"Post similar","block_context":{"text":"Post similar","link":""},"img":{"alt_text":"","src":"https:\/\/i0.wp.com\/portoalegre.wordcamp.org\/2017\/files\/2017\/03\/cropped-wcpoa2017-favicon-1.png?resize=350%2C200&ssl=1","width":350,"height":200},"classes":[]},{"id":996,"url":"https:\/\/portoalegre.wordcamp.org\/2017\/guia-de-sobrevivencia\/","url_meta":{"origin":1215,"position":5},"title":"Guia de sobreviv\u00eancia","author":"Rodrigo Donini","date":"26 de abril de 2017","format":false,"excerpt":"Bem-vindo \u00e0 Porto Alegre! Porto Alegre \u00e9 um munic\u00edpio brasileiro e a capital do estado mais meridional do Brasil, o Rio Grande do Sul. Com uma \u00e1rea de mais de 490 mil km\u00b2, possui uma geografia diversificada, com morros, baixadas e um grande lago, o Gua\u00edba. Hist\u00f3ria e caracter\u00edsticas A\u2026","rel":"","context":"Post similar","block_context":{"text":"Post similar","link":""},"img":{"alt_text":"","src":"https:\/\/i0.wp.com\/portoalegre.wordcamp.org\/2017\/files\/2017\/04\/31-150x150.jpg?resize=350%2C200&ssl=1","width":350,"height":200,"srcset":"https:\/\/i0.wp.com\/portoalegre.wordcamp.org\/2017\/files\/2017\/04\/31-150x150.jpg?resize=350%2C200&ssl=1 1x, https:\/\/i0.wp.com\/portoalegre.wordcamp.org\/2017\/files\/2017\/04\/31-150x150.jpg?resize=525%2C300&ssl=1 1.5x, https:\/\/i0.wp.com\/portoalegre.wordcamp.org\/2017\/files\/2017\/04\/31-150x150.jpg?resize=700%2C400&ssl=1 2x, https:\/\/i0.wp.com\/portoalegre.wordcamp.org\/2017\/files\/2017\/04\/31-150x150.jpg?resize=1050%2C600&ssl=1 3x"},"classes":[]}],"jetpack_likes_enabled":true,"_links":{"self":[{"href":"https:\/\/portoalegre.wordcamp.org\/2017\/wp-json\/wp\/v2\/pages\/1215","targetHints":{"allow":["GET"]}}],"collection":[{"href":"https:\/\/portoalegre.wordcamp.org\/2017\/wp-json\/wp\/v2\/pages"}],"about":[{"href":"https:\/\/portoalegre.wordcamp.org\/2017\/wp-json\/wp\/v2\/types\/page"}],"author":[{"embeddable":true,"href":"https:\/\/portoalegre.wordcamp.org\/2017\/wp-json\/wp\/v2\/users\/13542799"}],"replies":[{"embeddable":true,"href":"https:\/\/portoalegre.wordcamp.org\/2017\/wp-json\/wp\/v2\/comments?post=1215"}],"version-history":[{"count":3,"href":"https:\/\/portoalegre.wordcamp.org\/2017\/wp-json\/wp\/v2\/pages\/1215\/revisions"}],"predecessor-version":[{"id":1225,"href":"https:\/\/portoalegre.wordcamp.org\/2017\/wp-json\/wp\/v2\/pages\/1215\/revisions\/1225"}],"wp:attachment":[{"href":"https:\/\/portoalegre.wordcamp.org\/2017\/wp-json\/wp\/v2\/media?parent=1215"}],"curies":[{"name":"wp","href":"https:\/\/api.w.org\/{rel}","templated":true}]}}