{"id":11,"date":"2017-02-15T21:25:42","date_gmt":"2017-02-15T21:25:42","guid":{"rendered":"https:\/\/2017.portoalegre.wordcamp.org\/location\/"},"modified":"2017-03-16T00:48:00","modified_gmt":"2017-03-16T03:48:00","slug":"localizacao","status":"publish","type":"page","link":"https:\/\/portoalegre.wordcamp.org\/2017\/localizacao\/","title":{"rendered":"Localiza\u00e7\u00e3o"},"content":{"rendered":"<h3>Endere\u00e7o<\/h3>\n<p>Rua Cel. Genu\u00edno, 130 &#8211; Centro<br \/>\nPorto Alegre &#8211; RS, 90010-350<br \/>\nTelefone: <a href=\"tel:(51) 3022-1044\">(51) 3022-1044<\/a><a href=\"tel:(51) 3022-1044\"><br \/>\n<\/a>Site:\u00a0<a href=\"http:\/\/www.senac.br\/\">www.senac.br<\/a><\/p>\n<div class=\"googlemaps\">\n\t\t\t\t<iframe loading=\"lazy\" width=\"600\" height=\"450\" frameborder=\"0\" scrolling=\"no\" marginheight=\"0\" marginwidth=\"0\"  src=\"https:\/\/www.google.com\/maps\/embed?pb=!1m18!1m12!1m3!1d3454.0566117283347!2d-51.228750084885064!3d-30.035233681885664!2m3!1f0!2f0!3f0!3m2!1i1024!2i768!4f13.1!3m3!1m2!1s0x95197906a9d397f5:0x514b4935e97fbf4d!2sFaculdade%20Senac%20Porto%20Alegre!5e0!3m2!1spt-BR!2sbr!4v1489635730445\"><\/iframe>\n\t\t\t<\/div>\n<div class=\"tiled-gallery type-rectangular tiled-gallery-unresized\" data-original-width=\"525\" data-carousel-extra='{&quot;blog_id&quot;:821,&quot;permalink&quot;:&quot;https:\\\/\\\/portoalegre.wordcamp.org\\\/2017\\\/localizacao\\\/&quot;,&quot;likes_blog_id&quot;:124242425}' itemscope itemtype=\"http:\/\/schema.org\/ImageGallery\" > <div class=\"gallery-row\" style=\"width: 525px; height: 372px;\" data-original-width=\"525\" data-original-height=\"372\" > <div class=\"gallery-group images-2\" style=\"width: 267px; height: 372px;\" data-original-width=\"267\" data-original-height=\"372\" > <div class=\"tiled-gallery-item tiled-gallery-item-large\" itemprop=\"associatedMedia\" itemscope itemtype=\"http:\/\/schema.org\/ImageObject\"> <a href=\"https:\/\/portoalegre.wordcamp.org\/2017\/localizacao\/attachment\/01\/\" border=\"0\" itemprop=\"url\"> <meta itemprop=\"width\" content=\"263\"> <meta itemprop=\"height\" content=\"197\"> <img decoding=\"async\" class=\"\" data-attachment-id=\"219\" data-orig-file=\"https:\/\/portoalegre.wordcamp.org\/2017\/files\/2017\/02\/01.jpg\" data-orig-size=\"720,540\" data-comments-opened=\"1\" data-image-meta=\"{&quot;aperture&quot;:&quot;0&quot;,&quot;credit&quot;:&quot;&quot;,&quot;camera&quot;:&quot;&quot;,&quot;caption&quot;:&quot;&quot;,&quot;created_timestamp&quot;:&quot;0&quot;,&quot;copyright&quot;:&quot;&quot;,&quot;focal_length&quot;:&quot;0&quot;,&quot;iso&quot;:&quot;0&quot;,&quot;shutter_speed&quot;:&quot;0&quot;,&quot;title&quot;:&quot;&quot;,&quot;orientation&quot;:&quot;0&quot;}\" data-image-title=\"01\" data-image-description=\"\" data-medium-file=\"https:\/\/portoalegre.wordcamp.org\/2017\/files\/2017\/02\/01-300x225.jpg\" data-large-file=\"https:\/\/portoalegre.wordcamp.org\/2017\/files\/2017\/02\/01.jpg\" src=\"https:\/\/i0.wp.com\/portoalegre.wordcamp.org\/2017\/files\/2017\/02\/01.jpg?w=263&#038;h=197&#038;ssl=1\" srcset=\"https:\/\/portoalegre.wordcamp.org\/2017\/files\/2017\/02\/01.jpg 720w, https:\/\/portoalegre.wordcamp.org\/2017\/files\/2017\/02\/01-300x225.jpg 300w, https:\/\/portoalegre.wordcamp.org\/2017\/files\/2017\/02\/01-400x300.jpg 400w\" width=\"263\" height=\"197\" loading=\"lazy\" data-original-width=\"263\" data-original-height=\"197\" itemprop=\"http:\/\/schema.org\/image\" title=\"01\" alt=\"01\" style=\"width: 263px; height: 197px;\" \/> <\/a> <\/div> <div class=\"tiled-gallery-item tiled-gallery-item-large\" itemprop=\"associatedMedia\" itemscope itemtype=\"http:\/\/schema.org\/ImageObject\"> <a href=\"https:\/\/portoalegre.wordcamp.org\/2017\/localizacao\/faculdade-senac-porto-alegre-photo-2-7611a055\/\" border=\"0\" itemprop=\"url\"> <meta itemprop=\"width\" content=\"263\"> <meta itemprop=\"height\" content=\"167\"> <img decoding=\"async\" class=\"\" data-attachment-id=\"220\" data-orig-file=\"https:\/\/portoalegre.wordcamp.org\/2017\/files\/2017\/02\/faculdade-senac-porto-alegre-photo-2-7611a055.jpg\" data-orig-size=\"1024,652\" data-comments-opened=\"1\" data-image-meta=\"{&quot;aperture&quot;:&quot;0&quot;,&quot;credit&quot;:&quot;&quot;,&quot;camera&quot;:&quot;&quot;,&quot;caption&quot;:&quot;&quot;,&quot;created_timestamp&quot;:&quot;0&quot;,&quot;copyright&quot;:&quot;&quot;,&quot;focal_length&quot;:&quot;0&quot;,&quot;iso&quot;:&quot;0&quot;,&quot;shutter_speed&quot;:&quot;0&quot;,&quot;title&quot;:&quot;&quot;,&quot;orientation&quot;:&quot;0&quot;}\" data-image-title=\"faculdade-senac-porto-alegre-photo-2-7611a055\" data-image-description=\"\" data-medium-file=\"https:\/\/portoalegre.wordcamp.org\/2017\/files\/2017\/02\/faculdade-senac-porto-alegre-photo-2-7611a055-300x191.jpg\" data-large-file=\"https:\/\/portoalegre.wordcamp.org\/2017\/files\/2017\/02\/faculdade-senac-porto-alegre-photo-2-7611a055-1024x652.jpg\" src=\"https:\/\/i0.wp.com\/portoalegre.wordcamp.org\/2017\/files\/2017\/02\/faculdade-senac-porto-alegre-photo-2-7611a055.jpg?w=263&#038;h=167&#038;ssl=1\" srcset=\"https:\/\/portoalegre.wordcamp.org\/2017\/files\/2017\/02\/faculdade-senac-porto-alegre-photo-2-7611a055.jpg 1024w, https:\/\/portoalegre.wordcamp.org\/2017\/files\/2017\/02\/faculdade-senac-porto-alegre-photo-2-7611a055-300x191.jpg 300w, https:\/\/portoalegre.wordcamp.org\/2017\/files\/2017\/02\/faculdade-senac-porto-alegre-photo-2-7611a055-768x489.jpg 768w, https:\/\/portoalegre.wordcamp.org\/2017\/files\/2017\/02\/faculdade-senac-porto-alegre-photo-2-7611a055-471x300.jpg 471w\" width=\"263\" height=\"167\" loading=\"lazy\" data-original-width=\"263\" data-original-height=\"167\" itemprop=\"http:\/\/schema.org\/image\" title=\"faculdade-senac-porto-alegre-photo-2-7611a055\" alt=\"faculdade-senac-porto-alegre-photo-2-7611a055\" style=\"width: 263px; height: 167px;\" \/> <\/a> <\/div> <\/div> <!-- close group --> <div class=\"gallery-group images-1\" style=\"width: 258px; height: 372px;\" data-original-width=\"258\" data-original-height=\"372\" > <div class=\"tiled-gallery-item tiled-gallery-item-large\" itemprop=\"associatedMedia\" itemscope itemtype=\"http:\/\/schema.org\/ImageObject\"> <a href=\"https:\/\/portoalegre.wordcamp.org\/2017\/localizacao\/faculdade-senac-porto-alegre-photo-3-6514f0c4\/\" border=\"0\" itemprop=\"url\"> <meta itemprop=\"width\" content=\"254\"> <meta itemprop=\"height\" content=\"368\"> <img decoding=\"async\" class=\"\" data-attachment-id=\"221\" data-orig-file=\"https:\/\/portoalegre.wordcamp.org\/2017\/files\/2017\/02\/faculdade-senac-porto-alegre-photo-3-6514f0c4.jpg\" data-orig-size=\"708,1024\" data-comments-opened=\"1\" data-image-meta=\"{&quot;aperture&quot;:&quot;0&quot;,&quot;credit&quot;:&quot;&quot;,&quot;camera&quot;:&quot;&quot;,&quot;caption&quot;:&quot;&quot;,&quot;created_timestamp&quot;:&quot;0&quot;,&quot;copyright&quot;:&quot;&quot;,&quot;focal_length&quot;:&quot;0&quot;,&quot;iso&quot;:&quot;0&quot;,&quot;shutter_speed&quot;:&quot;0&quot;,&quot;title&quot;:&quot;&quot;,&quot;orientation&quot;:&quot;0&quot;}\" data-image-title=\"faculdade-senac-porto-alegre-photo-3-6514f0c4\" data-image-description=\"\" data-medium-file=\"https:\/\/portoalegre.wordcamp.org\/2017\/files\/2017\/02\/faculdade-senac-porto-alegre-photo-3-6514f0c4-207x300.jpg\" data-large-file=\"https:\/\/portoalegre.wordcamp.org\/2017\/files\/2017\/02\/faculdade-senac-porto-alegre-photo-3-6514f0c4-708x1024.jpg\" src=\"https:\/\/i0.wp.com\/portoalegre.wordcamp.org\/2017\/files\/2017\/02\/faculdade-senac-porto-alegre-photo-3-6514f0c4.jpg?w=254&#038;h=368&#038;ssl=1\" srcset=\"https:\/\/portoalegre.wordcamp.org\/2017\/files\/2017\/02\/faculdade-senac-porto-alegre-photo-3-6514f0c4.jpg 708w, https:\/\/portoalegre.wordcamp.org\/2017\/files\/2017\/02\/faculdade-senac-porto-alegre-photo-3-6514f0c4-207x300.jpg 207w\" width=\"254\" height=\"368\" loading=\"lazy\" data-original-width=\"254\" data-original-height=\"368\" itemprop=\"http:\/\/schema.org\/image\" title=\"faculdade-senac-porto-alegre-photo-3-6514f0c4\" alt=\"faculdade-senac-porto-alegre-photo-3-6514f0c4\" style=\"width: 254px; height: 368px;\" \/> <\/a> <\/div> <\/div> <!-- close group --> <\/div> <!-- close row --> <div class=\"gallery-row\" style=\"width: 525px; height: 214px;\" data-original-width=\"525\" data-original-height=\"214\" > <div class=\"gallery-group images-1\" style=\"width: 207px; height: 214px;\" data-original-width=\"207\" data-original-height=\"214\" > <div class=\"tiled-gallery-item tiled-gallery-item-small\" itemprop=\"associatedMedia\" itemscope itemtype=\"http:\/\/schema.org\/ImageObject\"> <a href=\"https:\/\/portoalegre.wordcamp.org\/2017\/localizacao\/faculdade-senac-porto-alegre-photo-4-f9e81f10\/\" border=\"0\" itemprop=\"url\"> <meta itemprop=\"width\" content=\"203\"> <meta itemprop=\"height\" content=\"210\"> <img decoding=\"async\" class=\"\" data-attachment-id=\"222\" data-orig-file=\"https:\/\/portoalegre.wordcamp.org\/2017\/files\/2017\/02\/faculdade-senac-porto-alegre-photo-4-f9e81f10.jpg\" data-orig-size=\"825,854\" data-comments-opened=\"1\" data-image-meta=\"{&quot;aperture&quot;:&quot;0&quot;,&quot;credit&quot;:&quot;&quot;,&quot;camera&quot;:&quot;&quot;,&quot;caption&quot;:&quot;&quot;,&quot;created_timestamp&quot;:&quot;0&quot;,&quot;copyright&quot;:&quot;&quot;,&quot;focal_length&quot;:&quot;0&quot;,&quot;iso&quot;:&quot;0&quot;,&quot;shutter_speed&quot;:&quot;0&quot;,&quot;title&quot;:&quot;&quot;,&quot;orientation&quot;:&quot;0&quot;}\" data-image-title=\"faculdade-senac-porto-alegre-photo-4-f9e81f10\" data-image-description=\"\" data-medium-file=\"https:\/\/portoalegre.wordcamp.org\/2017\/files\/2017\/02\/faculdade-senac-porto-alegre-photo-4-f9e81f10-290x300.jpg\" data-large-file=\"https:\/\/portoalegre.wordcamp.org\/2017\/files\/2017\/02\/faculdade-senac-porto-alegre-photo-4-f9e81f10.jpg\" src=\"https:\/\/i0.wp.com\/portoalegre.wordcamp.org\/2017\/files\/2017\/02\/faculdade-senac-porto-alegre-photo-4-f9e81f10.jpg?w=203&#038;h=210&#038;ssl=1\" srcset=\"https:\/\/portoalegre.wordcamp.org\/2017\/files\/2017\/02\/faculdade-senac-porto-alegre-photo-4-f9e81f10.jpg 825w, https:\/\/portoalegre.wordcamp.org\/2017\/files\/2017\/02\/faculdade-senac-porto-alegre-photo-4-f9e81f10-290x300.jpg 290w, https:\/\/portoalegre.wordcamp.org\/2017\/files\/2017\/02\/faculdade-senac-porto-alegre-photo-4-f9e81f10-768x795.jpg 768w\" width=\"203\" height=\"210\" loading=\"lazy\" data-original-width=\"203\" data-original-height=\"210\" itemprop=\"http:\/\/schema.org\/image\" title=\"faculdade-senac-porto-alegre-photo-4-f9e81f10\" alt=\"faculdade-senac-porto-alegre-photo-4-f9e81f10\" style=\"width: 203px; height: 210px;\" \/> <\/a> <\/div> <\/div> <!-- close group --> <div class=\"gallery-group images-1\" style=\"width: 318px; height: 214px;\" data-original-width=\"318\" data-original-height=\"214\" > <div class=\"tiled-gallery-item tiled-gallery-item-large\" itemprop=\"associatedMedia\" itemscope itemtype=\"http:\/\/schema.org\/ImageObject\"> <a href=\"https:\/\/portoalegre.wordcamp.org\/2017\/localizacao\/julio_1383766191palestra3\/\" border=\"0\" itemprop=\"url\"> <meta itemprop=\"width\" content=\"314\"> <meta itemprop=\"height\" content=\"210\"> <img decoding=\"async\" class=\"\" data-attachment-id=\"223\" data-orig-file=\"https:\/\/portoalegre.wordcamp.org\/2017\/files\/2017\/02\/julio_1383766191palestra3.jpg\" data-orig-size=\"600,400\" data-comments-opened=\"1\" data-image-meta=\"{&quot;aperture&quot;:&quot;0&quot;,&quot;credit&quot;:&quot;&quot;,&quot;camera&quot;:&quot;&quot;,&quot;caption&quot;:&quot;&quot;,&quot;created_timestamp&quot;:&quot;0&quot;,&quot;copyright&quot;:&quot;&quot;,&quot;focal_length&quot;:&quot;0&quot;,&quot;iso&quot;:&quot;0&quot;,&quot;shutter_speed&quot;:&quot;0&quot;,&quot;title&quot;:&quot;&quot;,&quot;orientation&quot;:&quot;0&quot;}\" data-image-title=\"julio_1383766191palestra3\" data-image-description=\"\" data-medium-file=\"https:\/\/portoalegre.wordcamp.org\/2017\/files\/2017\/02\/julio_1383766191palestra3-300x200.jpg\" data-large-file=\"https:\/\/portoalegre.wordcamp.org\/2017\/files\/2017\/02\/julio_1383766191palestra3.jpg\" src=\"https:\/\/i0.wp.com\/portoalegre.wordcamp.org\/2017\/files\/2017\/02\/julio_1383766191palestra3.jpg?w=314&#038;h=210&#038;ssl=1\" srcset=\"https:\/\/portoalegre.wordcamp.org\/2017\/files\/2017\/02\/julio_1383766191palestra3.jpg 600w, https:\/\/portoalegre.wordcamp.org\/2017\/files\/2017\/02\/julio_1383766191palestra3-300x200.jpg 300w, https:\/\/portoalegre.wordcamp.org\/2017\/files\/2017\/02\/julio_1383766191palestra3-450x300.jpg 450w\" width=\"314\" height=\"210\" loading=\"lazy\" data-original-width=\"314\" data-original-height=\"210\" itemprop=\"http:\/\/schema.org\/image\" title=\"julio_1383766191palestra3\" alt=\"julio_1383766191palestra3\" style=\"width: 314px; height: 210px;\" \/> <\/a> <\/div> <\/div> <!-- close group --> <\/div> <!-- close row --> <\/div>\n","protected":false},"excerpt":{"rendered":"<p>Endere\u00e7o Rua Cel. Genu\u00edno, 130 &#8211; Centro Porto Alegre &#8211; RS, 90010-350 Telefone: (51) 3022-1044 Site:\u00a0www.senac.br<\/p>\n","protected":false},"author":4711507,"featured_media":0,"parent":0,"menu_order":0,"comment_status":"closed","ping_status":"closed","template":"","meta":{"jetpack_post_was_ever_published":false,"footnotes":""},"class_list":["post-11","page","type-page","status-publish","hentry"],"jetpack_sharing_enabled":true,"jetpack_shortlink":"https:\/\/wp.me\/P8pj85-b","jetpack-related-posts":[{"id":102,"url":"https:\/\/portoalegre.wordcamp.org\/2017\/","url_meta":{"origin":11,"position":0},"title":"Bem-vindo ao WordCamp Porto Alegre!","author":"Eduardo Pittol","date":"12 de mar\u00e7o de 2017","format":false,"excerpt":"O WordCamp Porto Alegre \u00e9 o evento oficial de WordPress na Capital dos Ga\u00fachos, em sua terceira edi\u00e7\u00e3o. Descansando \u00e0s margens do Lago Gua\u00edba, Porto Alegre \u00e9 o grande centro da fronteira Sul do Brasil, com forte cultura local de costumes e linguajar distintos, destacada gastronomia, expressiva cena art\u00edstica e\u2026","rel":"","context":"Post similar","block_context":{"text":"Post similar","link":""},"img":{"alt_text":"","src":"https:\/\/i0.wp.com\/portoalegre.wordcamp.org\/2017\/files\/2017\/03\/cropped-wcpoa2017-favicon-1.png?resize=350%2C200&ssl=1","width":350,"height":200},"classes":[]},{"id":552,"url":"https:\/\/portoalegre.wordcamp.org\/2017\/politica-de-privacidade\/","url_meta":{"origin":11,"position":1},"title":"Pol\u00edtica de privacidade","author":"Marco Andrei Kichalowsky","date":"7 de abril de 2017","format":false,"excerpt":"Informa\u00e7\u00f5es e dados pessoais fornecidos \u00e0 organiza\u00e7\u00e3o do WordCamp Porto Alegre 2017 \u2013 cuja veracidade e exatid\u00e3o s\u00e3o de total responsabilidade do inscrito \u2013 ser\u00e3o coletados e guardados em conformidade com padr\u00f5es r\u00edgidos de confidencialidade e de seguran\u00e7a, e utilizados para as seguintes finalidades: comunicar o inscrito a respeito de\u2026","rel":"","context":"Post similar","block_context":{"text":"Post similar","link":""},"img":{"alt_text":"","src":"https:\/\/i0.wp.com\/portoalegre.wordcamp.org\/2017\/files\/2017\/03\/cropped-wcpoa2017-favicon-1.png?resize=350%2C200&ssl=1","width":350,"height":200},"classes":[]},{"id":996,"url":"https:\/\/portoalegre.wordcamp.org\/2017\/guia-de-sobrevivencia\/","url_meta":{"origin":11,"position":2},"title":"Guia de sobreviv\u00eancia","author":"Rodrigo Donini","date":"26 de abril de 2017","format":false,"excerpt":"Bem-vindo \u00e0 Porto Alegre! Porto Alegre \u00e9 um munic\u00edpio brasileiro e a capital do estado mais meridional do Brasil, o Rio Grande do Sul. Com uma \u00e1rea de mais de 490 mil km\u00b2, possui uma geografia diversificada, com morros, baixadas e um grande lago, o Gua\u00edba. Hist\u00f3ria e caracter\u00edsticas A\u2026","rel":"","context":"Post similar","block_context":{"text":"Post similar","link":""},"img":{"alt_text":"","src":"https:\/\/i0.wp.com\/portoalegre.wordcamp.org\/2017\/files\/2017\/04\/31-150x150.jpg?resize=350%2C200&ssl=1","width":350,"height":200,"srcset":"https:\/\/i0.wp.com\/portoalegre.wordcamp.org\/2017\/files\/2017\/04\/31-150x150.jpg?resize=350%2C200&ssl=1 1x, https:\/\/i0.wp.com\/portoalegre.wordcamp.org\/2017\/files\/2017\/04\/31-150x150.jpg?resize=525%2C300&ssl=1 1.5x, https:\/\/i0.wp.com\/portoalegre.wordcamp.org\/2017\/files\/2017\/04\/31-150x150.jpg?resize=700%2C400&ssl=1 2x, https:\/\/i0.wp.com\/portoalegre.wordcamp.org\/2017\/files\/2017\/04\/31-150x150.jpg?resize=1050%2C600&ssl=1 3x"},"classes":[]},{"id":426,"url":"https:\/\/portoalegre.wordcamp.org\/2017\/bienvenido-a-wordcamp-porto-alegre-2017\/","url_meta":{"origin":11,"position":3},"title":"Bienvenido a WordCamp Porto Alegre 2017!","author":"Marco Andrei Kichalowsky","date":"1 de abril de 2017","format":false,"excerpt":"La conferencia oficial de WordPress, el sistema de administraci\u00f3n de contenido m\u00e1s popular en el mundo, anuncia su realizaci\u00f3n en la Capital Brasile\u00f1a de los Gauchos en el primer semestre El evento oficial de WordPress, donde se re\u00fane la comunidad de desarrolladores, dise\u00f1adores y usuarios de la plataforma para hablar\u2026","rel":"","context":"Post similar","block_context":{"text":"Post similar","link":""},"img":{"alt_text":"","src":"https:\/\/i0.wp.com\/portoalegre.wordcamp.org\/2017\/files\/2017\/03\/porto-alegre-home-azul.jpg?resize=350%2C200&ssl=1","width":350,"height":200,"srcset":"https:\/\/i0.wp.com\/portoalegre.wordcamp.org\/2017\/files\/2017\/03\/porto-alegre-home-azul.jpg?resize=350%2C200&ssl=1 1x, https:\/\/i0.wp.com\/portoalegre.wordcamp.org\/2017\/files\/2017\/03\/porto-alegre-home-azul.jpg?resize=525%2C300&ssl=1 1.5x, https:\/\/i0.wp.com\/portoalegre.wordcamp.org\/2017\/files\/2017\/03\/porto-alegre-home-azul.jpg?resize=700%2C400&ssl=1 2x, https:\/\/i0.wp.com\/portoalegre.wordcamp.org\/2017\/files\/2017\/03\/porto-alegre-home-azul.jpg?resize=1050%2C600&ssl=1 3x, https:\/\/i0.wp.com\/portoalegre.wordcamp.org\/2017\/files\/2017\/03\/porto-alegre-home-azul.jpg?resize=1400%2C800&ssl=1 4x"},"classes":[]},{"id":19,"url":"https:\/\/portoalegre.wordcamp.org\/2017\/codigo-de-conduta\/","url_meta":{"origin":11,"position":4},"title":"C\u00f3digo de Conduta","author":"Marco Andrei Kichalowsky","date":"15 de fevereiro de 2017","format":false,"excerpt":"C\u00f3digo de Conduta 1. Objetivos O WordCamp Porto Alegre acredita que nossa comunidade deve ser totalmente aberta para todos. Desta forma, estamos comprometidos a oferecer um ambiente amig\u00e1vel, seguro e acolhedor para todos, n\u00e3o importando o sexo, orienta\u00e7\u00e3o sexual, defici\u00eancias f\u00edsicas, etnicidade, religi\u00e3o, sistema operacional preferido, linguagem de programa\u00e7\u00e3o ou\u2026","rel":"","context":"Post similar","block_context":{"text":"Post similar","link":""},"img":{"alt_text":"","src":"https:\/\/i0.wp.com\/portoalegre.wordcamp.org\/2017\/files\/2017\/03\/cropped-wcpoa2017-favicon-1.png?resize=350%2C200&ssl=1","width":350,"height":200},"classes":[]},{"id":193,"url":"https:\/\/portoalegre.wordcamp.org\/2017\/edicoes-anteriores\/","url_meta":{"origin":11,"position":5},"title":"Edi\u00e7\u00f5es Anteriores","author":"Rodrigo Donini","date":"15 de mar\u00e7o de 2017","format":false,"excerpt":"A cidade de Porto Alegre sedia o WordCamp desde 2013. O WordCamp Porto Alegre \u00e9 organizado por volunt\u00e1rios, dividido em palestras e oficinas. Toda a arrecada\u00e7\u00e3o do evento \u00e9 investido nele mesmo na forma de brindes, estrutura e alimenta\u00e7\u00e3o. Edi\u00e7\u00e3o 2013 Data:\u00a013\/07\/2013 N\u00famero de Palestras: 7 N\u00famero de Oficinas: 3\u2026","rel":"","context":"Post similar","block_context":{"text":"Post similar","link":""},"img":{"alt_text":"","src":"https:\/\/i0.wp.com\/portoalegre.wordcamp.org\/2017\/files\/2017\/03\/IMG_9477-150x150.jpg?resize=350%2C200&ssl=1","width":350,"height":200,"srcset":"https:\/\/i0.wp.com\/portoalegre.wordcamp.org\/2017\/files\/2017\/03\/IMG_9477-150x150.jpg?resize=350%2C200&ssl=1 1x, https:\/\/i0.wp.com\/portoalegre.wordcamp.org\/2017\/files\/2017\/03\/IMG_9477-150x150.jpg?resize=525%2C300&ssl=1 1.5x, https:\/\/i0.wp.com\/portoalegre.wordcamp.org\/2017\/files\/2017\/03\/IMG_9477-150x150.jpg?resize=700%2C400&ssl=1 2x"},"classes":[]}],"jetpack_likes_enabled":true,"_links":{"self":[{"href":"https:\/\/portoalegre.wordcamp.org\/2017\/wp-json\/wp\/v2\/pages\/11","targetHints":{"allow":["GET"]}}],"collection":[{"href":"https:\/\/portoalegre.wordcamp.org\/2017\/wp-json\/wp\/v2\/pages"}],"about":[{"href":"https:\/\/portoalegre.wordcamp.org\/2017\/wp-json\/wp\/v2\/types\/page"}],"author":[{"embeddable":true,"href":"https:\/\/portoalegre.wordcamp.org\/2017\/wp-json\/wp\/v2\/users\/4711507"}],"replies":[{"embeddable":true,"href":"https:\/\/portoalegre.wordcamp.org\/2017\/wp-json\/wp\/v2\/comments?post=11"}],"version-history":[{"count":3,"href":"https:\/\/portoalegre.wordcamp.org\/2017\/wp-json\/wp\/v2\/pages\/11\/revisions"}],"predecessor-version":[{"id":224,"href":"https:\/\/portoalegre.wordcamp.org\/2017\/wp-json\/wp\/v2\/pages\/11\/revisions\/224"}],"wp:attachment":[{"href":"https:\/\/portoalegre.wordcamp.org\/2017\/wp-json\/wp\/v2\/media?parent=11"}],"curies":[{"name":"wp","href":"https:\/\/api.w.org\/{rel}","templated":true}]}}