{"id":102,"date":"2017-03-12T23:18:44","date_gmt":"2017-03-13T02:18:44","guid":{"rendered":"https:\/\/2017.portoalegre.wordcamp.org\/?page_id=102"},"modified":"2017-04-01T17:06:59","modified_gmt":"2017-04-01T20:06:59","slug":"wordcamp-porto-alegre-2017","status":"publish","type":"page","link":"https:\/\/portoalegre.wordcamp.org\/2017\/","title":{"rendered":"Bem-vindo ao WordCamp Porto Alegre!"},"content":{"rendered":"<p>O WordCamp Porto Alegre \u00e9 o evento oficial de WordPress na Capital dos Ga\u00fachos, em sua terceira edi\u00e7\u00e3o.<\/p>\n<p>Descansando \u00e0s margens do Lago Gua\u00edba, Porto Alegre \u00e9 o grande centro da fronteira Sul do Brasil, com forte cultura local de costumes e linguajar distintos, destacada gastronomia, expressiva cena art\u00edstica e vibrante comunidade de software livre.<\/p>\n<p>Destinado a usu\u00e1rios, desenvolvedores ou qualquer entusiasta do WordPress, o WordCamp est\u00e1 de bra\u00e7os abertos para te receber neste dia de intensa programa\u00e7\u00e3o e confraterniza\u00e7\u00e3o.<\/p>\n<p><strong>Te aprochega, tch\u00ea!<\/strong><\/p>\n","protected":false},"excerpt":{"rendered":"<p>O WordCamp Porto Alegre \u00e9 o evento oficial de WordPress na Capital dos Ga\u00fachos, em sua terceira edi\u00e7\u00e3o. Descansando \u00e0s margens do Lago Gua\u00edba, Porto Alegre \u00e9 o grande centro da fronteira Sul do Brasil, com forte cultura local de costumes e linguajar distintos, destacada gastronomia, expressiva cena art\u00edstica e vibrante comunidade de software livre. &hellip; <\/p>\n<p class=\"link-more\"><a href=\"https:\/\/portoalegre.wordcamp.org\/2017\/\" class=\"more-link\">Continue lendo<span class=\"screen-reader-text\"> &#8220;Bem-vindo ao WordCamp Porto Alegre!&#8221;<\/span><\/a><\/p>\n","protected":false},"author":3580050,"featured_media":0,"parent":0,"menu_order":0,"comment_status":"closed","ping_status":"closed","template":"","meta":{"jetpack_post_was_ever_published":false,"footnotes":""},"class_list":["post-102","page","type-page","status-publish","hentry"],"jetpack_sharing_enabled":true,"jetpack_shortlink":"https:\/\/wp.me\/P8pj85-1E","jetpack-related-posts":[{"id":426,"url":"https:\/\/portoalegre.wordcamp.org\/2017\/bienvenido-a-wordcamp-porto-alegre-2017\/","url_meta":{"origin":102,"position":0},"title":"Bienvenido a WordCamp Porto Alegre 2017!","author":"Marco Andrei Kichalowsky","date":"1 de abril de 2017","format":false,"excerpt":"La conferencia oficial de WordPress, el sistema de administraci\u00f3n de contenido m\u00e1s popular en el mundo, anuncia su realizaci\u00f3n en la Capital Brasile\u00f1a de los Gauchos en el primer semestre El evento oficial de WordPress, donde se re\u00fane la comunidad de desarrolladores, dise\u00f1adores y usuarios de la plataforma para hablar\u2026","rel":"","context":"Post similar","block_context":{"text":"Post similar","link":""},"img":{"alt_text":"","src":"https:\/\/i0.wp.com\/portoalegre.wordcamp.org\/2017\/files\/2017\/03\/porto-alegre-home-azul.jpg?resize=350%2C200&ssl=1","width":350,"height":200,"srcset":"https:\/\/i0.wp.com\/portoalegre.wordcamp.org\/2017\/files\/2017\/03\/porto-alegre-home-azul.jpg?resize=350%2C200&ssl=1 1x, https:\/\/i0.wp.com\/portoalegre.wordcamp.org\/2017\/files\/2017\/03\/porto-alegre-home-azul.jpg?resize=525%2C300&ssl=1 1.5x, https:\/\/i0.wp.com\/portoalegre.wordcamp.org\/2017\/files\/2017\/03\/porto-alegre-home-azul.jpg?resize=700%2C400&ssl=1 2x, https:\/\/i0.wp.com\/portoalegre.wordcamp.org\/2017\/files\/2017\/03\/porto-alegre-home-azul.jpg?resize=1050%2C600&ssl=1 3x, https:\/\/i0.wp.com\/portoalegre.wordcamp.org\/2017\/files\/2017\/03\/porto-alegre-home-azul.jpg?resize=1400%2C800&ssl=1 4x"},"classes":[]},{"id":552,"url":"https:\/\/portoalegre.wordcamp.org\/2017\/politica-de-privacidade\/","url_meta":{"origin":102,"position":1},"title":"Pol\u00edtica de privacidade","author":"Marco Andrei Kichalowsky","date":"7 de abril de 2017","format":false,"excerpt":"Informa\u00e7\u00f5es e dados pessoais fornecidos \u00e0 organiza\u00e7\u00e3o do WordCamp Porto Alegre 2017 \u2013 cuja veracidade e exatid\u00e3o s\u00e3o de total responsabilidade do inscrito \u2013 ser\u00e3o coletados e guardados em conformidade com padr\u00f5es r\u00edgidos de confidencialidade e de seguran\u00e7a, e utilizados para as seguintes finalidades: comunicar o inscrito a respeito de\u2026","rel":"","context":"Post similar","block_context":{"text":"Post similar","link":""},"img":{"alt_text":"","src":"https:\/\/i0.wp.com\/portoalegre.wordcamp.org\/2017\/files\/2017\/03\/cropped-wcpoa2017-favicon-1.png?resize=350%2C200&ssl=1","width":350,"height":200},"classes":[]},{"id":19,"url":"https:\/\/portoalegre.wordcamp.org\/2017\/codigo-de-conduta\/","url_meta":{"origin":102,"position":2},"title":"C\u00f3digo de Conduta","author":"Marco Andrei Kichalowsky","date":"15 de fevereiro de 2017","format":false,"excerpt":"C\u00f3digo de Conduta 1. Objetivos O WordCamp Porto Alegre acredita que nossa comunidade deve ser totalmente aberta para todos. Desta forma, estamos comprometidos a oferecer um ambiente amig\u00e1vel, seguro e acolhedor para todos, n\u00e3o importando o sexo, orienta\u00e7\u00e3o sexual, defici\u00eancias f\u00edsicas, etnicidade, religi\u00e3o, sistema operacional preferido, linguagem de programa\u00e7\u00e3o ou\u2026","rel":"","context":"Post similar","block_context":{"text":"Post similar","link":""},"img":{"alt_text":"","src":"https:\/\/i0.wp.com\/portoalegre.wordcamp.org\/2017\/files\/2017\/03\/cropped-wcpoa2017-favicon-1.png?resize=350%2C200&ssl=1","width":350,"height":200},"classes":[]},{"id":193,"url":"https:\/\/portoalegre.wordcamp.org\/2017\/edicoes-anteriores\/","url_meta":{"origin":102,"position":3},"title":"Edi\u00e7\u00f5es Anteriores","author":"Rodrigo Donini","date":"15 de mar\u00e7o de 2017","format":false,"excerpt":"A cidade de Porto Alegre sedia o WordCamp desde 2013. O WordCamp Porto Alegre \u00e9 organizado por volunt\u00e1rios, dividido em palestras e oficinas. Toda a arrecada\u00e7\u00e3o do evento \u00e9 investido nele mesmo na forma de brindes, estrutura e alimenta\u00e7\u00e3o. Edi\u00e7\u00e3o 2013 Data:\u00a013\/07\/2013 N\u00famero de Palestras: 7 N\u00famero de Oficinas: 3\u2026","rel":"","context":"Post similar","block_context":{"text":"Post similar","link":""},"img":{"alt_text":"","src":"https:\/\/i0.wp.com\/portoalegre.wordcamp.org\/2017\/files\/2017\/03\/IMG_9477-150x150.jpg?resize=350%2C200&ssl=1","width":350,"height":200,"srcset":"https:\/\/i0.wp.com\/portoalegre.wordcamp.org\/2017\/files\/2017\/03\/IMG_9477-150x150.jpg?resize=350%2C200&ssl=1 1x, https:\/\/i0.wp.com\/portoalegre.wordcamp.org\/2017\/files\/2017\/03\/IMG_9477-150x150.jpg?resize=525%2C300&ssl=1 1.5x, https:\/\/i0.wp.com\/portoalegre.wordcamp.org\/2017\/files\/2017\/03\/IMG_9477-150x150.jpg?resize=700%2C400&ssl=1 2x"},"classes":[]},{"id":1557,"url":"https:\/\/portoalegre.wordcamp.org\/2017\/depoimentos\/","url_meta":{"origin":102,"position":4},"title":"Depoimentos","author":"Gustavo Tagliassuchi","date":"26 de maio de 2017","format":false,"excerpt":"Confira os depoimentos do nosso organizador master Marco Andrei Kichalowsky https:\/\/youtu.be\/cqRjQvGSfQ4 Confira todos os depoimentos no canal do WordCamp Porto Alegre no YouTube!","rel":"","context":"Post similar","block_context":{"text":"Post similar","link":""},"img":{"alt_text":"","src":"https:\/\/i0.wp.com\/portoalegre.wordcamp.org\/2017\/files\/2017\/03\/cropped-wcpoa2017-favicon-1.png?resize=350%2C200&ssl=1","width":350,"height":200},"classes":[]},{"id":10,"url":"https:\/\/portoalegre.wordcamp.org\/2017\/patrocinadores\/","url_meta":{"origin":102,"position":5},"title":"Patrocinadores","author":"Marco Andrei Kichalowsky","date":"15 de fevereiro de 2017","format":false,"excerpt":"Agradecemos os entusiastas e as empresas que, com seu apoio, fizeram com que o WordCamp Porto Alegre 2017 fosse poss\u00edvel. Muito obrigado! Caso tenhas interesse em patrocinar nosso evento, baixa o \"Media Kit\" com as op\u00e7\u00f5es de patroc\u00ednio clicando aqui.","rel":"","context":"Post similar","block_context":{"text":"Post similar","link":""},"img":{"alt_text":"","src":"https:\/\/i0.wp.com\/portoalegre.wordcamp.org\/2017\/files\/2017\/03\/cropped-wcpoa2017-favicon-1.png?resize=350%2C200&ssl=1","width":350,"height":200},"classes":[]}],"jetpack_likes_enabled":true,"_links":{"self":[{"href":"https:\/\/portoalegre.wordcamp.org\/2017\/wp-json\/wp\/v2\/pages\/102","targetHints":{"allow":["GET"]}}],"collection":[{"href":"https:\/\/portoalegre.wordcamp.org\/2017\/wp-json\/wp\/v2\/pages"}],"about":[{"href":"https:\/\/portoalegre.wordcamp.org\/2017\/wp-json\/wp\/v2\/types\/page"}],"author":[{"embeddable":true,"href":"https:\/\/portoalegre.wordcamp.org\/2017\/wp-json\/wp\/v2\/users\/3580050"}],"replies":[{"embeddable":true,"href":"https:\/\/portoalegre.wordcamp.org\/2017\/wp-json\/wp\/v2\/comments?post=102"}],"version-history":[{"count":10,"href":"https:\/\/portoalegre.wordcamp.org\/2017\/wp-json\/wp\/v2\/pages\/102\/revisions"}],"predecessor-version":[{"id":428,"href":"https:\/\/portoalegre.wordcamp.org\/2017\/wp-json\/wp\/v2\/pages\/102\/revisions\/428"}],"wp:attachment":[{"href":"https:\/\/portoalegre.wordcamp.org\/2017\/wp-json\/wp\/v2\/media?parent=102"}],"curies":[{"name":"wp","href":"https:\/\/api.w.org\/{rel}","templated":true}]}}