{"id":50,"date":"2015-01-13T22:32:14","date_gmt":"2015-01-13T22:32:14","guid":{"rendered":"https:\/\/2015.portoalegre.wordcamp.org\/?page_id=50"},"modified":"2015-07-26T17:27:28","modified_gmt":"2015-07-26T20:27:28","slug":"politica-de-privacidade","status":"publish","type":"page","link":"https:\/\/portoalegre.wordcamp.org\/2015\/sobre-o-evento\/politica-de-privacidade\/","title":{"rendered":"Pol\u00edtica de Privacidade"},"content":{"rendered":"<p>Informa\u00e7\u00f5es e dados pessoais fornecidos \u00e0 organiza\u00e7\u00e3o do WordCamp Porto Alegre 2015 \u2013 cuja veracidade e exatid\u00e3o s\u00e3o da total responsabilidade do inscrito \u2013 ser\u00e3o coletados e guardados em conformidade com padr\u00f5es r\u00edgidos de confidencialidade e de seguran\u00e7a, e utilizados para as seguintes finalidades:<\/p>\n<ul>\n<li>comunicar o inscrito a respeito de novos produtos, promo\u00e7\u00f5es, not\u00edcias relacionadas ao evento;<\/li>\n<li>manter atualizados os cadastros dos inscritos para fins de contato telef\u00f4nico, e-mail;<\/li>\n<li>elaborar estat\u00edsticas gerais, sem que haja identifica\u00e7\u00e3o dos inscritos;<\/li>\n<li>responder \u00e0s d\u00favidas e solicita\u00e7\u00f5es dos inscritos no evento.<\/li>\n<\/ul>\n<p>O acesso \u00e0s informa\u00e7\u00f5es recebidas \u00e9 restrito apenas aos integrantes da organiza\u00e7\u00e3o do WordCamp Porto Alegre 2015, autorizados para o uso adequado dessas informa\u00e7\u00f5es. Se o inscrito desejar que seu cadastro seja exclu\u00eddo, ele poder\u00e1 solicitar a exclus\u00e3o a qualquer momento, o que ser\u00e1 feito imediatamente. Feita tal exclus\u00e3o, seu cadastro ser\u00e1 desativado da base de dados do WordCamp Porto Alegre 2015.<\/p>\n<p>A organiza\u00e7\u00e3o do WordCamp Porto Alegre 2015 n\u00e3o vender\u00e1 ou alugar\u00e1 quaisquer dados pessoais dos usu\u00e1rios cadastrados a quaisquer terceiros.<\/p>\n","protected":false},"excerpt":{"rendered":"<p>Informa\u00e7\u00f5es e dados pessoais fornecidos \u00e0 organiza\u00e7\u00e3o do WordCamp Porto Alegre 2015 \u2013 cuja veracidade e exatid\u00e3o s\u00e3o da total responsabilidade do inscrito \u2013 ser\u00e3o coletados e guardados em conformidade com padr\u00f5es r\u00edgidos de confidencialidade e de seguran\u00e7a, e utilizados para as seguintes finalidades: comunicar o inscrito a respeito de novos produtos, promo\u00e7\u00f5es, not\u00edcias relacionadas &hellip; <a href=\"https:\/\/portoalegre.wordcamp.org\/2015\/sobre-o-evento\/politica-de-privacidade\/\" class=\"more-link\">Continuar lendo <span class=\"screen-reader-text\">Pol\u00edtica de Privacidade<\/span><\/a><\/p>\n","protected":false},"author":10247231,"featured_media":0,"parent":48,"menu_order":0,"comment_status":"closed","ping_status":"closed","template":"","meta":{"_crdt_document":"","jetpack_post_was_ever_published":false,"footnotes":""},"class_list":["post-50","page","type-page","status-publish","hentry"],"jetpack_sharing_enabled":false,"jetpack_shortlink":"https:\/\/wp.me\/P5rSox-O","_links":{"self":[{"href":"https:\/\/portoalegre.wordcamp.org\/2015\/wp-json\/wp\/v2\/pages\/50","targetHints":{"allow":["GET"]}}],"collection":[{"href":"https:\/\/portoalegre.wordcamp.org\/2015\/wp-json\/wp\/v2\/pages"}],"about":[{"href":"https:\/\/portoalegre.wordcamp.org\/2015\/wp-json\/wp\/v2\/types\/page"}],"author":[{"embeddable":true,"href":"https:\/\/portoalegre.wordcamp.org\/2015\/wp-json\/wp\/v2\/users\/10247231"}],"replies":[{"embeddable":true,"href":"https:\/\/portoalegre.wordcamp.org\/2015\/wp-json\/wp\/v2\/comments?post=50"}],"version-history":[{"count":3,"href":"https:\/\/portoalegre.wordcamp.org\/2015\/wp-json\/wp\/v2\/pages\/50\/revisions"}],"predecessor-version":[{"id":138,"href":"https:\/\/portoalegre.wordcamp.org\/2015\/wp-json\/wp\/v2\/pages\/50\/revisions\/138"}],"up":[{"embeddable":true,"href":"https:\/\/portoalegre.wordcamp.org\/2015\/wp-json\/wp\/v2\/pages\/48"}],"wp:attachment":[{"href":"https:\/\/portoalegre.wordcamp.org\/2015\/wp-json\/wp\/v2\/media?parent=50"}],"curies":[{"name":"wp","href":"https:\/\/api.w.org\/{rel}","templated":true}]}}