{"id":48,"date":"2015-01-13T22:31:05","date_gmt":"2015-01-13T22:31:05","guid":{"rendered":"https:\/\/2015.portoalegre.wordcamp.org\/?page_id=48"},"modified":"2015-10-27T04:35:46","modified_gmt":"2015-10-27T06:35:46","slug":"sobre-o-evento","status":"publish","type":"page","link":"https:\/\/portoalegre.wordcamp.org\/2015\/sobre-o-evento\/","title":{"rendered":"Sobre o evento"},"content":{"rendered":"<p>WordCamps s\u00e3o eventos oficiais do projeto open source <a href=\"https:\/\/wordpress.org\">WordPress<\/a>. Estes eventos s\u00e3o organizados pela comunidade e n\u00e3o visam lucro. <\/p>\n<p>Os organizadores e volunt\u00e1rios n\u00e3o s\u00e3o remunerados de forma alguma.<\/p>\n<p>Todo os WordCamps seguem as regras da <a href=\"http:\/\/central.wordcamp.org\/\">WordCamp Central<\/a> e <a href=\"http:\/\/wordpressfoundation.org\/\">Funda\u00e7\u00e3o WordPress<\/a>.<\/p>\n<p>O WordCamp Porto Alegre acredita que nossa comunidade deve ser totalmente aberta para todos. Desta forma, estamos comprometidos a oferecer um ambiente amig\u00e1vel, seguro e acolhedor para todos, n\u00e3o importando o sexo, orienta\u00e7\u00e3o sexual, defici\u00eancias f\u00edsicas, etnicidade, religi\u00e3o, sistema operacional preferido, linguagem de programa\u00e7\u00e3o ou editor de texto. Leia mais sobre nosso <a href=\"https:\/\/2015.portoalegre.wordcamp.org\/sobre-o-evento\/codigo-de-conduta\/\">C\u00f3digo de Conduta<\/a>.<\/p>\n<p>Ao participar de um WordCamp fornecendo dados voc\u00ea est\u00e1 sujeito a nossa <a href=\"https:\/\/2015.portoalegre.wordcamp.org\/sobre-o-evento\/politica-de-privacidade\/\">Pol\u00edtica de Privacidade<\/a>.<\/p>\n<p><a href=\"https:\/\/2015.portoalegre.wordcamp.org\/sobre-o-evento\/creditos\/\">Cr\u00e9ditos<\/a> para material gr\u00e1fico.<\/p>\n<h2>Organizadores:<\/h2>\n\t<div class=\"wcorg-organizers\">\n\n\t\t\n\t\t\t<div class=\"wcorg-organizer\">\n\t\t\t\t<h2>Pedro Vidal<\/h2>\n\t\t\t\t<div class=\"wcorg-organizer-description\">\n\t\t\t\t\t\t\t\t\t\t<img alt='' src='https:\/\/secure.gravatar.com\/avatar\/7a7772b9243c523022b2ec7726027c5b550a52f3ef9a1f111b1e96e186ecc00f?s=100&#038;d=mm&#038;r=g' srcset='https:\/\/secure.gravatar.com\/avatar\/7a7772b9243c523022b2ec7726027c5b550a52f3ef9a1f111b1e96e186ecc00f?s=200&#038;d=mm&#038;r=g 2x' class='avatar avatar-100 photo' height='100' width='100' \/>\t\t\t\t\t\t\t\t\t<\/div>\n\t\t\t<\/div>\n\n\t\t\n\t\t\t<div class=\"wcorg-organizer\">\n\t\t\t\t<h2>Eduardo Pittol<\/h2>\n\t\t\t\t<div class=\"wcorg-organizer-description\">\n\t\t\t\t\t\t\t\t\t\t<img alt='' src='https:\/\/secure.gravatar.com\/avatar\/ba5aff8185caefed493f8ab1807093635f26076b5785735eeb67cabb4ed8547d?s=100&#038;d=mm&#038;r=g' srcset='https:\/\/secure.gravatar.com\/avatar\/ba5aff8185caefed493f8ab1807093635f26076b5785735eeb67cabb4ed8547d?s=200&#038;d=mm&#038;r=g 2x' class='avatar avatar-100 photo' height='100' width='100' \/>\t\t\t\t\t\t\t\t\t<\/div>\n\t\t\t<\/div>\n\n\t\t\n\t\t\t<div class=\"wcorg-organizer\">\n\t\t\t\t<h2>Thiago Sartorelli<\/h2>\n\t\t\t\t<div class=\"wcorg-organizer-description\">\n\t\t\t\t\t\t\t\t\t\t<img alt='' src='https:\/\/secure.gravatar.com\/avatar\/03c1e9d95c098da0397e549c9072cb6db222cce9bf8a15f9765f9b0c5d27e7ef?s=100&#038;d=mm&#038;r=g' srcset='https:\/\/secure.gravatar.com\/avatar\/03c1e9d95c098da0397e549c9072cb6db222cce9bf8a15f9765f9b0c5d27e7ef?s=200&#038;d=mm&#038;r=g 2x' class='avatar avatar-100 photo' height='100' width='100' \/>\t\t\t\t\t\t\t\t\t<\/div>\n\t\t\t<\/div>\n\n\t\t\n\t\t\t<div class=\"wcorg-organizer\">\n\t\t\t\t<h2>Rafael Ehlers<\/h2>\n\t\t\t\t<div class=\"wcorg-organizer-description\">\n\t\t\t\t\t\t\t\t\t\t<img alt='' src='https:\/\/secure.gravatar.com\/avatar\/4b84726cd68dd569b3e481784a27d7e1951b45d281738e636516475a1a300e1c?s=100&#038;d=mm&#038;r=g' srcset='https:\/\/secure.gravatar.com\/avatar\/4b84726cd68dd569b3e481784a27d7e1951b45d281738e636516475a1a300e1c?s=200&#038;d=mm&#038;r=g 2x' class='avatar avatar-100 photo' height='100' width='100' \/>\t\t\t\t\t\t\t\t\t<\/div>\n\t\t\t<\/div>\n\n\t\t\n\t<\/div><!-- .wcorg-organizers -->\n\t\n","protected":false},"excerpt":{"rendered":"<p>WordCamps s\u00e3o eventos oficiais do projeto open source WordPress. Estes eventos s\u00e3o organizados pela comunidade e n\u00e3o visam lucro. Os organizadores e volunt\u00e1rios n\u00e3o s\u00e3o remunerados de forma alguma. Todo os WordCamps seguem as regras da WordCamp Central e Funda\u00e7\u00e3o WordPress. O WordCamp Porto Alegre acredita que nossa comunidade deve ser totalmente aberta para todos. &hellip; <a href=\"https:\/\/portoalegre.wordcamp.org\/2015\/organizer\/rafael-ehlers\/\" class=\"more-link\">Continuar lendo <span class=\"screen-reader-text\">Rafael Ehlers<\/span><\/a><\/p>\n","protected":false},"author":10247231,"featured_media":0,"parent":0,"menu_order":0,"comment_status":"closed","ping_status":"closed","template":"","meta":{"_crdt_document":"","jetpack_post_was_ever_published":false,"footnotes":""},"class_list":["post-48","page","type-page","status-publish","hentry"],"jetpack_sharing_enabled":false,"jetpack_shortlink":"https:\/\/wp.me\/P5rSox-M","_links":{"self":[{"href":"https:\/\/portoalegre.wordcamp.org\/2015\/wp-json\/wp\/v2\/pages\/48","targetHints":{"allow":["GET"]}}],"collection":[{"href":"https:\/\/portoalegre.wordcamp.org\/2015\/wp-json\/wp\/v2\/pages"}],"about":[{"href":"https:\/\/portoalegre.wordcamp.org\/2015\/wp-json\/wp\/v2\/types\/page"}],"author":[{"embeddable":true,"href":"https:\/\/portoalegre.wordcamp.org\/2015\/wp-json\/wp\/v2\/users\/10247231"}],"replies":[{"embeddable":true,"href":"https:\/\/portoalegre.wordcamp.org\/2015\/wp-json\/wp\/v2\/comments?post=48"}],"version-history":[{"count":10,"href":"https:\/\/portoalegre.wordcamp.org\/2015\/wp-json\/wp\/v2\/pages\/48\/revisions"}],"predecessor-version":[{"id":647,"href":"https:\/\/portoalegre.wordcamp.org\/2015\/wp-json\/wp\/v2\/pages\/48\/revisions\/647"}],"wp:attachment":[{"href":"https:\/\/portoalegre.wordcamp.org\/2015\/wp-json\/wp\/v2\/media?parent=48"}],"curies":[{"name":"wp","href":"https:\/\/api.w.org\/{rel}","templated":true}]}}