{"id":208,"date":"2015-07-27T12:21:36","date_gmt":"2015-07-27T15:21:36","guid":{"rendered":"https:\/\/2015.portoalegre.wordcamp.org\/?page_id=208"},"modified":"2015-10-27T22:41:39","modified_gmt":"2015-10-28T00:41:39","slug":"inscricoes","status":"publish","type":"page","link":"https:\/\/portoalegre.wordcamp.org\/2015\/inscricoes\/","title":{"rendered":"Inscri\u00e7\u00f5es"},"content":{"rendered":"<p>As inscri\u00e7\u00f5es est\u00e3o encerradas!<\/p>\n","protected":false},"excerpt":{"rendered":"<p>As inscri\u00e7\u00f5es est\u00e3o encerradas!<\/p>\n","protected":false},"author":7234016,"featured_media":0,"parent":0,"menu_order":0,"comment_status":"closed","ping_status":"closed","template":"","meta":{"_crdt_document":"","jetpack_post_was_ever_published":false,"footnotes":""},"class_list":["post-208","page","type-page","status-publish","hentry"],"jetpack_sharing_enabled":false,"jetpack_shortlink":"https:\/\/wp.me\/P5rSox-3m","_links":{"self":[{"href":"https:\/\/portoalegre.wordcamp.org\/2015\/wp-json\/wp\/v2\/pages\/208","targetHints":{"allow":["GET"]}}],"collection":[{"href":"https:\/\/portoalegre.wordcamp.org\/2015\/wp-json\/wp\/v2\/pages"}],"about":[{"href":"https:\/\/portoalegre.wordcamp.org\/2015\/wp-json\/wp\/v2\/types\/page"}],"author":[{"embeddable":true,"href":"https:\/\/portoalegre.wordcamp.org\/2015\/wp-json\/wp\/v2\/users\/7234016"}],"replies":[{"embeddable":true,"href":"https:\/\/portoalegre.wordcamp.org\/2015\/wp-json\/wp\/v2\/comments?post=208"}],"version-history":[{"count":9,"href":"https:\/\/portoalegre.wordcamp.org\/2015\/wp-json\/wp\/v2\/pages\/208\/revisions"}],"predecessor-version":[{"id":654,"href":"https:\/\/portoalegre.wordcamp.org\/2015\/wp-json\/wp\/v2\/pages\/208\/revisions\/654"}],"wp:attachment":[{"href":"https:\/\/portoalegre.wordcamp.org\/2015\/wp-json\/wp\/v2\/media?parent=208"}],"curies":[{"name":"wp","href":"https:\/\/api.w.org\/{rel}","templated":true}]}}