{"id":177,"date":"2015-07-26T18:10:36","date_gmt":"2015-07-26T21:10:36","guid":{"rendered":"https:\/\/2015.portoalegre.wordcamp.org\/?page_id=177"},"modified":"2016-03-27T20:38:22","modified_gmt":"2016-03-27T23:38:22","slug":"programacao","status":"publish","type":"page","link":"https:\/\/portoalegre.wordcamp.org\/2015\/programacao\/","title":{"rendered":"Programa\u00e7\u00e3o"},"content":{"rendered":"<p>Confira abaixo nossa grade de hor\u00e1rios, palestras e palestrantes:<\/p>\n<table id=\"grade\">\n<tbody>\n<tr>\n<th width=\"15%\">Hor\u00e1rio<\/th>\n<th>Descri\u00e7\u00e3o<\/th>\n<th width=\"35%\">Quem<\/th>\n<\/tr>\n<tr>\n<td>08:00<\/td>\n<td colspan=\"2\">\n<div>Credenciamento<\/div>\n<\/td>\n<\/tr>\n<tr>\n<td>08:30<\/td>\n<td colspan=\"2\">\n<div>Coffee Break<\/div>\n<\/td>\n<\/tr>\n<tr>\n<td>09:00<\/td>\n<td colspan=\"2\">\n<div>Abertura<\/div>\n<\/td>\n<\/tr>\n<tr>\n<td>09:30<\/td>\n<td><a href=\"https:\/\/2015.portoalegre.wordcamp.org\/session\/estabelecendo-se-como-freelancer-relacione-se-com-o-mundo-trabalhando-de-casa\/\">Estabelecendo-se como freelancer: relacione-se com o mundo trabalhando de casa.<\/a>\u00a0<em><a href=\"https:\/\/2015.portoalegre.wordcamp.org\/files\/2016\/03\/bruna-filippozzi.pdf\">slides<\/a><\/em><\/td>\n<td><a href=\"https:\/\/2015.portoalegre.wordcamp.org\/speaker\/bruna-filippozzi\/\">Bruna Filippozzi<\/a><\/td>\n<\/tr>\n<tr>\n<td>10:00<\/td>\n<td><a href=\"https:\/\/2015.portoalegre.wordcamp.org\/session\/php7-esta-chegando-o-que-voce-precisa-saber\/\">PHP7 est\u00e1 chegando! O que voc\u00ea precisa saber.<\/a>\u00a0<em><a href=\"https:\/\/2015.portoalegre.wordcamp.org\/files\/2016\/03\/er-galvao.pdf\">slides<\/a><\/em><\/td>\n<td><a href=\"https:\/\/2015.portoalegre.wordcamp.org\/speaker\/er-galvao-abbott\/\">Er Galv\u00e3o Abbott<\/a><\/td>\n<\/tr>\n<tr>\n<td>10:30<\/td>\n<td><a href=\"https:\/\/2015.portoalegre.wordcamp.org\/session\/wp-cli-para-iniciantes\/\">WP-CLI para iniciantes<\/a>. <em><a href=\"https:\/\/2015.portoalegre.wordcamp.org\/files\/2016\/03\/marcos-schratzenstaller.pdf\">slides<\/a><\/em><\/td>\n<td><a href=\"https:\/\/2015.portoalegre.wordcamp.org\/speaker\/marcos-schratzenstaller\/\">Marcos Schratzenstaller<\/a><\/td>\n<\/tr>\n<tr>\n<td>11:00<\/td>\n<td><a href=\"https:\/\/2015.portoalegre.wordcamp.org\/session\/melhorando-o-desempenho-do-seu-wordpress\/\">Melhorando o desempenho do seu WordPress<\/a>. <em><a href=\"https:\/\/2015.portoalegre.wordcamp.org\/files\/2016\/03\/tiago-hillebrandt.pdf\">slides<\/a><\/em><\/td>\n<td><a href=\"https:\/\/2015.portoalegre.wordcamp.org\/speaker\/tiago-hillebrandt\/\">Tiago Hillebrandt<\/a><\/td>\n<\/tr>\n<tr>\n<td>11:30<\/td>\n<td><a href=\"https:\/\/2015.portoalegre.wordcamp.org\/session\/filters-hooks-e-actions\/\">Filters, Hooks e Actions<\/a><\/td>\n<td><a href=\"https:\/\/2015.portoalegre.wordcamp.org\/speaker\/jackson-mafra\/\">Jackson Mafra<\/a><\/td>\n<\/tr>\n<tr>\n<td>12:00<\/td>\n<td colspan=\"2\">\n<div>Almo\u00e7o<\/div>\n<\/td>\n<\/tr>\n<tr>\n<td>12:30<\/td>\n<td colspan=\"2\">\n<div>Almo\u00e7o<\/div>\n<\/td>\n<\/tr>\n<tr>\n<td>13:00<\/td>\n<td colspan=\"2\">\n<div>Almo\u00e7o<\/div>\n<\/td>\n<\/tr>\n<tr>\n<td>13:30<\/td>\n<td><a href=\"https:\/\/2015.portoalegre.wordcamp.org\/session\/acelerando-o-wordpress\/\">Acelerando o WordPress<\/a>. <em><a href=\"https:\/\/2015.portoalegre.wordcamp.org\/files\/2016\/03\/filipe-cifali.pdf\">slides<\/a><\/em><\/td>\n<td><a href=\"https:\/\/2015.portoalegre.wordcamp.org\/speaker\/filipe-cifali\/\">Filipe Cifali<\/a><\/td>\n<\/tr>\n<tr>\n<td>14:00<\/td>\n<td><a href=\"https:\/\/2015.portoalegre.wordcamp.org\/session\/wordpress-security-analise-de-ameacas-prevencao\/\">WordPress Security: An\u00e1lise de Amea\u00e7as &amp; Preven\u00e7\u00e3o<\/a>. <em><a href=\"https:\/\/2015.portoalegre.wordcamp.org\/files\/2016\/03\/rodrigo-escobar.pdf\">slides<\/a><\/em><\/td>\n<td><a href=\"https:\/\/2015.portoalegre.wordcamp.org\/speaker\/rodrigo-escobar\/\">Rodrigo Escobar<\/a><\/td>\n<\/tr>\n<tr>\n<td>14:30<\/td>\n<td><a href=\"https:\/\/2015.portoalegre.wordcamp.org\/session\/10-coisas-que-voce-deve-fazer-apos-criar-seu-blog-wordpress\/\">10 coisas que voc\u00ea deve fazer ap\u00f3s criar seu blog WordPress<\/a>.<\/td>\n<td><a href=\"https:\/\/2015.portoalegre.wordcamp.org\/speaker\/marco-andrei-kichalowsky\/\">Marco Andrei Kichalowsky<\/a><\/td>\n<\/tr>\n<tr>\n<td>15:00<\/td>\n<td><a href=\"https:\/\/2015.portoalegre.wordcamp.org\/session\/dont-touch-me-como-alterar-funcionalidades-de-um-plugin-sem-mexer-em-seu-codigo\/\">Don\u2019t touch me: como alterar funcionalidades de um plugin sem mexer em seu c\u00f3digo<\/a>. <em><a href=\"https:\/\/2015.portoalegre.wordcamp.org\/files\/2016\/03\/eduardo-pittol.pdf\">slides<\/a><\/em><\/td>\n<td><a href=\"https:\/\/2015.portoalegre.wordcamp.org\/speaker\/eduardo-pittol\/\">Eduardo Pittol<\/a><\/td>\n<\/tr>\n<tr>\n<td>15:30<\/td>\n<td colspan=\"2\">\n<div>Coffee Break<\/div>\n<\/td>\n<\/tr>\n<tr>\n<td>16:00<\/td>\n<td><a href=\"https:\/\/2015.portoalegre.wordcamp.org\/session\/cmon-baby-atraindo-usuarios-e-gerando-trafego\/\">C\u2019mon, Baby: atraindo usu\u00e1rios e gerando tr\u00e1fego<\/a><\/td>\n<td><a href=\"https:\/\/2015.portoalegre.wordcamp.org\/speaker\/ana-rauber\/\">Ana Rauber<\/a><\/td>\n<\/tr>\n<tr>\n<td>16:30<\/td>\n<td><a href=\"https:\/\/2015.portoalegre.wordcamp.org\/session\/seguranca-no-wordpress\/\">Seguran\u00e7a no WordPress<\/a>. <em><a href=\"https:\/\/2015.portoalegre.wordcamp.org\/files\/2016\/03\/walter-pereira.pdf\">slides<\/a><\/em><\/td>\n<td><a href=\"https:\/\/2015.portoalegre.wordcamp.org\/speaker\/walter-pereira\/\">Walter Pereira<\/a><\/td>\n<\/tr>\n<tr>\n<td>17:00<\/td>\n<td><a href=\"https:\/\/2015.portoalegre.wordcamp.org\/session\/consultas-sql-por-xml-rpc\/\">Consultas SQL por XML-RPC<\/a>. <em><a href=\"https:\/\/2015.portoalegre.wordcamp.org\/files\/2016\/03\/jose-antonio-rocha.pdf\">slides<\/a><\/em><\/td>\n<td><a href=\"https:\/\/2015.portoalegre.wordcamp.org\/speaker\/jose-antonio-meira-da-rocha\/\">Jos\u00e9 Antonio Meira da Rocha<\/a><\/td>\n<\/tr>\n<tr>\n<td>17:30<\/td>\n<td colspan=\"2\">\n<div>Encerramento<\/div>\n<\/td>\n<\/tr>\n<tr>\n<td>18:00<\/td>\n<td colspan=\"2\">\n<div>Entrega do local<\/div>\n<\/td>\n<\/tr>\n<\/tbody>\n<\/table>\n<p>*Faremos o poss\u00edvel para manter o cronograma acima, mas algumas palestras poder\u00e3o mudar de hor\u00e1rio at\u00e9 a data do evento.<\/p>\n","protected":false},"excerpt":{"rendered":"<p>Confira abaixo nossa grade de hor\u00e1rios, palestras e palestrantes: Hor\u00e1rio Descri\u00e7\u00e3o Quem 08:00 Credenciamento 08:30 Coffee Break 09:00 Abertura 09:30 Estabelecendo-se como freelancer: relacione-se com o mundo trabalhando de casa.\u00a0slides Bruna Filippozzi 10:00 PHP7 est\u00e1 chegando! O que voc\u00ea precisa saber.\u00a0slides Er Galv\u00e3o Abbott 10:30 WP-CLI para iniciantes. slides Marcos Schratzenstaller 11:00 Melhorando o desempenho &hellip; <a href=\"https:\/\/portoalegre.wordcamp.org\/2015\/programacao\/\" class=\"more-link\">Continuar lendo <span class=\"screen-reader-text\">Programa\u00e7\u00e3o<\/span><\/a><\/p>\n","protected":false},"author":7234016,"featured_media":0,"parent":0,"menu_order":0,"comment_status":"closed","ping_status":"closed","template":"","meta":{"jetpack_post_was_ever_published":false,"footnotes":""},"class_list":["post-177","page","type-page","status-publish","hentry"],"jetpack_sharing_enabled":false,"jetpack_shortlink":"https:\/\/wp.me\/P5rSox-2R","_links":{"self":[{"href":"https:\/\/portoalegre.wordcamp.org\/2015\/wp-json\/wp\/v2\/pages\/177","targetHints":{"allow":["GET"]}}],"collection":[{"href":"https:\/\/portoalegre.wordcamp.org\/2015\/wp-json\/wp\/v2\/pages"}],"about":[{"href":"https:\/\/portoalegre.wordcamp.org\/2015\/wp-json\/wp\/v2\/types\/page"}],"author":[{"embeddable":true,"href":"https:\/\/portoalegre.wordcamp.org\/2015\/wp-json\/wp\/v2\/users\/7234016"}],"replies":[{"embeddable":true,"href":"https:\/\/portoalegre.wordcamp.org\/2015\/wp-json\/wp\/v2\/comments?post=177"}],"version-history":[{"count":43,"href":"https:\/\/portoalegre.wordcamp.org\/2015\/wp-json\/wp\/v2\/pages\/177\/revisions"}],"predecessor-version":[{"id":1189,"href":"https:\/\/portoalegre.wordcamp.org\/2015\/wp-json\/wp\/v2\/pages\/177\/revisions\/1189"}],"wp:attachment":[{"href":"https:\/\/portoalegre.wordcamp.org\/2015\/wp-json\/wp\/v2\/media?parent=177"}],"curies":[{"name":"wp","href":"https:\/\/api.w.org\/{rel}","templated":true}]}}