{"id":167,"date":"2015-07-26T17:56:55","date_gmt":"2015-07-26T20:56:55","guid":{"rendered":"https:\/\/2015.portoalegre.wordcamp.org\/?page_id=167"},"modified":"2015-07-26T18:13:35","modified_gmt":"2015-07-26T21:13:35","slug":"localizacao","status":"publish","type":"page","link":"https:\/\/portoalegre.wordcamp.org\/2015\/localizacao\/","title":{"rendered":"Localiza\u00e7\u00e3o"},"content":{"rendered":"<p>O evento ser\u00e1 realizado no <a href=\"http:\/\/noscoworking.com.br\/#localizacao\">N\u00f3s Coworking<\/a>:<\/p>\n<p>Av. Crist\u00f3v\u00e3o Colombo, 545<br \/>\nPr\u00e9dio 2 &#8211; 3\u00ba andar \u201cAudit\u00f3rio\/Lounge\u201d<br \/>\nDentro do <a href=\"http:\/\/www.shoppingtotal.com.br\/o_shopping_interna#ui-tabs-3\">Shopping Total<\/a><br \/>\nBairro Floresta | Porto Alegre<br \/>\nCEP: 90560-003<\/p>\n<p>Hor\u00e1rio do Evento: Das 08h \u00e0s 18h<\/p>\n<p><a href=\"https:\/\/2015.portoalegre.wordcamp.org\/files\/2015\/07\/localizacao.jpg\"><img loading=\"lazy\" decoding=\"async\" src=\"https:\/\/2015.portoalegre.wordcamp.org\/files\/2015\/07\/localizacao.jpg\" alt=\"localizacao\" width=\"1245\" height=\"729\" class=\"alignleft size-full wp-image-171\" srcset=\"https:\/\/portoalegre.wordcamp.org\/2015\/files\/2015\/07\/localizacao.jpg 1245w, https:\/\/portoalegre.wordcamp.org\/2015\/files\/2015\/07\/localizacao-300x176.jpg 300w, https:\/\/portoalegre.wordcamp.org\/2015\/files\/2015\/07\/localizacao-1024x600.jpg 1024w, https:\/\/portoalegre.wordcamp.org\/2015\/files\/2015\/07\/localizacao-500x293.jpg 500w\" sizes=\"auto, (max-width: 1245px) 100vw, 1245px\" \/><\/a><\/p>\n<div class=\"googlemaps\">\n\t\t\t\t<iframe loading=\"lazy\" width=\"600\" height=\"450\" frameborder=\"0\" scrolling=\"no\" marginheight=\"0\" marginwidth=\"0\"  src=\"https:\/\/www.google.com\/maps\/embed?pb=!1m18!1m12!1m3!1d3454.3772099257817!2d-51.211850900000044!3d-30.0260343!2m3!1f0!2f0!3f0!3m2!1i1024!2i768!4f13.1!3m3!1m2!1s0x951979a561211cef:0x523e58ce2e6fac7d!2sN\u00f3s%20Coworking!5e0!3m2!1spt-BR!2sus!4v1437945183234\"><\/iframe>\n\t\t\t<\/div>\n","protected":false},"excerpt":{"rendered":"<p>O evento ser\u00e1 realizado no N\u00f3s Coworking: Av. Crist\u00f3v\u00e3o Colombo, 545 Pr\u00e9dio 2 &#8211; 3\u00ba andar \u201cAudit\u00f3rio\/Lounge\u201d Dentro do Shopping Total Bairro Floresta | Porto Alegre CEP: 90560-003 Hor\u00e1rio do Evento: Das 08h \u00e0s 18h<\/p>\n","protected":false},"author":7234016,"featured_media":0,"parent":0,"menu_order":0,"comment_status":"closed","ping_status":"closed","template":"","meta":{"_crdt_document":"","jetpack_post_was_ever_published":false,"footnotes":""},"class_list":["post-167","page","type-page","status-publish","hentry"],"jetpack_sharing_enabled":false,"jetpack_shortlink":"https:\/\/wp.me\/P5rSox-2H","_links":{"self":[{"href":"https:\/\/portoalegre.wordcamp.org\/2015\/wp-json\/wp\/v2\/pages\/167","targetHints":{"allow":["GET"]}}],"collection":[{"href":"https:\/\/portoalegre.wordcamp.org\/2015\/wp-json\/wp\/v2\/pages"}],"about":[{"href":"https:\/\/portoalegre.wordcamp.org\/2015\/wp-json\/wp\/v2\/types\/page"}],"author":[{"embeddable":true,"href":"https:\/\/portoalegre.wordcamp.org\/2015\/wp-json\/wp\/v2\/users\/7234016"}],"replies":[{"embeddable":true,"href":"https:\/\/portoalegre.wordcamp.org\/2015\/wp-json\/wp\/v2\/comments?post=167"}],"version-history":[{"count":4,"href":"https:\/\/portoalegre.wordcamp.org\/2015\/wp-json\/wp\/v2\/pages\/167\/revisions"}],"predecessor-version":[{"id":180,"href":"https:\/\/portoalegre.wordcamp.org\/2015\/wp-json\/wp\/v2\/pages\/167\/revisions\/180"}],"wp:attachment":[{"href":"https:\/\/portoalegre.wordcamp.org\/2015\/wp-json\/wp\/v2\/media?parent=167"}],"curies":[{"name":"wp","href":"https:\/\/api.w.org\/{rel}","templated":true}]}}