{"id":162,"date":"2015-07-26T17:46:43","date_gmt":"2015-07-26T20:46:43","guid":{"rendered":"https:\/\/2015.portoalegre.wordcamp.org\/?page_id=162"},"modified":"2016-03-27T20:39:07","modified_gmt":"2016-03-27T23:39:07","slug":"front-page","status":"publish","type":"page","link":"https:\/\/portoalegre.wordcamp.org\/2015\/","title":{"rendered":"WordCamp Porto Alegre 2015"},"content":{"rendered":"<p>O evento foi realizado no dia 31 de Outubro (S\u00e1bado), das 08h \u00e0s 18h no <a href=\"http:\/\/noscoworking.com.br\/#localizacao\">N\u00f3s Coworking<\/a>, ali no <a href=\"http:\/\/www.shoppingtotal.com.br\/o_shopping_interna#ui-tabs-3\">Shopping Total<\/a>.<\/p>\n<p>Confira aqui como foi a <a href=\"https:\/\/2015.portoalegre.wordcamp.org\/programacao\/\">nossa programa\u00e7\u00e3o<\/a>\u00a0juntamente com os slides dos palestrantes.<\/p>\n<p>As fotos j\u00e1 est\u00e3o dispon\u00edveis neste link: <a href=\"https:\/\/2015.portoalegre.wordcamp.org\/fotos\/\">Fotos<\/a><\/p>\n<p>Os certificados est\u00e3o dispon\u00edveis <a href=\"http:\/\/rafaelehlers.com.br\/certificado\/\">neste link<\/a>.<\/p>\n<p>Obrigado a todos que participaram!<\/p>\n<figure id=\"attachment_1138\" aria-describedby=\"caption-attachment-1138\" style=\"width: 660px\" class=\"wp-caption aligncenter\"><a href=\"https:\/\/2015.portoalegre.wordcamp.org\/files\/2015\/11\/t_IMG_0444.jpg\"><img loading=\"lazy\" decoding=\"async\" class=\"size-large wp-image-1138\" src=\"https:\/\/2015.portoalegre.wordcamp.org\/files\/2015\/11\/t_IMG_0444-1024x682.jpg\" alt=\"A organiza\u00e7\u00e3o\" width=\"660\" height=\"440\" srcset=\"https:\/\/portoalegre.wordcamp.org\/2015\/files\/2015\/11\/t_IMG_0444.jpg 1024w, https:\/\/portoalegre.wordcamp.org\/2015\/files\/2015\/11\/t_IMG_0444-300x200.jpg 300w, https:\/\/portoalegre.wordcamp.org\/2015\/files\/2015\/11\/t_IMG_0444-450x300.jpg 450w\" sizes=\"auto, (max-width: 660px) 100vw, 660px\" \/><\/a><figcaption id=\"caption-attachment-1138\" class=\"wp-caption-text\">Comiss\u00e3o organizadora (da esquerda para a direita): Eduardo Pittol, Thiago Sartorelli, Pedro Vidal e Rafael Ehlers.<\/figcaption><\/figure>\n","protected":false},"excerpt":{"rendered":"<p>O evento foi realizado no dia 31 de Outubro (S\u00e1bado), das 08h \u00e0s 18h no N\u00f3s Coworking, ali no Shopping Total. Confira aqui como foi a nossa programa\u00e7\u00e3o\u00a0juntamente com os slides dos palestrantes. As fotos j\u00e1 est\u00e3o dispon\u00edveis neste link: Fotos Os certificados est\u00e3o dispon\u00edveis neste link. Obrigado a todos que participaram!<\/p>\n","protected":false},"author":7234016,"featured_media":0,"parent":0,"menu_order":0,"comment_status":"closed","ping_status":"closed","template":"","meta":{"jetpack_post_was_ever_published":false,"footnotes":""},"class_list":["post-162","page","type-page","status-publish","hentry"],"jetpack_sharing_enabled":false,"jetpack_shortlink":"https:\/\/wp.me\/P5rSox-2C","_links":{"self":[{"href":"https:\/\/portoalegre.wordcamp.org\/2015\/wp-json\/wp\/v2\/pages\/162","targetHints":{"allow":["GET"]}}],"collection":[{"href":"https:\/\/portoalegre.wordcamp.org\/2015\/wp-json\/wp\/v2\/pages"}],"about":[{"href":"https:\/\/portoalegre.wordcamp.org\/2015\/wp-json\/wp\/v2\/types\/page"}],"author":[{"embeddable":true,"href":"https:\/\/portoalegre.wordcamp.org\/2015\/wp-json\/wp\/v2\/users\/7234016"}],"replies":[{"embeddable":true,"href":"https:\/\/portoalegre.wordcamp.org\/2015\/wp-json\/wp\/v2\/comments?post=162"}],"version-history":[{"count":20,"href":"https:\/\/portoalegre.wordcamp.org\/2015\/wp-json\/wp\/v2\/pages\/162\/revisions"}],"predecessor-version":[{"id":1190,"href":"https:\/\/portoalegre.wordcamp.org\/2015\/wp-json\/wp\/v2\/pages\/162\/revisions\/1190"}],"wp:attachment":[{"href":"https:\/\/portoalegre.wordcamp.org\/2015\/wp-json\/wp\/v2\/media?parent=162"}],"curies":[{"name":"wp","href":"https:\/\/api.w.org\/{rel}","templated":true}]}}